{"id":7979,"date":"2019-04-09T15:03:04","date_gmt":"2019-04-09T15:03:04","guid":{"rendered":"https:\/\/www.bottene.it\/?page_id=7979"},"modified":"2019-04-09T15:03:23","modified_gmt":"2019-04-09T15:03:23","slug":"automacao","status":"publish","type":"page","link":"https:\/\/www.bottene.it\/pt-pt\/automacao\/","title":{"rendered":"Automa\u00e7\u00e3o"},"content":{"rendered":"\n<div  data-wk-scrollspy=\"{target:'> div > [data-wk-scrollspy-cls]', delay:300}\">\n\n\n    \n    <div class=\"wk-grid wk-text-left wk-flex-middle\" data-wk-grid-match data-wk-margin=\"{cls:'wk-margin-top'}\">\n\n        \n                <div class=\"wk-width-1-1 wk-invisible\"  data-wk-scrollspy-cls=\"wk-animation-slide-right wk-invisible\">\n            <div class=\"wk-panel wk-width-1-1\">\n\n                \n                                <h3 class=\"wk-h3\">\n\n                                            <a class=\"wk-link-reset\" href=\"https:\/\/www.bottene.it\/pt-pt\/pallets-automation-for-pallet-nailing-line\/\">PALLETS &#8211; Carregamento pregador para palete<\/a>\n                    \n                    \n                <\/h3>\n                \n                                <div class=\"wk-margin\"><p><iframe loading=\"lazy\" src=\"https:\/\/www.youtube.com\/embed\/8X9bDPXZeRU\" width=\"560\" height=\"315\" frameborder=\"0\" allowfullscreen=\"allowfullscreen\"><\/iframe><\/p>\n<\/div>\n                \n                \n                                <p><a class=\"wk-button\" href=\"https:\/\/www.bottene.it\/pt-pt\/pallets-automation-for-pallet-nailing-line\/\">LEIA MAIS<\/a><\/p>\n                \n            <\/div>\n        <\/div>\n        \n    <\/div>\n\n    <hr class=\"wk-grid-divider \">\n\n    \n    <div class=\"wk-grid wk-text-left wk-flex-middle\" data-wk-grid-match data-wk-margin=\"{cls:'wk-margin-top'}\">\n\n        \n                <div class=\"wk-width-1-1 wk-invisible\"  data-wk-scrollspy-cls=\"wk-animation-slide-left wk-invisible\">\n            <div class=\"wk-panel wk-width-1-1\">\n\n                \n                                <h3 class=\"wk-h3\">\n\n                                            <a class=\"wk-link-reset\" href=\"https:\/\/www.bottene.it\/pt-pt\/carico-chiodatrice-per-pallet-perimetrale\/\">CARREGAMENTO PREGADOR PARA PALETE PERIMETRAL<\/a>\n                    \n                    \n                <\/h3>\n                \n                                <div class=\"wk-margin\"><p><iframe loading=\"lazy\" title=\"BOTTENE AUTOMATION Loading on the second nailing machine\" width=\"500\" height=\"281\" src=\"https:\/\/www.youtube.com\/embed\/mJAHLGfr6VY?feature=oembed\" frameborder=\"0\" allow=\"accelerometer; autoplay; clipboard-write; encrypted-media; gyroscope; picture-in-picture; web-share\" referrerpolicy=\"strict-origin-when-cross-origin\" allowfullscreen><\/iframe><\/p>\n<p>Carregamento autom\u00e1tico das tabuas no segundo pregador para palete perimetral. Capacidade produtiva: 360 paletes\/hora<\/p>\n<p>&nbsp;<\/p>\n<\/div>\n                \n                \n                                <p><a class=\"wk-button\" href=\"https:\/\/www.bottene.it\/pt-pt\/carico-chiodatrice-per-pallet-perimetrale\/\">LEIA MAIS<\/a><\/p>\n                \n            <\/div>\n        <\/div>\n        \n    <\/div>\n\n    <hr class=\"wk-grid-divider \">\n\n    \n    <div class=\"wk-grid wk-text-left wk-flex-middle\" data-wk-grid-match data-wk-margin=\"{cls:'wk-margin-top'}\">\n\n        \n                <div class=\"wk-width-1-1 wk-invisible\"  data-wk-scrollspy-cls=\"wk-animation-slide-right wk-invisible\">\n            <div class=\"wk-panel wk-width-1-1\">\n\n                \n                                <h3 class=\"wk-h3\">\n\n                                            <a class=\"wk-link-reset\" href=\"https:\/\/www.bottene.it\/pt-pt\/carico-chiodatrice-per-pallets-epal\/\">CARREGAMENTO PREGADOR PARA PALETES EPAL<\/a>\n                    \n                    \n                <\/h3>\n                \n                                <div class=\"wk-margin\"><p><iframe loading=\"lazy\" src=\"https:\/\/www.youtube.com\/embed\/gyXozTrbiHI?rel=0\" width=\"560\" height=\"315\" frameborder=\"0\" allowfullscreen=\"allowfullscreen\"><\/iframe><\/p>\n<p>Carregamento autom\u00e1tico tabuas transversais e longitudinais sobre o 1\u00ba pregador de paletes Epal.<\/p>\n<p>Capacidade produtiva at\u00e9 360 paletes\/hora com n\u00ba 1 rob\u00f4.<\/p>\n<p>Capacidade produtiva at\u00e9 600 paletes\/hora com n\u00ba 2 rob\u00f4s<\/p>\n<\/div>\n                \n                \n                                <p><a class=\"wk-button\" href=\"https:\/\/www.bottene.it\/pt-pt\/carico-chiodatrice-per-pallets-epal\/\">LEIA MAIS<\/a><\/p>\n                \n            <\/div>\n        <\/div>\n        \n    <\/div>\n\n    <hr class=\"wk-grid-divider \">\n\n    \n    <div class=\"wk-grid wk-text-left wk-flex-middle\" data-wk-grid-match data-wk-margin=\"{cls:'wk-margin-top'}\">\n\n        \n                <div class=\"wk-width-1-1 wk-invisible\"  data-wk-scrollspy-cls=\"wk-animation-slide-left wk-invisible\">\n            <div class=\"wk-panel wk-width-1-1\">\n\n                \n                                <h3 class=\"wk-h3\">\n\n                                            <a class=\"wk-link-reset\" href=\"https:\/\/www.bottene.it\/pt-pt\/carregador-descarregador-para-moldureiras\/\">Carregador, descarregador para moldureiras<\/a>\n                    \n                    \n                <\/h3>\n                \n                                <div class=\"wk-margin\"><p><iframe loading=\"lazy\" title=\"BOTTENE ENGINEERING Loading unloading for moulder\" width=\"500\" height=\"281\" src=\"https:\/\/www.youtube.com\/embed\/iazNRwWoXcI?feature=oembed\" frameborder=\"0\" allow=\"accelerometer; autoplay; clipboard-write; encrypted-media; gyroscope; picture-in-picture; web-share\" referrerpolicy=\"strict-origin-when-cross-origin\" allowfullscreen><\/iframe><\/p>\n<\/div>\n                \n                \n                                <p><a class=\"wk-button\" href=\"https:\/\/www.bottene.it\/pt-pt\/carregador-descarregador-para-moldureiras\/\">LEIA MAIS<\/a><\/p>\n                \n            <\/div>\n        <\/div>\n        \n    <\/div>\n\n    <hr class=\"wk-grid-divider \">\n\n    \n    <div class=\"wk-grid wk-text-left wk-flex-middle\" data-wk-grid-match data-wk-margin=\"{cls:'wk-margin-top'}\">\n\n        \n                <div class=\"wk-width-1-1 wk-invisible\"  data-wk-scrollspy-cls=\"wk-animation-slide-right wk-invisible\">\n            <div class=\"wk-panel wk-width-1-1\">\n\n                \n                                <h3 class=\"wk-h3\">\n\n                                            <a class=\"wk-link-reset\" href=\"https:\/\/www.bottene.it\/pt-pt\/descarregador-de-paineis-de-mdf-da-multiserra\/\">Descarregador de pain\u00e9is de MDF da multiserra<\/a>\n                    \n                    \n                <\/h3>\n                \n                                <div class=\"wk-margin\"><p><iframe loading=\"lazy\" title=\"BOTTENE ENGINEERING Multi-rip saw Unloader for MDF panels\" width=\"500\" height=\"281\" src=\"https:\/\/www.youtube.com\/embed\/vxxrr14NgXc?start=19&#038;feature=oembed\" frameborder=\"0\" allow=\"accelerometer; autoplay; clipboard-write; encrypted-media; gyroscope; picture-in-picture; web-share\" referrerpolicy=\"strict-origin-when-cross-origin\" allowfullscreen><\/iframe><\/p>\n<p>Descarregador e empilhador de pain\u00e9is de MDF da multistrato.<\/p>\n<\/div>\n                \n                \n                                <p><a class=\"wk-button\" href=\"https:\/\/www.bottene.it\/pt-pt\/descarregador-de-paineis-de-mdf-da-multiserra\/\">LEIA MAIS<\/a><\/p>\n                \n            <\/div>\n        <\/div>\n        \n    <\/div>\n\n    <hr class=\"wk-grid-divider \">\n\n    \n    <div class=\"wk-grid wk-text-left wk-flex-middle\" data-wk-grid-match data-wk-margin=\"{cls:'wk-margin-top'}\">\n\n        \n                <div class=\"wk-width-1-1 wk-invisible\"  data-wk-scrollspy-cls=\"wk-animation-slide-left wk-invisible\">\n            <div class=\"wk-panel wk-width-1-1\">\n\n                \n                                <h3 class=\"wk-h3\">\n\n                                            <a class=\"wk-link-reset\" href=\"https:\/\/www.bottene.it\/pt-pt\/caricatore-per-tappi-pressati-a-3-vie\/\">CARREGADOR PARA TOCOS (P\u00c9S) PRENSADO COM 3 VIAS<\/a>\n                    \n                    \n                <\/h3>\n                \n                                <div class=\"wk-margin\"><p><iframe loading=\"lazy\" src=\"https:\/\/www.youtube.com\/embed\/p9NLFqJOP1Y?rel=0\" width=\"560\" height=\"315\" frameborder=\"0\" allowfullscreen=\"allowfullscreen\"><\/iframe><\/p>\n<p>CARREGADOR PARA TOCOS (P\u00c9S) PRENSADOS 3 VIAS<\/p>\n<p>Capacidade; 80 tocos\/minuto. Troca de pacote e recupera\u00e7\u00e3o do palete autom\u00e1tico. Recupera\u00e7\u00e3o do papel de separa\u00e7\u00e3o<\/p>\n<\/div>\n                \n                \n                                <p><a class=\"wk-button\" href=\"https:\/\/www.bottene.it\/pt-pt\/caricatore-per-tappi-pressati-a-3-vie\/\">LEIA MAIS<\/a><\/p>\n                \n            <\/div>\n        <\/div>\n        \n    <\/div>\n\n    \n\n<\/div>\n\n","protected":false},"excerpt":{"rendered":"","protected":false},"author":1,"featured_media":0,"parent":0,"menu_order":0,"comment_status":"closed","ping_status":"closed","template":"","meta":{"footnotes":"","_wp_rev_ctl_limit":""},"class_list":["post-7979","page","type-page","status-publish","hentry"],"_links":{"self":[{"href":"https:\/\/www.bottene.it\/pt-pt\/wp-json\/wp\/v2\/pages\/7979","targetHints":{"allow":["GET"]}}],"collection":[{"href":"https:\/\/www.bottene.it\/pt-pt\/wp-json\/wp\/v2\/pages"}],"about":[{"href":"https:\/\/www.bottene.it\/pt-pt\/wp-json\/wp\/v2\/types\/page"}],"author":[{"embeddable":true,"href":"https:\/\/www.bottene.it\/pt-pt\/wp-json\/wp\/v2\/users\/1"}],"replies":[{"embeddable":true,"href":"https:\/\/www.bottene.it\/pt-pt\/wp-json\/wp\/v2\/comments?post=7979"}],"version-history":[{"count":0,"href":"https:\/\/www.bottene.it\/pt-pt\/wp-json\/wp\/v2\/pages\/7979\/revisions"}],"wp:attachment":[{"href":"https:\/\/www.bottene.it\/pt-pt\/wp-json\/wp\/v2\/media?parent=7979"}],"curies":[{"name":"wp","href":"https:\/\/api.w.org\/{rel}","templated":true}]}}