{"id":3665,"date":"2017-03-24T15:20:55","date_gmt":"2017-03-24T15:20:55","guid":{"rendered":"https:\/\/www.bottene.it\/?page_id=3665\/"},"modified":"2019-03-22T09:13:51","modified_gmt":"2019-03-22T09:13:51","slug":"plainas-multiserra","status":"publish","type":"page","link":"https:\/\/www.bottene.it\/pt-pt\/plainas-multiserra\/","title":{"rendered":"Plainas \u2013 Multiserra"},"content":{"rendered":"\n<div  data-wk-scrollspy=\"{target:'> div > [data-wk-scrollspy-cls]', delay:300}\">\n\n\n    \n    <div class=\"wk-grid wk-text-left wk-flex-middle\" data-wk-grid-match data-wk-margin=\"{cls:'wk-margin-top'}\">\n\n        \n                <div class=\"wk-width-1-1 wk-invisible\"  data-wk-scrollspy-cls=\"wk-animation-slide-right wk-invisible\">\n            <div class=\"wk-panel wk-width-1-1\">\n\n                \n                                <h3 class=\"wk-h3\">\n\n                                            <a class=\"wk-link-reset\" href=\"https:\/\/www.bottene.it\/pt-pt\/multilame-a-lame-mobili-mondial\/\">Multiserra MONDIAL<\/a>\n                    \n                    \n                <\/h3>\n                \n                                <div class=\"wk-margin\"><p><a href=\"https:\/\/www.bottene.it\/wp-content\/uploads\/2018\/08\/Mondial_001.jpg-RITAGLIO.jpg\"><img loading=\"lazy\" decoding=\"async\" class=\"wp-image-5185 size-large alignnone\" src=\"https:\/\/www.bottene.it\/wp-content\/uploads\/2018\/08\/Mondial_001.jpg-RITAGLIO-1024x465.jpg\" alt=\"\" width=\"1024\" height=\"465\" srcset=\"https:\/\/www.bottene.it\/wp-content\/uploads\/2018\/08\/Mondial_001.jpg-RITAGLIO-1024x465.jpg 1024w, https:\/\/www.bottene.it\/wp-content\/uploads\/2018\/08\/Mondial_001.jpg-RITAGLIO-300x136.jpg 300w, https:\/\/www.bottene.it\/wp-content\/uploads\/2018\/08\/Mondial_001.jpg-RITAGLIO-400x182.jpg 400w, https:\/\/www.bottene.it\/wp-content\/uploads\/2018\/08\/Mondial_001.jpg-RITAGLIO.jpg 1694w\" sizes=\"(max-width: 1024px) 100vw, 1024px\" \/><\/a><\/p>\n<p>A multiserra MONDIAL \u00e9 a solu\u00e7\u00e3o ideal para a produ\u00e7\u00e3o de tabuas plainadas ou brutas quando se requer robustez e flexibilidade. Dotada de 1 serra fixa e 4 serras moveis automaticamente, permite a maxima otimiza\u00e7\u00e3o das tabuas e um notavel ganho sobre o descarte. O posicionamento das serras \u00e9 controlado por motores Brushless e o programa permite memorizar as combina\u00e7\u00f5es reintroduzidas em modo rapido e preciso pelo operador. Mondial \u00e9 dotada de serie com introdutor a rolos e cabine insonorizada e\u00a0 pode ser equipada com os nossos sistemas de carga e descarga automatica para a composi\u00e7\u00e3o de linhas automaticas.<\/p>\n<\/div>\n                \n                \n                                <p><a class=\"wk-button\" href=\"https:\/\/www.bottene.it\/pt-pt\/multilame-a-lame-mobili-mondial\/\">LEIA MAIS<\/a><\/p>\n                \n            <\/div>\n        <\/div>\n        \n    <\/div>\n\n    <hr class=\"wk-grid-divider \">\n\n    \n    <div class=\"wk-grid wk-text-left wk-flex-middle\" data-wk-grid-match data-wk-margin=\"{cls:'wk-margin-top'}\">\n\n        \n                <div class=\"wk-width-1-1 wk-invisible\"  data-wk-scrollspy-cls=\"wk-animation-slide-left wk-invisible\">\n            <div class=\"wk-panel wk-width-1-1\">\n\n                \n                                <h3 class=\"wk-h3\">\n\n                                            <a class=\"wk-link-reset\" href=\"https:\/\/www.bottene.it\/pt-pt\/repartidora-target-mod-602l-e-603hl\/\">Repartidora TARGET mod. 602L e 603HL<\/a>\n                    \n                    \n                <\/h3>\n                \n                                <div class=\"wk-margin\"><p><a href=\"https:\/\/www.bottene.it\/wp-content\/uploads\/2017\/12\/Imp_Target_603_HL_003.jpg\"><img loading=\"lazy\" decoding=\"async\" class=\"wp-image-4652 size-large alignnone\" src=\"https:\/\/www.bottene.it\/wp-content\/uploads\/2017\/12\/Imp_Target_603_HL_003-1024x699.jpg\" alt=\"\" width=\"1024\" height=\"699\" srcset=\"https:\/\/www.bottene.it\/wp-content\/uploads\/2017\/12\/Imp_Target_603_HL_003-1024x699.jpg 1024w, https:\/\/www.bottene.it\/wp-content\/uploads\/2017\/12\/Imp_Target_603_HL_003-300x205.jpg 300w, https:\/\/www.bottene.it\/wp-content\/uploads\/2017\/12\/Imp_Target_603_HL_003-400x273.jpg 400w, https:\/\/www.bottene.it\/wp-content\/uploads\/2017\/12\/Imp_Target_603_HL_003.jpg 1949w\" sizes=\"(max-width: 1024px) 100vw, 1024px\" \/><\/a><\/p>\n<p><strong>TARGET 602L e 603HL<\/strong><\/p>\n<p>TARGET 602L\u00a0com 2 eixos verticais e ajuste angular.<\/p>\n<\/div>\n                \n                \n                                <p><a class=\"wk-button\" href=\"https:\/\/www.bottene.it\/pt-pt\/repartidora-target-mod-602l-e-603hl\/\">LEIA MAIS<\/a><\/p>\n                \n            <\/div>\n        <\/div>\n        \n    <\/div>\n\n    <hr class=\"wk-grid-divider \">\n\n    \n    <div class=\"wk-grid wk-text-left wk-flex-middle\" data-wk-grid-match data-wk-margin=\"{cls:'wk-margin-top'}\">\n\n        \n                <div class=\"wk-width-1-1 wk-invisible\"  data-wk-scrollspy-cls=\"wk-animation-slide-right wk-invisible\">\n            <div class=\"wk-panel wk-width-1-1\">\n\n                \n                                <h3 class=\"wk-h3\">\n\n                                            <a class=\"wk-link-reset\" href=\"https:\/\/www.bottene.it\/pt-pt\/plaina-universal-300-500-700-1000-1500\/\">Plaina UNIVERSAL 300 500 700 1000 1500<\/a>\n                    \n                    \n                <\/h3>\n                \n                                <div class=\"wk-margin\"><p><a href=\"https:\/\/www.bottene.it\/wp-content\/uploads\/2017\/04\/2B3A5193.jpg\"><img loading=\"lazy\" decoding=\"async\" class=\"wp-image-3875\" src=\"https:\/\/www.bottene.it\/wp-content\/uploads\/2017\/04\/2B3A5193-1024x718.jpg\" alt=\"\" width=\"1024\" height=\"718\" srcset=\"https:\/\/www.bottene.it\/wp-content\/uploads\/2017\/04\/2B3A5193-1024x718.jpg 1024w, https:\/\/www.bottene.it\/wp-content\/uploads\/2017\/04\/2B3A5193-300x210.jpg 300w, https:\/\/www.bottene.it\/wp-content\/uploads\/2017\/04\/2B3A5193-400x281.jpg 400w\" sizes=\"(max-width: 1024px) 100vw, 1024px\" \/><\/a><br \/>\nA plaina moldureira UNIVERSAL \u00a0\u00e9 utilizada para trabalhar elementos lamelares e vigas de grandes dimens\u00f5es. Maquina constru\u00edda em uma estrutura refor\u00e7ada que permite trabalhar com velocidades, at\u00e9 100 metros por minutos com a m\u00e1xima precis\u00e3o. A m\u00e1quina \u00e9 equipada com sistema de jointer para um acabamento de alta qualidade.<\/p>\n<\/div>\n                \n                \n                                <p><a class=\"wk-button\" href=\"https:\/\/www.bottene.it\/pt-pt\/plaina-universal-300-500-700-1000-1500\/\">LEIA MAIS<\/a><\/p>\n                \n            <\/div>\n        <\/div>\n        \n    <\/div>\n\n    <hr class=\"wk-grid-divider \">\n\n    \n    <div class=\"wk-grid wk-text-left wk-flex-middle\" data-wk-grid-match data-wk-margin=\"{cls:'wk-margin-top'}\">\n\n        \n                <div class=\"wk-width-1-1 wk-invisible\"  data-wk-scrollspy-cls=\"wk-animation-slide-left wk-invisible\">\n            <div class=\"wk-panel wk-width-1-1\">\n\n                \n                                <h3 class=\"wk-h3\">\n\n                                            <a class=\"wk-link-reset\" href=\"https:\/\/www.bottene.it\/pt-pt\/scorniciatrice-target-serie-350-600\/\">Moldureiras TARGET s\u00e8rie 350 \u2013 600<\/a>\n                    \n                    \n                <\/h3>\n                \n                                <div class=\"wk-margin\"><p><a href=\"https:\/\/www.bottene.it\/wp-content\/uploads\/2017\/03\/target_607_aperta.jpg\"><br \/>\n<img loading=\"lazy\" decoding=\"async\" class=\"wp-image-3692 size-large alignnone\" src=\"https:\/\/www.bottene.it\/wp-content\/uploads\/2017\/03\/target_607_aperta-1024x832.jpg\" alt=\"\" width=\"1024\" height=\"832\" srcset=\"https:\/\/www.bottene.it\/wp-content\/uploads\/2017\/03\/target_607_aperta-1024x832.jpg 1024w, https:\/\/www.bottene.it\/wp-content\/uploads\/2017\/03\/target_607_aperta-300x244.jpg 300w, https:\/\/www.bottene.it\/wp-content\/uploads\/2017\/03\/target_607_aperta-369x300.jpg 369w\" sizes=\"(max-width: 1024px) 100vw, 1024px\" \/><\/a><\/p>\n<p><strong>TARGET 350 &#8211; 600<\/strong><\/p>\n<p>Plaina, moldureira de 6 a 7 eixos. Velocidade de 35 a 60 mt\/1&#8242;.<\/p>\n<\/div>\n                \n                \n                                <p><a class=\"wk-button\" href=\"https:\/\/www.bottene.it\/pt-pt\/scorniciatrice-target-serie-350-600\/\">LEIA MAIS<\/a><\/p>\n                \n            <\/div>\n        <\/div>\n        \n    <\/div>\n\n    \n\n<\/div>\n\n","protected":false},"excerpt":{"rendered":"","protected":false},"author":1,"featured_media":0,"parent":0,"menu_order":0,"comment_status":"closed","ping_status":"closed","template":"","meta":{"footnotes":"","_wp_rev_ctl_limit":""},"class_list":["post-3665","page","type-page","status-publish","hentry"],"_links":{"self":[{"href":"https:\/\/www.bottene.it\/pt-pt\/wp-json\/wp\/v2\/pages\/3665","targetHints":{"allow":["GET"]}}],"collection":[{"href":"https:\/\/www.bottene.it\/pt-pt\/wp-json\/wp\/v2\/pages"}],"about":[{"href":"https:\/\/www.bottene.it\/pt-pt\/wp-json\/wp\/v2\/types\/page"}],"author":[{"embeddable":true,"href":"https:\/\/www.bottene.it\/pt-pt\/wp-json\/wp\/v2\/users\/1"}],"replies":[{"embeddable":true,"href":"https:\/\/www.bottene.it\/pt-pt\/wp-json\/wp\/v2\/comments?post=3665"}],"version-history":[{"count":0,"href":"https:\/\/www.bottene.it\/pt-pt\/wp-json\/wp\/v2\/pages\/3665\/revisions"}],"wp:attachment":[{"href":"https:\/\/www.bottene.it\/pt-pt\/wp-json\/wp\/v2\/media?parent=3665"}],"curies":[{"name":"wp","href":"https:\/\/api.w.org\/{rel}","templated":true}]}}