{"id":2142,"date":"2016-01-13T16:16:38","date_gmt":"2016-01-13T16:16:38","guid":{"rendered":"http:\/\/www.evisoletest.com\/bottene\/pt-pt\/?page_id=2142"},"modified":"2023-03-27T08:41:24","modified_gmt":"2023-03-27T08:41:24","slug":"mapa-do-site","status":"publish","type":"page","link":"https:\/\/www.bottene.it\/pt-pt\/mapa-do-site\/","title":{"rendered":"Mapa do site"},"content":{"rendered":"<div class=\"wsp-container\"><h2 class=\"wsp-pages-title\">Pages<\/h2>\n<ul class=\"wsp-pages-list\">\n<li class=\"page_item page-item-7207 page_item_has_children\"><a href=\"https:\/\/www.bottene.it\/pt-pt\/area-reservada\/\">\u00c1rea reservada<\/a>\n<ul class='children'>\n\t<li class=\"page_item page-item-7208\"><a href=\"https:\/\/www.bottene.it\/pt-pt\/area-reservada\/manuais\/\">Manuais<\/a><\/li>\n\t<li class=\"page_item page-item-7209\"><a href=\"https:\/\/www.bottene.it\/pt-pt\/area-reservada\/video\/\">V\u00eddeo<\/a><\/li>\n<\/ul>\n<\/li>\n<li class=\"page_item page-item-7979\"><a href=\"https:\/\/www.bottene.it\/pt-pt\/automacao\/\">Automa\u00e7\u00e3o<\/a><\/li>\n<li class=\"page_item page-item-10871\"><a href=\"https:\/\/www.bottene.it\/pt-pt\/company-info\/\">Company info<\/a><\/li>\n<li class=\"page_item page-item-2133\"><a href=\"https:\/\/www.bottene.it\/pt-pt\/contatos\/\">Contatos<\/a><\/li>\n<li class=\"page_item page-item-2125\"><a href=\"https:\/\/www.bottene.it\/pt-pt\/engenharia\/\">Engenharia<\/a><\/li>\n<li class=\"page_item page-item-2093 page_item_has_children\"><a href=\"https:\/\/www.bottene.it\/pt-pt\/finger-joint\/\">Finger joint<\/a>\n<ul class='children'>\n\t<li class=\"page_item page-item-2101\"><a href=\"https:\/\/www.bottene.it\/pt-pt\/finger-joint\/finger-joint-a-pacote-vertical\/\">Finger joint a pacote vertical<\/a><\/li>\n\t<li class=\"page_item page-item-2109\"><a href=\"https:\/\/www.bottene.it\/pt-pt\/finger-joint\/finger-joint-em-continuo-horizontal\/\">Finger joint em continuo horizontal<\/a><\/li>\n<\/ul>\n<\/li>\n<li class=\"page_item page-item-2332\"><a href=\"https:\/\/www.bottene.it\/pt-pt\/\">Home page<\/a><\/li>\n<li class=\"page_item page-item-2142\"><a href=\"https:\/\/www.bottene.it\/pt-pt\/mapa-do-site\/\">Mapa do site<\/a><\/li>\n<li class=\"page_item page-item-2060 page_item_has_children\"><a href=\"https:\/\/www.bottene.it\/pt-pt\/otimizadora-de-corte\/\">Otimizadora de corte &#8211; Scanner<\/a>\n<ul class='children'>\n\t<li class=\"page_item page-item-2068\"><a href=\"https:\/\/www.bottene.it\/pt-pt\/otimizadora-de-corte\/otimizadora-de-corte-continua\/\">Otimizadora de corte  continua<\/a><\/li>\n\t<li class=\"page_item page-item-2077\"><a href=\"https:\/\/www.bottene.it\/pt-pt\/otimizadora-de-corte\/otimizadora-de-corte-com-empurrador\/\">Otimizadora de corte com empurrador<\/a><\/li>\n\t<li class=\"page_item page-item-2085\"><a href=\"https:\/\/www.bottene.it\/pt-pt\/otimizadora-de-corte\/otimizadora-de-corte-para-serraria\/\">Otimizadora de corte para serraria<\/a><\/li>\n\t<li class=\"page_item page-item-2052\"><a href=\"https:\/\/www.bottene.it\/pt-pt\/otimizadora-de-corte\/otimizadora-de-corte-semiautomatica\/\">otimizadora de corte semiautomatica<\/a><\/li>\n<\/ul>\n<\/li>\n<li class=\"page_item page-item-3665\"><a href=\"https:\/\/www.bottene.it\/pt-pt\/plainas-multiserra\/\">Plainas \u2013 Multiserra<\/a><\/li>\n<li class=\"page_item page-item-7203\"><a href=\"https:\/\/www.bottene.it\/pt-pt\/politica-de-privacidade\/\">Politica de privacidade<\/a><\/li>\n<li class=\"page_item page-item-8713\"><a href=\"https:\/\/www.bottene.it\/pt-pt\/quem-somos\/\">Quem somos<\/a><\/li>\n<li class=\"page_item page-item-2117\"><a href=\"https:\/\/www.bottene.it\/pt-pt\/sistemas-de-visao\/\">Sistemas de vis\u00e3o<\/a><\/li>\n<\/ul>\n<h2 class=\"wsp-posts-title\">Posts by category<\/h2>\n<ul class=\"wsp-posts-list\">\n\t<li><strong class=\"wsp-category-title\"><a href=\"https:\/\/www.bottene.it\/pt-pt\/category\/automacao\/\">Automa\u00e7\u00e3o<\/a><\/strong>\n<ul class=\"wsp-posts-list\">\t\t<li class=\"wsp-post\"><a href=\"https:\/\/www.bottene.it\/pt-pt\/pallets-automation-for-pallet-nailing-line\/\">PALLETS &#8211; Carregamento pregador para palete<\/a><\/li>\n\t\t<li class=\"wsp-post\"><a href=\"https:\/\/www.bottene.it\/pt-pt\/carico-chiodatrice-per-pallet-perimetrale\/\">CARREGAMENTO PREGADOR PARA PALETE PERIMETRAL<\/a><\/li>\n\t\t<li class=\"wsp-post\"><a href=\"https:\/\/www.bottene.it\/pt-pt\/carico-chiodatrice-per-pallets-epal\/\">CARREGAMENTO PREGADOR PARA PALETES EPAL<\/a><\/li>\n\t\t<li class=\"wsp-post\"><a href=\"https:\/\/www.bottene.it\/pt-pt\/carregador-descarregador-para-moldureiras\/\">Carregador, descarregador para moldureiras<\/a><\/li>\n\t\t<li class=\"wsp-post\"><a href=\"https:\/\/www.bottene.it\/pt-pt\/descarregador-de-paineis-de-mdf-da-multiserra\/\">Descarregador de pain\u00e9is de MDF da multiserra<\/a><\/li>\n\t\t<li class=\"wsp-post\"><a href=\"https:\/\/www.bottene.it\/pt-pt\/caricatore-per-tappi-pressati-a-3-vie\/\">CARREGADOR PARA TOCOS (P\u00c9S) PRENSADO COM 3 VIAS<\/a><\/li>\n<\/ul><\/li>\n\t<li><strong class=\"wsp-category-title\"><a href=\"https:\/\/www.bottene.it\/pt-pt\/category\/engenharia\/\">Engenharia<\/a><\/strong>\n<ul class=\"wsp-posts-list\">\t\t<li class=\"wsp-post\"><a href=\"https:\/\/www.bottene.it\/pt-pt\/linha-de-producao-de-lamelas-para-parquet\/\">Linha de produ\u00e7\u00e3o de lamelas para parquet<\/a><\/li>\n\t\t<li class=\"wsp-post\"><a href=\"https:\/\/www.bottene.it\/pt-pt\/linha-automatica-para-a-producao-de-casas-de-madeira\/\">Linha autom\u00e1tica para a produ\u00e7\u00e3o de casas de madeira.<\/a><\/li>\n\t\t<li class=\"wsp-post\"><a href=\"https:\/\/www.bottene.it\/pt-pt\/linha-de-selecao-de-tabuas\/\">Linha de sele\u00e7\u00e3o de tabuas<\/a><\/li>\n\t\t<li class=\"wsp-post\"><a href=\"https:\/\/www.bottene.it\/pt-pt\/carichi-automatici-chiodatrici-per-pallets\/\">Carregamento automatico pregador para paletes<\/a><\/li>\n\t\t<li class=\"wsp-post\"><a href=\"https:\/\/www.bottene.it\/pt-pt\/impianto-di-troncatura-automatico-per-pallets-push-1200\/\">Sistema de corte automatico para paletes PUSH 1200<\/a><\/li>\n\t\t<li class=\"wsp-post\"><a href=\"https:\/\/www.bottene.it\/pt-pt\/impianto-di-troncatura-automatico-push-180-xl\/\">Sistema de corte para paletes PUSH 180XL<\/a><\/li>\n\t\t<li class=\"wsp-post\"><a href=\"https:\/\/www.bottene.it\/pt-pt\/impianto-legno-lamellare-per-travi-e-pareti\/\">SISTEMA MADEIRA LAMELAR PARA VIGAS E PAREDES<\/a><\/li>\n\t\t<li class=\"wsp-post\"><a href=\"https:\/\/www.bottene.it\/pt-pt\/boards-selection-line-for-pallets-production\/\">Linha de sele\u00e7\u00e3o de tabuas<\/a><\/li>\n\t\t<li class=\"wsp-post\"><a href=\"https:\/\/www.bottene.it\/pt-pt\/fabrica-automatica-para-a-producao-de-tabuas-emendadas\/\">Fabrica autom\u00e1tica para a produ\u00e7\u00e3o de tabuas emendadas.<\/a><\/li>\n\t\t<li class=\"wsp-post\"><a href=\"https:\/\/www.bottene.it\/pt-pt\/sistema-de-preparacao-e-carregamento-automatico-para-a-finger-joint-heron-hs\/\">Sistema de prepara\u00e7\u00e3o e carregamento autom\u00e1tico para a finger joint HERON HS.<\/a><\/li>\n\t\t<li class=\"wsp-post\"><a href=\"https:\/\/www.bottene.it\/pt-pt\/equipamento-para-a-producao-de-molduras\/\">Equipamento para a produ\u00e7\u00e3o de molduras<\/a><\/li>\n\t\t<li class=\"wsp-post\"><a href=\"https:\/\/www.bottene.it\/pt-pt\/impianto-per-la-produzione-di-cornici\/\">Sistema para a produ\u00e7\u00e3p de molduras<\/a><\/li>\n\t\t<li class=\"wsp-post\"><a href=\"https:\/\/www.bottene.it\/pt-pt\/3035\/\">Sistema de carregamento parquet para lixadeira<\/a><\/li>\n\t\t<li class=\"wsp-post\"><a href=\"https:\/\/www.bottene.it\/pt-pt\/sistema-para-producao-de-vigas-lamelares\/\">Sistema para produ\u00e7\u00e3o de vigas lamelares<\/a><\/li>\n\t\t<li class=\"wsp-post\"><a href=\"https:\/\/www.bottene.it\/pt-pt\/sistema-de-otimizacao-de-corte-para-a-producao-de-molduras\/\">Sistema de otimiza\u00e7\u00e3o de corte para a produ\u00e7\u00e3o de molduras<\/a><\/li>\n<\/ul><\/li>\n\t<li><strong class=\"wsp-category-title\"><a href=\"https:\/\/www.bottene.it\/pt-pt\/category\/finger-joint\/\">Finger joint<\/a><\/strong>\n<ul class=\"wsp-posts-list\">\t\t<li class=\"wsp-post\"><a href=\"https:\/\/www.bottene.it\/pt-pt\/finger-jointer-compacta\/\">Finger Jointer COMPACTA<\/a><\/li>\n\t<li><strong class=\"wsp-category-title\"><a href=\"https:\/\/www.bottene.it\/pt-pt\/category\/finger-joint\/finger-joint-a-pacote-vertical\/\">Finger joint a pacote vertical<\/a><\/strong>\n<ul class=\"wsp-posts-list\">\t\t<li class=\"wsp-post\"><a href=\"https:\/\/www.bottene.it\/pt-pt\/finger-joint-heron\/\">Finger Joint HERON<\/a><\/li>\n\t\t<li class=\"wsp-post\"><a href=\"https:\/\/www.bottene.it\/pt-pt\/finger-joint-skyline\/\">Finger Joint SKYLINE<\/a><\/li>\n<\/ul><\/li>\n\t<li><strong class=\"wsp-category-title\"><a href=\"https:\/\/www.bottene.it\/pt-pt\/category\/finger-joint\/finger-joint-em-continuo-horizontal\/\">Finger joint em continuo horizontal<\/a><\/strong>\n<\/li>\n<\/ul><\/li>\n\t<li><strong class=\"wsp-category-title\"><a href=\"https:\/\/www.bottene.it\/pt-pt\/category\/novidades\/\">Novidades<\/a><\/strong>\n<ul class=\"wsp-posts-list\">\t\t<li class=\"wsp-post\"><a href=\"https:\/\/www.bottene.it\/pt-pt\/nova-planta-de-corte-entregue\/\">Nova planta de corte entregue<\/a><\/li>\n\t\t<li class=\"wsp-post\"><a href=\"https:\/\/www.bottene.it\/pt-pt\/piallatrice-universal-500\/\">PLAINA UNIVERSAL 500<\/a><\/li>\n\t\t<li class=\"wsp-post\"><a href=\"https:\/\/www.bottene.it\/pt-pt\/push-1200-linea-di-troncatura-per-pallet\/\">PUSH 1200 Linha de corte para paletes<\/a><\/li>\n\t\t<li class=\"wsp-post\"><a href=\"https:\/\/www.bottene.it\/pt-pt\/troncatrice-ottimizzatrice-push-250-max\/\">OTIMIZADORA DE CORTE PUSH 250 MAX<\/a><\/li>\n\t\t<li class=\"wsp-post\"><a href=\"https:\/\/www.bottene.it\/pt-pt\/troncatrice-rotante-push-250r\/\">OTIMIZADORA DE CORTE INCLINADO PUSH 250R<\/a><\/li>\n\t\t<li class=\"wsp-post\"><a href=\"https:\/\/www.bottene.it\/pt-pt\/opti-599-max\/\">OPTIMAX 600<\/a><\/li>\n\t\t<li class=\"wsp-post\"><a href=\"https:\/\/www.bottene.it\/pt-pt\/speedup-system\/\">SpeedUp System<br \/>Novo sistema de controle<\/a><\/li>\n\t\t<li class=\"wsp-post\"><a href=\"https:\/\/www.bottene.it\/pt-pt\/linea-di-troncatura-push-250-con-carico-e-scarico-automatici\/\">OTIMIZADORA PUSH 250 COM CARGA E DESCARGA AUTOM\u00c1TICA<\/a><\/li>\n\t\t<li class=\"wsp-post\"><a href=\"https:\/\/www.bottene.it\/pt-pt\/ligna-fair-2019-hannover-pt\/\">LIGNA FAIR 2019 HANNOVER, AN IMPORTANT SUCCESS!<\/a><\/li>\n\t\t<li class=\"wsp-post\"><a href=\"https:\/\/www.bottene.it\/pt-pt\/um-workshop-especial-em-liubliana\/\">Um workshop especial em Liubliana, a great opportunity for networking<\/a><\/li>\n<\/ul><\/li>\n\t<li><strong class=\"wsp-category-title\"><a href=\"https:\/\/www.bottene.it\/pt-pt\/category\/otimizadora-de-corte\/\">Otimizadora de corte - Scanner<\/a><\/strong>\n<ul class=\"wsp-posts-list\">\t\t<li class=\"wsp-post\"><a href=\"https:\/\/www.bottene.it\/pt-pt\/merlin-serie-qx\/\">Merlin QX<\/a><\/li>\n\t\t<li class=\"wsp-post\"><a href=\"https:\/\/www.bottene.it\/pt-pt\/otimizadora-de-corte-para-serraria-r700-r800-ro500\/\">Otimizadora de corte para serraria R700 R800 RO500<\/a><\/li>\n\t\t<li class=\"wsp-post\"><a href=\"https:\/\/www.bottene.it\/pt-pt\/otimizadoras-de-cortes-semiautomatica-r400-r500-r550\/\">Otimizadoras de cortes semiautom\u00e1tica R400 \u2013 R500 \u2013 R550<\/a><\/li>\n\t<li><strong class=\"wsp-category-title\"><a href=\"https:\/\/www.bottene.it\/pt-pt\/category\/otimizadora-de-corte\/otimizadora-de-corte-com-empurrador\/\">Otimizadora de corte com empurrador<\/a><\/strong>\n<ul class=\"wsp-posts-list\">\t\t<li class=\"wsp-post\"><a href=\"https:\/\/www.bottene.it\/pt-pt\/otimizadora-de-corte-push-100\/\">Otimizadora de corte PUSH 100<\/a><\/li>\n\t\t<li class=\"wsp-post\"><a href=\"https:\/\/www.bottene.it\/pt-pt\/otimizadora-de-corte-push-180\/\">Otimizadora de corte PUSH 250<\/a><\/li>\n\t\t<li class=\"wsp-post\"><a href=\"https:\/\/www.bottene.it\/pt-pt\/otimizadora-de-corte-inclinado-push-180r\/\">Otimizadora de corte Inclinado PUSH 250R<\/a><\/li>\n\t\t<li class=\"wsp-post\"><a href=\"https:\/\/www.bottene.it\/pt-pt\/otimizadora-a-pacote-push-1200\/\">Otimizadora a pacote PUSH 1200<\/a><\/li>\n<\/ul><\/li>\n\t<li><strong class=\"wsp-category-title\"><a href=\"https:\/\/www.bottene.it\/pt-pt\/category\/otimizadora-de-corte\/otimizadora-de-corte-continua\/\">Otimizadora de corte continua<\/a><\/strong>\n<ul class=\"wsp-posts-list\">\t\t<li class=\"wsp-post\"><a href=\"https:\/\/www.bottene.it\/pt-pt\/otimizadora-de-corte-opti-599\/\">Otimizadora de corte OPTI 599<\/a><\/li>\n\t\t<li class=\"wsp-post\"><a href=\"https:\/\/www.bottene.it\/pt-pt\/troncatrice-ottimizzatrice-optimax-600\/\">OTIMIZADORA DE CORTE OPTIMAX 600<\/a><\/li>\n<\/ul><\/li>\n\t<li><strong class=\"wsp-category-title\"><a href=\"https:\/\/www.bottene.it\/pt-pt\/category\/otimizadora-de-corte\/otimizadora-de-corte-para-serraria\/\">Otimizadora de corte para serraria<\/a><\/strong>\n<\/li>\n\t<li><strong class=\"wsp-category-title\"><a href=\"https:\/\/www.bottene.it\/pt-pt\/category\/otimizadora-de-corte\/otimizadora-de-corte-semiautomatica\/\">Otimizadora de corte semiautomatica<\/a><\/strong>\n<\/li>\n\t<li><strong class=\"wsp-category-title\"><a href=\"https:\/\/www.bottene.it\/pt-pt\/category\/otimizadora-de-corte\/scanner-alta-velocidade\/\">Scanner alta velocidade<\/a><\/strong>\n<\/li>\n<\/ul><\/li>\n\t<li><strong class=\"wsp-category-title\"><a href=\"https:\/\/www.bottene.it\/pt-pt\/category\/plainas-multiserra\/\">Plainas - Multiserra<\/a><\/strong>\n<ul class=\"wsp-posts-list\">\t\t<li class=\"wsp-post\"><a href=\"https:\/\/www.bottene.it\/pt-pt\/multilame-a-lame-mobili-mondial\/\">Multiserra MONDIAL<\/a><\/li>\n\t\t<li class=\"wsp-post\"><a href=\"https:\/\/www.bottene.it\/pt-pt\/repartidora-target-mod-602l-e-603hl\/\">Repartidora TARGET mod. 602L e 603HL<\/a><\/li>\n\t\t<li class=\"wsp-post\"><a href=\"https:\/\/www.bottene.it\/pt-pt\/plaina-universal-300-500-700-1000-1500\/\">Plaina UNIVERSAL 300 500 700 1000 1500<\/a><\/li>\n\t\t<li class=\"wsp-post\"><a href=\"https:\/\/www.bottene.it\/pt-pt\/scorniciatrice-target-serie-350-600\/\">Moldureiras TARGET s\u00e8rie 350 \u2013 600<\/a><\/li>\n<\/ul><\/li>\n\t<li><strong class=\"wsp-category-title\"><a href=\"https:\/\/www.bottene.it\/pt-pt\/category\/robots-pt-pt\/\">Robots<\/a><\/strong>\n<\/li>\n\t<li><strong class=\"wsp-category-title\"><a href=\"https:\/\/www.bottene.it\/pt-pt\/category\/sem-categoria\/\">Sem categoria<\/a><\/strong>\n<ul class=\"wsp-posts-list\">\t\t<li class=\"wsp-post\"><a href=\"https:\/\/www.bottene.it\/pt-pt\/sistema-de-corte-automatico-de-madeiras-para-paletes-push-180-xl\/\">Sistema de corte autom\u00e1tico de madeiras para paletes PUSH 180 XL<\/a><\/li>\n\t\t<li class=\"wsp-post\"><a href=\"https:\/\/www.bottene.it\/pt-pt\/carregador-de-paletes-no-pregador\/\">Carregador de paletes no pregador<\/a><\/li>\n\t\t<li class=\"wsp-post\"><a href=\"https:\/\/www.bottene.it\/pt-pt\/robots\/\">Paletizadores<\/a><\/li>\n\t\t<li class=\"wsp-post\"><a href=\"https:\/\/www.bottene.it\/pt-pt\/test\/\">test<\/a><\/li>\n\t\t<li class=\"wsp-post\"><a href=\"https:\/\/www.bottene.it\/pt-pt\/scanner-opti-scan-4\/\">Scanner OPTI SCAN 4<\/a><\/li>\n\t\t<li class=\"wsp-post\"><a href=\"https:\/\/www.bottene.it\/pt-pt\/scanner-para-paineis\/\">Scanner para paineis<\/a><\/li>\n<\/ul><\/li>\n\t<li><strong class=\"wsp-category-title\"><a href=\"https:\/\/www.bottene.it\/pt-pt\/category\/sistemas-de-visao\/\">Sistemas de vis\u00e3o<\/a><\/strong>\n<\/li>\n<\/ul>\n<\/div>\n","protected":false},"excerpt":{"rendered":"","protected":false},"author":1,"featured_media":0,"parent":0,"menu_order":0,"comment_status":"closed","ping_status":"closed","template":"","meta":{"footnotes":"","_wp_rev_ctl_limit":""},"class_list":["post-2142","page","type-page","status-publish","hentry"],"_links":{"self":[{"href":"https:\/\/www.bottene.it\/pt-pt\/wp-json\/wp\/v2\/pages\/2142","targetHints":{"allow":["GET"]}}],"collection":[{"href":"https:\/\/www.bottene.it\/pt-pt\/wp-json\/wp\/v2\/pages"}],"about":[{"href":"https:\/\/www.bottene.it\/pt-pt\/wp-json\/wp\/v2\/types\/page"}],"author":[{"embeddable":true,"href":"https:\/\/www.bottene.it\/pt-pt\/wp-json\/wp\/v2\/users\/1"}],"replies":[{"embeddable":true,"href":"https:\/\/www.bottene.it\/pt-pt\/wp-json\/wp\/v2\/comments?post=2142"}],"version-history":[{"count":1,"href":"https:\/\/www.bottene.it\/pt-pt\/wp-json\/wp\/v2\/pages\/2142\/revisions"}],"predecessor-version":[{"id":11028,"href":"https:\/\/www.bottene.it\/pt-pt\/wp-json\/wp\/v2\/pages\/2142\/revisions\/11028"}],"wp:attachment":[{"href":"https:\/\/www.bottene.it\/pt-pt\/wp-json\/wp\/v2\/media?parent=2142"}],"curies":[{"name":"wp","href":"https:\/\/api.w.org\/{rel}","templated":true}]}}