{"id":2133,"date":"2016-01-13T16:14:21","date_gmt":"2016-01-13T16:14:21","guid":{"rendered":"http:\/\/www.evisoletest.com\/bottene\/pt-pt\/?page_id=2133"},"modified":"2026-03-12T14:04:11","modified_gmt":"2026-03-12T14:04:11","slug":"contatos","status":"publish","type":"page","link":"https:\/\/www.bottene.it\/pt-pt\/contatos\/","title":{"rendered":"Contatos"},"content":{"rendered":"<div class=\"wk-grid\">\n<div class=\"wk-width-medium-1-2 wk-width-large-1-3\">\n<h3>INFORMA\u00c7\u00c3O DE CONTACTO<\/h3>\n<p><a style=\"margin-bottom:10px;\" class=\"uk-button uk-button-primary\" href=\"tel:+3904321596379\"><span uk-icon=\"icon: receiver\"><\/span> +39 0432 1596379<\/a><br \/>\n<a style=\"margin-bottom:10px;\" class=\"uk-button uk-button-primary\" href=\"mailto:bottene@bottene.it\"><span uk-icon=\"icon: mail\"><\/span> bottene@bottene.it<\/a><\/p>\n<\/div>\n<div class=\"wk-width-medium-1-2 wk-width-large-2-3\">\n<script type=\"widgetkit\/map\" data-id=\"wk-map69e2477a6a3ca\" data-class=\" wk-img-preserve\" data-style=\"width:auto;height:400px;\">\n    {\"width\":\"auto\",\"height\":\"400\",\"maptypeid\":\"roadmap\",\"maptypecontrol\":false,\"mapctrl\":true,\"zoom\":\"10\",\"marker\":\"2\",\"marker_icon\":\"\",\"markercluster\":false,\"popup_max_width\":\"300\",\"zoomwheel\":false,\"draggable\":true,\"directions\":false,\"disabledefaultui\":false,\"styler_invert_lightness\":false,\"styler_hue\":\"\",\"styler_saturation\":0,\"styler_lightness\":0,\"styler_gamma\":0,\"media\":true,\"image_width\":\"auto\",\"image_height\":\"auto\",\"media_align\":\"top\",\"media_width\":\"1-2\",\"media_breakpoint\":\"medium\",\"media_border\":\"none\",\"media_overlay\":\"icon\",\"overlay_animation\":\"fade\",\"media_animation\":\"scale\",\"title\":false,\"content\":true,\"social_buttons\":false,\"title_size\":\"h1\",\"text_align\":\"left\",\"link\":true,\"link_style\":\"button\",\"link_text\":\"Read more\",\"link_target\":false,\"class\":\"\",\"markers\":[{\"lat\":45.719574613738814150565303862094879150390625,\"lng\":11.4294589376396249491563139599747955799102783203125,\"icon\":\"\",\"title\":\"BOTTENE WOOD GROUP S.R.L.\",\"content\":\"\\n<div class=\\\"wk-text-left\\\">\\n\\n    \\n    \\n    \\n    \\n        <div class=\\\"wk-margin\\\"><h5>\\nBOTTENE WOOD GROUP S.R.L.<br \\\/>\\n<\\\/h5>\\n<p>Via G. Galilei, 46<br \\\/>\\n36010 Zan\\u00e8 (VI) Italy<\\\/p>\\n<\\\/div>\\n    \\n    \\n    \\n    \\n<\\\/div>\\n\"}],\"directionsText\":\"Get Directions\"}<\/script>\n<\/div>\n<\/div>\n<h3>PREENCHA O FORMUL\u00c1RIO PARA CADA PEDIDO<\/h3>\n\n<div class=\"wpcf7 no-js\" id=\"wpcf7-f2360-o1\" lang=\"pt-PT\" dir=\"ltr\" data-wpcf7-id=\"2360\">\n<div class=\"screen-reader-response\"><p role=\"status\" aria-live=\"polite\" aria-atomic=\"true\"><\/p> <ul><\/ul><\/div>\n<form action=\"\/pt-pt\/wp-json\/wp\/v2\/pages\/2133#wpcf7-f2360-o1\" method=\"post\" class=\"wpcf7-form init\" aria-label=\"Formul\u00e1rio de contacto\" novalidate=\"novalidate\" data-status=\"init\">\n<fieldset class=\"hidden-fields-container\"><input type=\"hidden\" name=\"_wpcf7\" value=\"2360\" \/><input type=\"hidden\" name=\"_wpcf7_version\" value=\"6.1.5\" \/><input type=\"hidden\" name=\"_wpcf7_locale\" value=\"pt_PT\" \/><input type=\"hidden\" name=\"_wpcf7_unit_tag\" value=\"wpcf7-f2360-o1\" \/><input type=\"hidden\" name=\"_wpcf7_container_post\" value=\"0\" \/><input type=\"hidden\" name=\"_wpcf7_posted_data_hash\" value=\"\" \/>\n<\/fieldset>\n<div class=\"uk-grid\">\n\t<div class=\"uk-width-medium-1-2 uk-width-large-1-2\">\n\t\t<p>O seu nome (obrigat\u00f3rio)\n\t\t<\/p>\n\t\t<p><span class=\"wpcf7-form-control-wrap\" data-name=\"your-name\"><input size=\"40\" maxlength=\"400\" class=\"wpcf7-form-control wpcf7-text wpcf7-validates-as-required\" aria-required=\"true\" aria-invalid=\"false\" value=\"\" type=\"text\" name=\"your-name\" \/><\/span>\n\t\t<\/p>\n\t\t<p>Nome da empresa (obrigat\u00f3rio)\n\t\t<\/p>\n\t\t<p><span class=\"wpcf7-form-control-wrap\" data-name=\"your-company\"><input size=\"40\" maxlength=\"400\" class=\"wpcf7-form-control wpcf7-text wpcf7-validates-as-required\" aria-required=\"true\" aria-invalid=\"false\" value=\"\" type=\"text\" name=\"your-company\" \/><\/span>\n\t\t<\/p>\n\t\t<p>O seu email (obrigat\u00f3rio)\n\t\t<\/p>\n\t\t<p><span class=\"wpcf7-form-control-wrap\" data-name=\"your-email\"><input size=\"40\" maxlength=\"400\" class=\"wpcf7-form-control wpcf7-email wpcf7-validates-as-required wpcf7-text wpcf7-validates-as-email\" aria-required=\"true\" aria-invalid=\"false\" value=\"\" type=\"email\" name=\"your-email\" \/><\/span>\n\t\t<\/p>\n\t\t<p>Na\u00e7\u00e3o (obrigat\u00f3rio)\n\t\t<\/p>\n\t\t<p><span class=\"wpcf7-form-control-wrap\" data-name=\"your-country\"><input size=\"40\" maxlength=\"400\" class=\"wpcf7-form-control wpcf7-text wpcf7-validates-as-required\" aria-required=\"true\" aria-invalid=\"false\" value=\"\" type=\"text\" name=\"your-country\" \/><\/span>\n\t\t<\/p>\n\t<\/div>\n\t<div class=\"uk-width-medium-1-2 uk-width-large-1-2\">\n\t\t<p>A sua mensagem\n\t\t<\/p>\n\t\t<p><span class=\"wpcf7-form-control-wrap\" data-name=\"your-message\"><textarea cols=\"40\" rows=\"10\" maxlength=\"2000\" class=\"wpcf7-form-control wpcf7-textarea\" aria-invalid=\"false\" name=\"your-message\"><\/textarea><\/span>\n\t\t<\/p>\n\t<\/div>\n<\/div>\n<p><span class=\"wpcf7-form-control-wrap\" data-name=\"acceptance-392\"><span class=\"wpcf7-form-control wpcf7-acceptance\"><span class=\"wpcf7-list-item\"><input type=\"checkbox\" name=\"acceptance-392\" value=\"1\" aria-invalid=\"false\" \/><\/span><\/span><\/span> Ao enviar este formul\u00e1rio, concordo com a privacidade e me comprometo a ler e aceitar todas as condi\u00e7\u00f5es estabelecidas na p\u00e1gina de <a href=\"?p=7203\">privacidade<\/a> deste site.\n<\/p>\n<div>\n\t<p>Verifique se n\u00e3o sou um rob\u00f4. <span class=\"wpcf7-form-control-wrap\" data-name=\"random-math-quiz-100\"><label><span class=\"wpcf7-quiz-label\">Quanto \u00e9 4+8? Insira o resultado para prosseguir...<\/span> <input size=\"40\" class=\"wpcf7-form-control wpcf7-quiz\" autocomplete=\"off\" aria-required=\"true\" aria-invalid=\"false\" type=\"text\" name=\"random-math-quiz-100\" \/><\/label><input type=\"hidden\" name=\"_wpcf7_quiz_answer_random-math-quiz-100\" value=\"89b84a093af5407ad02a4ce6b710a589\" \/><\/span>\n\t<\/p>\n<\/div>\n<p><input class=\"wpcf7-form-control wpcf7-submit has-spinner\" type=\"submit\" value=\"Enviar\" \/>\n<\/p><div class=\"wpcf7-response-output\" aria-hidden=\"true\"><\/div>\n<\/form>\n<\/div>\n\n","protected":false},"excerpt":{"rendered":"<p>INFORMA\u00c7\u00c3O DE CONTACTO +39 0432 1596379 bottene@bottene.it PREENCHA O FORMUL\u00c1RIO PARA CADA PEDIDO<\/p>\n","protected":false},"author":1,"featured_media":0,"parent":0,"menu_order":0,"comment_status":"closed","ping_status":"closed","template":"","meta":{"footnotes":"","_wp_rev_ctl_limit":""},"class_list":["post-2133","page","type-page","status-publish","hentry"],"_links":{"self":[{"href":"https:\/\/www.bottene.it\/pt-pt\/wp-json\/wp\/v2\/pages\/2133","targetHints":{"allow":["GET"]}}],"collection":[{"href":"https:\/\/www.bottene.it\/pt-pt\/wp-json\/wp\/v2\/pages"}],"about":[{"href":"https:\/\/www.bottene.it\/pt-pt\/wp-json\/wp\/v2\/types\/page"}],"author":[{"embeddable":true,"href":"https:\/\/www.bottene.it\/pt-pt\/wp-json\/wp\/v2\/users\/1"}],"replies":[{"embeddable":true,"href":"https:\/\/www.bottene.it\/pt-pt\/wp-json\/wp\/v2\/comments?post=2133"}],"version-history":[{"count":3,"href":"https:\/\/www.bottene.it\/pt-pt\/wp-json\/wp\/v2\/pages\/2133\/revisions"}],"predecessor-version":[{"id":11167,"href":"https:\/\/www.bottene.it\/pt-pt\/wp-json\/wp\/v2\/pages\/2133\/revisions\/11167"}],"wp:attachment":[{"href":"https:\/\/www.bottene.it\/pt-pt\/wp-json\/wp\/v2\/media?parent=2133"}],"curies":[{"name":"wp","href":"https:\/\/api.w.org\/{rel}","templated":true}]}}