{"id":2125,"date":"2016-01-13T16:12:31","date_gmt":"2016-01-13T16:12:31","guid":{"rendered":"http:\/\/www.evisoletest.com\/bottene\/pt-pt\/?page_id=2125"},"modified":"2016-01-14T14:35:57","modified_gmt":"2016-01-14T14:35:57","slug":"engenharia","status":"publish","type":"page","link":"https:\/\/www.bottene.it\/pt-pt\/engenharia\/","title":{"rendered":"Engenharia"},"content":{"rendered":"\n<div  data-wk-scrollspy=\"{target:'> div > [data-wk-scrollspy-cls]', delay:300}\">\n\n\n    \n    <div class=\"wk-grid wk-text-left wk-flex-middle\" data-wk-grid-match data-wk-margin=\"{cls:'wk-margin-top'}\">\n\n        \n                <div class=\"wk-width-1-1 wk-invisible\"  data-wk-scrollspy-cls=\"wk-animation-slide-right wk-invisible\">\n            <div class=\"wk-panel wk-width-1-1\">\n\n                \n                                <h3 class=\"wk-h3\">\n\n                                            <a class=\"wk-link-reset\" href=\"https:\/\/www.bottene.it\/pt-pt\/linha-de-producao-de-lamelas-para-parquet\/\">Linha de produ\u00e7\u00e3o de lamelas para parquet<\/a>\n                    \n                    \n                <\/h3>\n                \n                                <div class=\"wk-margin\"><p><iframe loading=\"lazy\" src=\"https:\/\/www.youtube.com\/embed\/67e7CfZa7dA\" width=\"560\" height=\"315\" frameborder=\"0\" allowfullscreen=\"allowfullscreen\" data-mce-fragment=\"1\"><\/iframe><\/p>\n<\/div>\n                \n                \n                                <p><a class=\"wk-button\" href=\"https:\/\/www.bottene.it\/pt-pt\/linha-de-producao-de-lamelas-para-parquet\/\">Leia mais<\/a><\/p>\n                \n            <\/div>\n        <\/div>\n        \n    <\/div>\n\n    <hr class=\"wk-grid-divider \">\n\n    \n    <div class=\"wk-grid wk-text-left wk-flex-middle\" data-wk-grid-match data-wk-margin=\"{cls:'wk-margin-top'}\">\n\n        \n                <div class=\"wk-width-1-1 wk-invisible\"  data-wk-scrollspy-cls=\"wk-animation-slide-left wk-invisible\">\n            <div class=\"wk-panel wk-width-1-1\">\n\n                \n                                <h3 class=\"wk-h3\">\n\n                                            <a class=\"wk-link-reset\" href=\"https:\/\/www.bottene.it\/pt-pt\/linha-automatica-para-a-producao-de-casas-de-madeira\/\">Linha autom\u00e1tica para a produ\u00e7\u00e3o de casas de madeira.<\/a>\n                    \n                    \n                <\/h3>\n                \n                                <div class=\"wk-margin\"><p><iframe loading=\"lazy\" src=\"https:\/\/www.youtube.com\/embed\/wfRpTpXrWKo\" width=\"560\" height=\"315\" frameborder=\"0\" allowfullscreen=\"allowfullscreen\"><\/iframe><\/p>\n<p>Linha autom\u00e1tica para a produ\u00e7\u00e3o de casas de madeira.<br \/>\nEsta\u00e7\u00e3o com controle equipado para detectar: peso, umidade, e sistema de scanner de vis\u00e3o OPTI SCAN 4 para a detec\u00e7\u00e3o de: n\u00f3s, curvatura, fibras e dimens\u00f5es garante a mais alta qualidade necess\u00e1ria para a produ\u00e7\u00e3o de pain\u00e9is XLAM-CLT.<\/p>\n<\/div>\n                \n                \n                                <p><a class=\"wk-button\" href=\"https:\/\/www.bottene.it\/pt-pt\/linha-automatica-para-a-producao-de-casas-de-madeira\/\">Leia mais<\/a><\/p>\n                \n            <\/div>\n        <\/div>\n        \n    <\/div>\n\n    <hr class=\"wk-grid-divider \">\n\n    \n    <div class=\"wk-grid wk-text-left wk-flex-middle\" data-wk-grid-match data-wk-margin=\"{cls:'wk-margin-top'}\">\n\n        \n                <div class=\"wk-width-1-1 wk-invisible\"  data-wk-scrollspy-cls=\"wk-animation-slide-right wk-invisible\">\n            <div class=\"wk-panel wk-width-1-1\">\n\n                \n                                <h3 class=\"wk-h3\">\n\n                                            <a class=\"wk-link-reset\" href=\"https:\/\/www.bottene.it\/pt-pt\/linha-de-selecao-de-tabuas\/\">Linha de sele\u00e7\u00e3o de tabuas<\/a>\n                    \n                    \n                <\/h3>\n                \n                                <div class=\"wk-margin\"><p><iframe loading=\"lazy\" src=\"https:\/\/www.youtube.com\/embed\/QjVFedqnsh4?rel=0\" width=\"560\" height=\"315\" frameborder=\"0\" allowfullscreen=\"allowfullscreen\" data-mce-fragment=\"1\"><\/iframe><\/p>\n<p>Linha de sele\u00e7\u00e3o de qualidade e dimens\u00e3o de tabuas com utiliza\u00e7\u00e3o do scanner\u00a0<a href=\"https:\/\/www.bottene.it\/pt-pt\/scanner-opti-scan-4\/\">OPTI \u00a0SCAN 4<\/a>.<\/p>\n<p>Capacidade de produ\u00e7\u00e3o: 60 tabuas \/minuto.<\/p>\n<p>&nbsp;<\/p>\n<\/div>\n                \n                \n                                <p><a class=\"wk-button\" href=\"https:\/\/www.bottene.it\/pt-pt\/linha-de-selecao-de-tabuas\/\">Leia mais<\/a><\/p>\n                \n            <\/div>\n        <\/div>\n        \n    <\/div>\n\n    <hr class=\"wk-grid-divider \">\n\n    \n    <div class=\"wk-grid wk-text-left wk-flex-middle\" data-wk-grid-match data-wk-margin=\"{cls:'wk-margin-top'}\">\n\n        \n                <div class=\"wk-width-1-1 wk-invisible\"  data-wk-scrollspy-cls=\"wk-animation-slide-left wk-invisible\">\n            <div class=\"wk-panel wk-width-1-1\">\n\n                \n                                <h3 class=\"wk-h3\">\n\n                                            <a class=\"wk-link-reset\" href=\"https:\/\/www.bottene.it\/pt-pt\/carichi-automatici-chiodatrici-per-pallets\/\">Carregamento automatico pregador para paletes<\/a>\n                    \n                    \n                <\/h3>\n                \n                                <div class=\"wk-margin\"><p><iframe loading=\"lazy\" src=\"https:\/\/www.youtube.com\/embed\/GMQmFoPTucY?rel=0\" width=\"560\" height=\"315\" frameborder=\"0\" allowfullscreen=\"allowfullscreen\"><\/iframe><\/p>\n<\/div>\n                \n                \n                                <p><a class=\"wk-button\" href=\"https:\/\/www.bottene.it\/pt-pt\/carichi-automatici-chiodatrici-per-pallets\/\">Leia mais<\/a><\/p>\n                \n            <\/div>\n        <\/div>\n        \n    <\/div>\n\n    <hr class=\"wk-grid-divider \">\n\n    \n    <div class=\"wk-grid wk-text-left wk-flex-middle\" data-wk-grid-match data-wk-margin=\"{cls:'wk-margin-top'}\">\n\n        \n                <div class=\"wk-width-1-1 wk-invisible\"  data-wk-scrollspy-cls=\"wk-animation-slide-right wk-invisible\">\n            <div class=\"wk-panel wk-width-1-1\">\n\n                \n                                <h3 class=\"wk-h3\">\n\n                                            <a class=\"wk-link-reset\" href=\"https:\/\/www.bottene.it\/pt-pt\/impianto-di-troncatura-automatico-per-pallets-push-1200\/\">Sistema de corte automatico para paletes PUSH 1200<\/a>\n                    \n                    \n                <\/h3>\n                \n                                <div class=\"wk-margin\"><p><iframe loading=\"lazy\" src=\"https:\/\/www.youtube.com\/embed\/jfImhMr0sAw?rel=0\" width=\"560\" height=\"315\" frameborder=\"0\" allowfullscreen=\"allowfullscreen\"><\/iframe><\/p>\n<p>Linha de corte completamente autom\u00e1tica de alta capacidade produtiva utiliza a otimizadora de corte de grande dimens\u00e3o\u00a0<a href=\"https:\/\/www.bottene.it\/push-1200\/\">PUSH 1200<\/a>\u00a0com uma capacidade de corte de 130x1200mm.<br \/>\nUtilizada principalmente por produtores \u00a0de paletes ou semi trabalhos para produ\u00e7\u00e3o de tabuas e vigas capacidade produtiva at\u00e9 200 metros c\u00fabicos por turno.<\/p>\n<\/div>\n                \n                \n                                <p><a class=\"wk-button\" href=\"https:\/\/www.bottene.it\/pt-pt\/impianto-di-troncatura-automatico-per-pallets-push-1200\/\">Leia mais<\/a><\/p>\n                \n            <\/div>\n        <\/div>\n        \n    <\/div>\n\n    <hr class=\"wk-grid-divider \">\n\n    \n    <div class=\"wk-grid wk-text-left wk-flex-middle\" data-wk-grid-match data-wk-margin=\"{cls:'wk-margin-top'}\">\n\n        \n                <div class=\"wk-width-1-1 wk-invisible\"  data-wk-scrollspy-cls=\"wk-animation-slide-left wk-invisible\">\n            <div class=\"wk-panel wk-width-1-1\">\n\n                \n                                <h3 class=\"wk-h3\">\n\n                                            <a class=\"wk-link-reset\" href=\"https:\/\/www.bottene.it\/pt-pt\/impianto-di-troncatura-automatico-push-180-xl\/\">Sistema de corte para paletes PUSH 180XL<\/a>\n                    \n                    \n                <\/h3>\n                \n                                <div class=\"wk-margin\"><p><iframe loading=\"lazy\" src=\"https:\/\/www.youtube.com\/embed\/nki7WTMgtVA?rel=0\" width=\"560\" height=\"315\" frameborder=\"0\" allowfullscreen=\"allowfullscreen\"><\/iframe><\/p>\n<p>&nbsp;<\/p>\n<\/div>\n                \n                \n                                <p><a class=\"wk-button\" href=\"https:\/\/www.bottene.it\/pt-pt\/impianto-di-troncatura-automatico-push-180-xl\/\">Leia mais<\/a><\/p>\n                \n            <\/div>\n        <\/div>\n        \n    <\/div>\n\n    <hr class=\"wk-grid-divider \">\n\n    \n    <div class=\"wk-grid wk-text-left wk-flex-middle\" data-wk-grid-match data-wk-margin=\"{cls:'wk-margin-top'}\">\n\n        \n                <div class=\"wk-width-1-1 wk-invisible\"  data-wk-scrollspy-cls=\"wk-animation-slide-right wk-invisible\">\n            <div class=\"wk-panel wk-width-1-1\">\n\n                \n                                <h3 class=\"wk-h3\">\n\n                                            <a class=\"wk-link-reset\" href=\"https:\/\/www.bottene.it\/pt-pt\/impianto-legno-lamellare-per-travi-e-pareti\/\">SISTEMA MADEIRA LAMELAR PARA VIGAS E PAREDES<\/a>\n                    \n                    \n                <\/h3>\n                \n                                <div class=\"wk-margin\"><p><iframe loading=\"lazy\" src=\"https:\/\/www.youtube.com\/embed\/MdgGqQdeaPM?rel=0\" width=\"560\" height=\"315\" frameborder=\"0\" allowfullscreen=\"allowfullscreen\"><\/iframe><\/p>\n<p>Sistema para produ\u00e7\u00e3o de tabuas de madeira em lamelas at\u00e9 14 metros, composto de:<br \/>\nOtimizadora de corte <a href=\"https:\/\/www.bottene.it\/pt-pt\/otimizadora-de-corte-push-180\/\">PUSH 180 XL<\/a> com medidor de umidade.<br \/>\nFinger joint em continuo <a href=\"https:\/\/www.bottene.it\/pt-pt\/finger-jointer-compacta\/\">COMPACT<\/a>.<br \/>\nMoldureira <a href=\"https:\/\/www.bottene.it\/articolo-scorniciatrici-multilame\/\">TARGET 606.<\/a><\/p>\n<p>&nbsp;<\/p>\n<\/div>\n                \n                \n                                <p><a class=\"wk-button\" href=\"https:\/\/www.bottene.it\/pt-pt\/impianto-legno-lamellare-per-travi-e-pareti\/\">Leia mais<\/a><\/p>\n                \n            <\/div>\n        <\/div>\n        \n    <\/div>\n\n    <hr class=\"wk-grid-divider \">\n\n    \n    <div class=\"wk-grid wk-text-left wk-flex-middle\" data-wk-grid-match data-wk-margin=\"{cls:'wk-margin-top'}\">\n\n        \n                <div class=\"wk-width-1-1 wk-invisible\"  data-wk-scrollspy-cls=\"wk-animation-slide-left wk-invisible\">\n            <div class=\"wk-panel wk-width-1-1\">\n\n                \n                                <h3 class=\"wk-h3\">\n\n                                            <a class=\"wk-link-reset\" href=\"https:\/\/www.bottene.it\/pt-pt\/boards-selection-line-for-pallets-production\/\">Linha de sele\u00e7\u00e3o de tabuas<\/a>\n                    \n                    \n                <\/h3>\n                \n                                <div class=\"wk-margin\"><p><iframe loading=\"lazy\" title=\"BOTTENE SCANNER TECNOLOGY\" width=\"500\" height=\"281\" src=\"https:\/\/www.youtube.com\/embed\/QjVFedqnsh4?feature=oembed\" frameborder=\"0\" allow=\"accelerometer; autoplay; clipboard-write; encrypted-media; gyroscope; picture-in-picture; web-share\" referrerpolicy=\"strict-origin-when-cross-origin\" allowfullscreen><\/iframe><\/p>\n<p>Linha de sele\u00e7\u00e3o de qualidade e dimens\u00e3o de tabuas com utiliza\u00e7\u00e3o do scanner <a href=\"https:\/\/www.bottene.it\/pt-pt\/scanner-opti-scan-4\/\">OPTI \u00a0SCAN 4<\/a>.<\/p>\n<p>Capacidade de produ\u00e7\u00e3o: 60 tabuas \/minuto.<\/p>\n<\/div>\n                \n                \n                                <p><a class=\"wk-button\" href=\"https:\/\/www.bottene.it\/pt-pt\/boards-selection-line-for-pallets-production\/\">Leia mais<\/a><\/p>\n                \n            <\/div>\n        <\/div>\n        \n    <\/div>\n\n    <hr class=\"wk-grid-divider \">\n\n    \n    <div class=\"wk-grid wk-text-left wk-flex-middle\" data-wk-grid-match data-wk-margin=\"{cls:'wk-margin-top'}\">\n\n        \n                <div class=\"wk-width-1-1 wk-invisible\"  data-wk-scrollspy-cls=\"wk-animation-slide-right wk-invisible\">\n            <div class=\"wk-panel wk-width-1-1\">\n\n                \n                                <h3 class=\"wk-h3\">\n\n                                            <a class=\"wk-link-reset\" href=\"https:\/\/www.bottene.it\/pt-pt\/fabrica-automatica-para-a-producao-de-tabuas-emendadas\/\">Fabrica autom\u00e1tica para a produ\u00e7\u00e3o de tabuas emendadas.<\/a>\n                    \n                    \n                <\/h3>\n                \n                                <div class=\"wk-margin\"><p><iframe loading=\"lazy\" width=\"560\" height=\"315\" src=\"https:\/\/www.youtube.com\/embed\/bUlkX-NknEA?rel=0\" frameborder=\"0\" allowfullscreen><\/iframe><\/p>\n<p>Fabrica autom\u00e1tica para a produ\u00e7\u00e3o de tabuas emendadas.<br \/>\nA fabrica \u00e9 composta de: carregador autom\u00e1tico a vacuo, Scanner <a href=\"https:\/\/www.bottene.it\/pt-pt\/scanner-opti-scan-4\/\">OPTISCAN 4<\/a> com otimizadora de corte <a href=\"https:\/\/www.bottene.it\/pt-pt\/otimizadora-de-corte-opti-599\/\">OPTI599 <\/a>para detectar e eliminar os defeitos da madeira conforme qualidade desejada, formador automatico de pacotes, finger joint mod.<a href=\"https:\/\/www.bottene.it\/finger-joint-heron\/\">HERON HS<\/a> para a produ\u00e7\u00e3o de barras emendadas de at\u00e9 6 metros (12 metros a pedido), otimizadora de corte <a href=\"https:\/\/www.bottene.it\/pt-pt\/otimizadora-de-corte-push-180\/\">PUSH 180 XL<\/a> para o corte preciso do tamanho de pe\u00e7as e empilhador autom\u00e1tico no final da linha.<\/p>\n<\/div>\n                \n                \n                                <p><a class=\"wk-button\" href=\"https:\/\/www.bottene.it\/pt-pt\/fabrica-automatica-para-a-producao-de-tabuas-emendadas\/\">Leia mais<\/a><\/p>\n                \n            <\/div>\n        <\/div>\n        \n    <\/div>\n\n    <hr class=\"wk-grid-divider \">\n\n    \n    <div class=\"wk-grid wk-text-left wk-flex-middle\" data-wk-grid-match data-wk-margin=\"{cls:'wk-margin-top'}\">\n\n        \n                <div class=\"wk-width-1-1 wk-invisible\"  data-wk-scrollspy-cls=\"wk-animation-slide-left wk-invisible\">\n            <div class=\"wk-panel wk-width-1-1\">\n\n                \n                                <h3 class=\"wk-h3\">\n\n                                            <a class=\"wk-link-reset\" href=\"https:\/\/www.bottene.it\/pt-pt\/sistema-de-preparacao-e-carregamento-automatico-para-a-finger-joint-heron-hs\/\">Sistema de prepara\u00e7\u00e3o e carregamento autom\u00e1tico para a finger joint HERON HS.<\/a>\n                    \n                    \n                <\/h3>\n                \n                                <div class=\"wk-margin\"><p>https:\/\/www.youtube.com\/watch?v=ZH_yZcNiY-o&#038;t=6s<\/p>\n<p>Sistema de prepara\u00e7\u00e3o e carregamento autom\u00e1tico para a finger joint <a href=\"https:\/\/www.bottene.it\/finger-joint-heron\/\">HERON HS<\/a>.<br \/>\nCapacidade: 8 pacotes\/minuto<\/p>\n<\/div>\n                \n                \n                                <p><a class=\"wk-button\" href=\"https:\/\/www.bottene.it\/pt-pt\/sistema-de-preparacao-e-carregamento-automatico-para-a-finger-joint-heron-hs\/\">Leia mais<\/a><\/p>\n                \n            <\/div>\n        <\/div>\n        \n    <\/div>\n\n    <hr class=\"wk-grid-divider \">\n\n    \n    <div class=\"wk-grid wk-text-left wk-flex-middle\" data-wk-grid-match data-wk-margin=\"{cls:'wk-margin-top'}\">\n\n        \n                <div class=\"wk-width-1-1 wk-invisible\"  data-wk-scrollspy-cls=\"wk-animation-slide-right wk-invisible\">\n            <div class=\"wk-panel wk-width-1-1\">\n\n                \n                                <h3 class=\"wk-h3\">\n\n                                            <a class=\"wk-link-reset\" href=\"https:\/\/www.bottene.it\/pt-pt\/equipamento-para-a-producao-de-molduras\/\">Equipamento para a produ\u00e7\u00e3o de molduras<\/a>\n                    \n                    \n                <\/h3>\n                \n                                <div class=\"wk-margin\"><p><iframe loading=\"lazy\" title=\"BOTTENE ENGINEERING Complete plant for frames production\" width=\"500\" height=\"281\" src=\"https:\/\/www.youtube.com\/embed\/xmI7kk9HRjM?feature=oembed\" frameborder=\"0\" allow=\"accelerometer; autoplay; clipboard-write; encrypted-media; gyroscope; picture-in-picture; web-share\" referrerpolicy=\"strict-origin-when-cross-origin\" allowfullscreen><\/iframe><\/p>\n<p>FABRICA COMPLETA PARA PRODU\u00c7\u00c3O DE MOLDURAS<\/p>\n<p>BRASIL. F\u00e1brica de alta capacidade produtiva completa de carregador a v\u00e1cuo com recupera\u00e7\u00e3o de tabiques, scanner <a href=\"https:\/\/www.bottene.it\/pt-pt\/scanner-opti-scan-4\/\">OPTI SCAN 4,<\/a> duas otimizadoras <a href=\"https:\/\/www.bottene.it\/pt-pt\/otimizadora-de-corte-opti-599\/\">OPTI 599<\/a>, tapetes de sele\u00e7\u00e3o com expulsores pneum\u00e1ticos e duas finger jointer <a href=\"https:\/\/www.bottene.it\/pt-pt\/finger-joint-heron\/\">HERON HS<\/a> para tabuas de 6 a 12 metros produ\u00e7\u00e3o de 60 metros lineares por minuto.<\/p>\n<\/div>\n                \n                \n                                <p><a class=\"wk-button\" href=\"https:\/\/www.bottene.it\/pt-pt\/equipamento-para-a-producao-de-molduras\/\">Leia mais<\/a><\/p>\n                \n            <\/div>\n        <\/div>\n        \n    <\/div>\n\n    <hr class=\"wk-grid-divider \">\n\n    \n    <div class=\"wk-grid wk-text-left wk-flex-middle\" data-wk-grid-match data-wk-margin=\"{cls:'wk-margin-top'}\">\n\n        \n                <div class=\"wk-width-1-1 wk-invisible\"  data-wk-scrollspy-cls=\"wk-animation-slide-left wk-invisible\">\n            <div class=\"wk-panel wk-width-1-1\">\n\n                \n                                <h3 class=\"wk-h3\">\n\n                                            <a class=\"wk-link-reset\" href=\"https:\/\/www.bottene.it\/pt-pt\/impianto-per-la-produzione-di-cornici\/\">Sistema para a produ\u00e7\u00e3p de molduras<\/a>\n                    \n                    \n                <\/h3>\n                \n                                <div class=\"wk-margin\"><p>\u03c2\u00e7<iframe loading=\"lazy\" src=\"https:\/\/www.youtube.com\/embed\/xmI7kk9HRjM?rel=0\" width=\"560\" height=\"315\" frameborder=\"0\" allowfullscreen=\"allowfullscreen\"><\/iframe><\/p>\n<p>SISTEMA COMPLETO PARA A PRODU\u00c7\u00c3O DE MOLDURAS<\/p>\n<p>Brasil, Sistema de alta capacidade produtiva completo de carregador a v\u00e1cuo e recupera\u00e7\u00e3o de tabiques, scanner <a href=\"https:\/\/www.bottene.it\/pt-pt\/scanner-opti-scan-4\/\">OPTI SCAN 4<\/a>, duas otimizadoras de corte <a href=\"https:\/\/www.bottene.it\/pt-pt\/otimizadora-de-corte-opti-599\/\">OPTI 599<\/a>, tapetes de sele\u00e7\u00e3o com espulsores pneum\u00e1ticos e duas finger joint <a href=\"https:\/\/www.bottene.it\/pt-pt\/finger-joint-heron\/\">HERON HS<\/a> para tabuas de 6 a 12 metros. Produ\u00e7\u00e3o 60 metros lineares\/minuto.<\/p>\n<\/div>\n                \n                \n                                <p><a class=\"wk-button\" href=\"https:\/\/www.bottene.it\/pt-pt\/impianto-per-la-produzione-di-cornici\/\">Leia mais<\/a><\/p>\n                \n            <\/div>\n        <\/div>\n        \n    <\/div>\n\n    <hr class=\"wk-grid-divider \">\n\n    \n    <div class=\"wk-grid wk-text-left wk-flex-middle\" data-wk-grid-match data-wk-margin=\"{cls:'wk-margin-top'}\">\n\n        \n                <div class=\"wk-width-1-1 wk-invisible\"  data-wk-scrollspy-cls=\"wk-animation-slide-right wk-invisible\">\n            <div class=\"wk-panel wk-width-1-1\">\n\n                \n                                <h3 class=\"wk-h3\">\n\n                                            <a class=\"wk-link-reset\" href=\"https:\/\/www.bottene.it\/pt-pt\/3035\/\">Sistema de carregamento parquet para lixadeira<\/a>\n                    \n                    \n                <\/h3>\n                \n                                <div class=\"wk-margin\"><p><iframe loading=\"lazy\" width=\"560\" height=\"315\" src=\"https:\/\/www.youtube.com\/embed\/omiDQUELA8Q?rel=0\" frameborder=\"0\" allowfullscreen><\/iframe><\/p>\n<\/div>\n                \n                \n                                <p><a class=\"wk-button\" href=\"https:\/\/www.bottene.it\/pt-pt\/3035\/\">Leia mais<\/a><\/p>\n                \n            <\/div>\n        <\/div>\n        \n    <\/div>\n\n    <hr class=\"wk-grid-divider \">\n\n    \n    <div class=\"wk-grid wk-text-left wk-flex-middle\" data-wk-grid-match data-wk-margin=\"{cls:'wk-margin-top'}\">\n\n        \n                <div class=\"wk-width-1-1 wk-invisible\"  data-wk-scrollspy-cls=\"wk-animation-slide-left wk-invisible\">\n            <div class=\"wk-panel wk-width-1-1\">\n\n                \n                                <h3 class=\"wk-h3\">\n\n                                            <a class=\"wk-link-reset\" href=\"https:\/\/www.bottene.it\/pt-pt\/sistema-para-producao-de-vigas-lamelares\/\">Sistema para produ\u00e7\u00e3o de vigas lamelares<\/a>\n                    \n                    \n                <\/h3>\n                \n                                <div class=\"wk-margin\"><p>https:\/\/www.youtube.com\/watch?v=0x2-YbzQxG4<\/p>\n<p>ESPANHA. Sistema completo para produ\u00e7\u00e3o de ripas lamelares para portas e vigas.<\/p>\n<\/div>\n                \n                \n                                <p><a class=\"wk-button\" href=\"https:\/\/www.bottene.it\/pt-pt\/sistema-para-producao-de-vigas-lamelares\/\">Leia mais<\/a><\/p>\n                \n            <\/div>\n        <\/div>\n        \n    <\/div>\n\n    <hr class=\"wk-grid-divider \">\n\n    \n    <div class=\"wk-grid wk-text-left wk-flex-middle\" data-wk-grid-match data-wk-margin=\"{cls:'wk-margin-top'}\">\n\n        \n                <div class=\"wk-width-1-1 wk-invisible\"  data-wk-scrollspy-cls=\"wk-animation-slide-right wk-invisible\">\n            <div class=\"wk-panel wk-width-1-1\">\n\n                \n                                <h3 class=\"wk-h3\">\n\n                                            <a class=\"wk-link-reset\" href=\"https:\/\/www.bottene.it\/pt-pt\/sistema-de-otimizacao-de-corte-para-a-producao-de-molduras\/\">Sistema de otimiza\u00e7\u00e3o de corte para a produ\u00e7\u00e3o de molduras<\/a>\n                    \n                    \n                <\/h3>\n                \n                                <div class=\"wk-margin\"><p>https:\/\/www.youtube.com\/watch?v=2ijILZfDVuE<\/p>\n<p>Brasil. Sistema de otimiza\u00e7\u00e3o de corte de alta capacidade produtiva completa com carregador a v\u00e1cuo e recupera\u00e7\u00e3o dos tabiques, scanner<a href=\"https:\/\/www.bottene.it\/pt-pt\/scanner-opti-scan-4\/\"> OPTI SCAN 4<\/a>, duas otimizadoras de corte <a href=\"https:\/\/www.bottene.it\/pt-pt\/otimizadora-de-corte-opti-599\/\">OPTI 599<\/a> e tapetes de sa\u00edda para sele\u00e7\u00e3o das pe\u00e7as cortadas com expulsores pneum\u00e1ticos<\/p>\n<\/div>\n                \n                \n                                <p><a class=\"wk-button\" href=\"https:\/\/www.bottene.it\/pt-pt\/sistema-de-otimizacao-de-corte-para-a-producao-de-molduras\/\">Leia mais<\/a><\/p>\n                \n            <\/div>\n        <\/div>\n        \n    <\/div>\n\n    \n\n<\/div>\n\n","protected":false},"excerpt":{"rendered":"","protected":false},"author":1,"featured_media":0,"parent":0,"menu_order":0,"comment_status":"closed","ping_status":"closed","template":"","meta":{"footnotes":"","_wp_rev_ctl_limit":""},"class_list":["post-2125","page","type-page","status-publish","hentry"],"_links":{"self":[{"href":"https:\/\/www.bottene.it\/pt-pt\/wp-json\/wp\/v2\/pages\/2125","targetHints":{"allow":["GET"]}}],"collection":[{"href":"https:\/\/www.bottene.it\/pt-pt\/wp-json\/wp\/v2\/pages"}],"about":[{"href":"https:\/\/www.bottene.it\/pt-pt\/wp-json\/wp\/v2\/types\/page"}],"author":[{"embeddable":true,"href":"https:\/\/www.bottene.it\/pt-pt\/wp-json\/wp\/v2\/users\/1"}],"replies":[{"embeddable":true,"href":"https:\/\/www.bottene.it\/pt-pt\/wp-json\/wp\/v2\/comments?post=2125"}],"version-history":[{"count":0,"href":"https:\/\/www.bottene.it\/pt-pt\/wp-json\/wp\/v2\/pages\/2125\/revisions"}],"wp:attachment":[{"href":"https:\/\/www.bottene.it\/pt-pt\/wp-json\/wp\/v2\/media?parent=2125"}],"curies":[{"name":"wp","href":"https:\/\/api.w.org\/{rel}","templated":true}]}}