{"id":2093,"date":"2016-01-13T16:06:49","date_gmt":"2016-01-13T16:06:49","guid":{"rendered":"http:\/\/www.evisoletest.com\/bottene\/pt-pt\/?page_id=2093"},"modified":"2016-01-14T14:37:05","modified_gmt":"2016-01-14T14:37:05","slug":"finger-joint","status":"publish","type":"page","link":"https:\/\/www.bottene.it\/pt-pt\/finger-joint\/","title":{"rendered":"Finger joint"},"content":{"rendered":"<h2>Finger joint a pacote vertical<\/h2>\n\n<div  data-wk-scrollspy=\"{target:'> div > [data-wk-scrollspy-cls]', delay:300}\">\n\n\n    \n    <div class=\"wk-grid wk-text-left wk-flex-middle\" data-wk-grid-match data-wk-margin=\"{cls:'wk-margin-top'}\">\n\n        \n                <div class=\"wk-width-1-1 wk-invisible\"  data-wk-scrollspy-cls=\"wk-animation-slide-right wk-invisible\">\n            <div class=\"wk-panel wk-width-1-1\">\n\n                \n                                <h3 class=\"wk-h3\">\n\n                                            <a class=\"wk-link-reset\" href=\"https:\/\/www.bottene.it\/pt-pt\/finger-joint-heron\/\">Finger Joint HERON<\/a>\n                    \n                    \n                <\/h3>\n                \n                                <div class=\"wk-margin\"><p><img loading=\"lazy\" decoding=\"async\" class=\"size-full wp-image-615 alignnone\" src=\"https:\/\/www.bottene.it\/wp-content\/uploads\/2015\/11\/finger_joint_pacco_00.jpg\" alt=\"finger_joint_pacco_00\" width=\"900\" height=\"300\" \/><\/p>\n<p><strong>HERON<\/strong><\/p>\n<p>A tecnologia Finger jointer permite de criar estruturas est\u00e1veis de qualquer dimens\u00e3o utilizando um m\u00ednimo peda\u00e7o de madeira em comprimento. A madeira \u00e9 antes otimizada onde se retira todos os n\u00f3s e defeitos indesejados atrav\u00e9s de nossos sistemas de<a href=\"https:\/\/www.bottene.it\/pt-pt\/otimizadora-de-corte-opti-599\/\"> otimiza\u00e7\u00e3o de cortes<\/a> de alta velocidade utilizando tecnologia <a href=\"https:\/\/www.bottene.it\/pt-pt\/scanner-opti-scan-4\/\">scanner <\/a>que faz a leitura de todas as caracter\u00edsticas da madeira<\/p>\n<\/div>\n                \n                \n                                <p><a class=\"wk-button\" href=\"https:\/\/www.bottene.it\/pt-pt\/finger-joint-heron\/\">Leia mais<\/a><\/p>\n                \n            <\/div>\n        <\/div>\n        \n    <\/div>\n\n    <hr class=\"wk-grid-divider \">\n\n    \n    <div class=\"wk-grid wk-text-left wk-flex-middle\" data-wk-grid-match data-wk-margin=\"{cls:'wk-margin-top'}\">\n\n        \n                <div class=\"wk-width-1-1 wk-invisible\"  data-wk-scrollspy-cls=\"wk-animation-slide-left wk-invisible\">\n            <div class=\"wk-panel wk-width-1-1\">\n\n                \n                                <h3 class=\"wk-h3\">\n\n                                            <a class=\"wk-link-reset\" href=\"https:\/\/www.bottene.it\/pt-pt\/finger-joint-skyline\/\">Finger Joint SKYLINE<\/a>\n                    \n                    \n                <\/h3>\n                \n                                <div class=\"wk-margin\"><p><img loading=\"lazy\" decoding=\"async\" class=\"alignnone size-full wp-image-637\" src=\"https:\/\/www.bottene.it\/wp-content\/uploads\/2015\/12\/finger_joint_skyline_00.jpg\" alt=\"finger_joint_skyline_00\" width=\"900\" height=\"300\" \/><\/p>\n<p><strong>SKYLINE<\/strong><\/p>\n<p>A tecnologia Finger jointer permite criar estruturas est\u00e1veis de qualquer dimens\u00e3o utilizando um m\u00ednimo peda\u00e7o de madeira em comprimento. A madeira \u00e9 antes otimizada onde se retira todos os n\u00f3s e defeitos indesejados atrav\u00e9s de nossos sistemas de <a href=\"https:\/\/www.bottene.it\/pt-pt\/otimizadora-de-corte-opti-599\/\">otimiza\u00e7\u00e3o de cortes<\/a> de alta velocidade utilizando tecnologia <a href=\"https:\/\/www.bottene.it\/pt-pt\/scanner-opti-scan-4\/\">scanner<\/a> que faz a leitura de todas as caracter\u00edsticas da madeira.<\/p>\n<\/div>\n                \n                \n                                <p><a class=\"wk-button\" href=\"https:\/\/www.bottene.it\/pt-pt\/finger-joint-skyline\/\">Leia mais<\/a><\/p>\n                \n            <\/div>\n        <\/div>\n        \n    <\/div>\n\n    \n\n<\/div>\n\n<h2>Finger joint em continuo horizontal<\/h2>\n\n<div  data-wk-scrollspy=\"{target:'> div > [data-wk-scrollspy-cls]', delay:300}\">\n\n\n    \n    <div class=\"wk-grid wk-text-left wk-flex-middle\" data-wk-grid-match data-wk-margin=\"{cls:'wk-margin-top'}\">\n\n        \n                <div class=\"wk-width-1-1 wk-invisible\"  data-wk-scrollspy-cls=\"wk-animation-slide-right wk-invisible\">\n            <div class=\"wk-panel wk-width-1-1\">\n\n                \n                                <h3 class=\"wk-h3\">\n\n                                            <a class=\"wk-link-reset\" href=\"https:\/\/www.bottene.it\/pt-pt\/finger-jointer-compacta\/\">Finger Jointer COMPACTA<\/a>\n                    \n                    \n                <\/h3>\n                \n                                <div class=\"wk-margin\"><p><a href=\"https:\/\/www.bottene.it\/wp-content\/uploads\/2015\/12\/CompactBas.jpg-RITAGLIO.jpg\" rel=\"attachment wp-att-1256\"><img loading=\"lazy\" decoding=\"async\" class=\"wp-image-1256 size-large alignnone\" src=\"https:\/\/www.bottene.it\/wp-content\/uploads\/2015\/12\/CompactBas.jpg-RITAGLIO-1024x746.jpg\" alt=\"CompactBas.jpg RITAGLIO\" width=\"1024\" height=\"746\" \/><\/a><\/p>\n<p><strong>COMPACTA<\/strong><\/p>\n<p>Linha de jun\u00e7\u00e3o em continuo utilizada para realizar elementos destinados a produ\u00e7\u00e3o de estrutura tipo vigas lamelares ou maci\u00e7a. Disp\u00f5es de todos os acess\u00f3rios necess\u00e1rios a obter a certifica\u00e7\u00e3o do produto,<\/p>\n<\/div>\n                \n                \n                                <p><a class=\"wk-button\" href=\"https:\/\/www.bottene.it\/pt-pt\/finger-jointer-compacta\/\">Leia mais<\/a><\/p>\n                \n            <\/div>\n        <\/div>\n        \n    <\/div>\n\n    \n\n<\/div>\n\n","protected":false},"excerpt":{"rendered":"<p>Finger joint a pacote vertical Finger joint em continuo horizontal<\/p>\n","protected":false},"author":1,"featured_media":0,"parent":0,"menu_order":0,"comment_status":"closed","ping_status":"closed","template":"","meta":{"footnotes":"","_wp_rev_ctl_limit":""},"class_list":["post-2093","page","type-page","status-publish","hentry"],"_links":{"self":[{"href":"https:\/\/www.bottene.it\/pt-pt\/wp-json\/wp\/v2\/pages\/2093","targetHints":{"allow":["GET"]}}],"collection":[{"href":"https:\/\/www.bottene.it\/pt-pt\/wp-json\/wp\/v2\/pages"}],"about":[{"href":"https:\/\/www.bottene.it\/pt-pt\/wp-json\/wp\/v2\/types\/page"}],"author":[{"embeddable":true,"href":"https:\/\/www.bottene.it\/pt-pt\/wp-json\/wp\/v2\/users\/1"}],"replies":[{"embeddable":true,"href":"https:\/\/www.bottene.it\/pt-pt\/wp-json\/wp\/v2\/comments?post=2093"}],"version-history":[{"count":0,"href":"https:\/\/www.bottene.it\/pt-pt\/wp-json\/wp\/v2\/pages\/2093\/revisions"}],"wp:attachment":[{"href":"https:\/\/www.bottene.it\/pt-pt\/wp-json\/wp\/v2\/media?parent=2093"}],"curies":[{"name":"wp","href":"https:\/\/api.w.org\/{rel}","templated":true}]}}