{"id":2085,"date":"2016-01-13T16:04:26","date_gmt":"2016-01-13T16:04:26","guid":{"rendered":"http:\/\/www.evisoletest.com\/bottene\/pt-pt\/?page_id=2085"},"modified":"2016-01-14T14:41:31","modified_gmt":"2016-01-14T14:41:31","slug":"otimizadora-de-corte-para-serraria","status":"publish","type":"page","link":"https:\/\/www.bottene.it\/pt-pt\/otimizadora-de-corte\/otimizadora-de-corte-para-serraria\/","title":{"rendered":"Otimizadora de corte para serraria"},"content":{"rendered":"\n<div  data-wk-scrollspy=\"{target:'> div > [data-wk-scrollspy-cls]', delay:300}\">\n\n\n    \n    <div class=\"wk-grid wk-text-left wk-flex-middle\" data-wk-grid-match data-wk-margin=\"{cls:'wk-margin-top'}\">\n\n        \n                <div class=\"wk-width-1-1 wk-invisible\"  data-wk-scrollspy-cls=\"wk-animation-slide-right wk-invisible\">\n            <div class=\"wk-panel wk-width-1-1\">\n\n                \n                                <h3 class=\"wk-h3\">\n\n                                            <a class=\"wk-link-reset\" href=\"https:\/\/www.bottene.it\/pt-pt\/otimizadora-de-corte-para-serraria-r700-r800-ro500\/\">Otimizadora de corte para serraria R700 R800 RO500<\/a>\n                    \n                    \n                <\/h3>\n                \n                                <div class=\"wk-margin\"><p><a href=\"https:\/\/www.bottene.it\/wp-content\/uploads\/2021\/03\/2B3A0101.jpg-2000-PIXEL-ritaglio.jpg\"><img loading=\"lazy\" decoding=\"async\" class=\"alignnone size-full wp-image-10797\" src=\"https:\/\/www.bottene.it\/wp-content\/uploads\/2021\/03\/2B3A0101.jpg-2000-PIXEL-ritaglio.jpg\" alt=\"\" width=\"1666\" height=\"595\" srcset=\"https:\/\/www.bottene.it\/wp-content\/uploads\/2021\/03\/2B3A0101.jpg-2000-PIXEL-ritaglio.jpg 1666w, https:\/\/www.bottene.it\/wp-content\/uploads\/2021\/03\/2B3A0101.jpg-2000-PIXEL-ritaglio-400x143.jpg 400w, https:\/\/www.bottene.it\/wp-content\/uploads\/2021\/03\/2B3A0101.jpg-2000-PIXEL-ritaglio-1024x366.jpg 1024w, https:\/\/www.bottene.it\/wp-content\/uploads\/2021\/03\/2B3A0101.jpg-2000-PIXEL-ritaglio-300x107.jpg 300w, https:\/\/www.bottene.it\/wp-content\/uploads\/2021\/03\/2B3A0101.jpg-2000-PIXEL-ritaglio-1536x549.jpg 1536w\" sizes=\"(max-width: 1666px) 100vw, 1666px\" \/><\/a><em>Otimizadora de corte RO500 com parada eletronica FEL100P<\/em><\/p>\n<p><strong>OTIMIZADORA DE CORTE PARA SERRARIA<\/strong><\/p>\n<p>Gra\u00e7as a sua estrutura e sua capacidade de corte vem tambem utilizada em serrarias para cortar tabuas (pranch\u00f5es) de grande dimens\u00e3o, esta pode ser inserida diretamente ao layout na linha de serra toras e multilaminas.<\/p>\n<\/div>\n                \n                \n                                <p><a class=\"wk-button\" href=\"https:\/\/www.bottene.it\/pt-pt\/otimizadora-de-corte-para-serraria-r700-r800-ro500\/\">Leia mais<\/a><\/p>\n                \n            <\/div>\n        <\/div>\n        \n    <\/div>\n\n    \n\n<\/div>\n\n","protected":false},"excerpt":{"rendered":"","protected":false},"author":1,"featured_media":0,"parent":2060,"menu_order":0,"comment_status":"closed","ping_status":"closed","template":"","meta":{"footnotes":"","_wp_rev_ctl_limit":""},"class_list":["post-2085","page","type-page","status-publish","hentry"],"_links":{"self":[{"href":"https:\/\/www.bottene.it\/pt-pt\/wp-json\/wp\/v2\/pages\/2085","targetHints":{"allow":["GET"]}}],"collection":[{"href":"https:\/\/www.bottene.it\/pt-pt\/wp-json\/wp\/v2\/pages"}],"about":[{"href":"https:\/\/www.bottene.it\/pt-pt\/wp-json\/wp\/v2\/types\/page"}],"author":[{"embeddable":true,"href":"https:\/\/www.bottene.it\/pt-pt\/wp-json\/wp\/v2\/users\/1"}],"replies":[{"embeddable":true,"href":"https:\/\/www.bottene.it\/pt-pt\/wp-json\/wp\/v2\/comments?post=2085"}],"version-history":[{"count":0,"href":"https:\/\/www.bottene.it\/pt-pt\/wp-json\/wp\/v2\/pages\/2085\/revisions"}],"up":[{"embeddable":true,"href":"https:\/\/www.bottene.it\/pt-pt\/wp-json\/wp\/v2\/pages\/2060"}],"wp:attachment":[{"href":"https:\/\/www.bottene.it\/pt-pt\/wp-json\/wp\/v2\/media?parent=2085"}],"curies":[{"name":"wp","href":"https:\/\/api.w.org\/{rel}","templated":true}]}}