{"id":2077,"date":"2016-01-13T16:02:38","date_gmt":"2016-01-13T16:02:38","guid":{"rendered":"http:\/\/www.evisoletest.com\/bottene\/pt-pt\/?page_id=2077"},"modified":"2016-01-14T14:41:13","modified_gmt":"2016-01-14T14:41:13","slug":"otimizadora-de-corte-com-empurrador","status":"publish","type":"page","link":"https:\/\/www.bottene.it\/pt-pt\/otimizadora-de-corte\/otimizadora-de-corte-com-empurrador\/","title":{"rendered":"Otimizadora de corte com empurrador"},"content":{"rendered":"\n<div  data-wk-scrollspy=\"{target:'> div > [data-wk-scrollspy-cls]', delay:300}\">\n\n\n    \n    <div class=\"wk-grid wk-text-left wk-flex-middle\" data-wk-grid-match data-wk-margin=\"{cls:'wk-margin-top'}\">\n\n        \n                <div class=\"wk-width-1-1 wk-invisible\"  data-wk-scrollspy-cls=\"wk-animation-slide-right wk-invisible\">\n            <div class=\"wk-panel wk-width-1-1\">\n\n                \n                                <h3 class=\"wk-h3\">\n\n                                            <a class=\"wk-link-reset\" href=\"https:\/\/www.bottene.it\/pt-pt\/otimizadora-de-corte-push-100\/\">Otimizadora de corte PUSH 100<\/a>\n                    \n                    \n                <\/h3>\n                \n                                <div class=\"wk-margin\"><p><a href=\"https:\/\/www.bottene.it\/wp-content\/uploads\/2015\/11\/Push100_001.jpg\"><img loading=\"lazy\" decoding=\"async\" class=\"wp-image-4263 size-large alignnone\" src=\"https:\/\/www.bottene.it\/wp-content\/uploads\/2015\/11\/Push100_001-1024x364.jpg\" alt=\"\" width=\"1024\" height=\"364\" srcset=\"https:\/\/www.bottene.it\/wp-content\/uploads\/2015\/11\/Push100_001-1024x364.jpg 1024w, https:\/\/www.bottene.it\/wp-content\/uploads\/2015\/11\/Push100_001-300x107.jpg 300w, https:\/\/www.bottene.it\/wp-content\/uploads\/2015\/11\/Push100_001-400x142.jpg 400w\" sizes=\"(max-width: 1024px) 100vw, 1024px\" \/><\/a><\/p>\n<p><strong>PUSH 100<\/strong><\/p>\n<p>Otimizadora de corte com sistema de empurrador, Versatil, precisa, economica.<\/p>\n<p>O posicionamento atrav\u00e9s de gremalheira que garante a maxima precis\u00e3o e mantem o desempenho sem desgastes e nenhuma manuten\u00e7\u00e3o.<\/p>\n<p>Mesa de descarga com espulsor lateral.<\/p>\n<\/div>\n                \n                \n                                <p><a class=\"wk-button\" href=\"https:\/\/www.bottene.it\/pt-pt\/otimizadora-de-corte-push-100\/\">Leia mais<\/a><\/p>\n                \n            <\/div>\n        <\/div>\n        \n    <\/div>\n\n    <hr class=\"wk-grid-divider \">\n\n    \n    <div class=\"wk-grid wk-text-left wk-flex-middle\" data-wk-grid-match data-wk-margin=\"{cls:'wk-margin-top'}\">\n\n        \n                <div class=\"wk-width-1-1 wk-invisible\"  data-wk-scrollspy-cls=\"wk-animation-slide-left wk-invisible\">\n            <div class=\"wk-panel wk-width-1-1\">\n\n                \n                                <h3 class=\"wk-h3\">\n\n                                            <a class=\"wk-link-reset\" href=\"https:\/\/www.bottene.it\/pt-pt\/otimizadora-de-corte-push-180\/\">Otimizadora de corte PUSH 250<\/a>\n                    \n                    \n                <\/h3>\n                \n                                <div class=\"wk-margin\"><p><a href=\"https:\/\/www.bottene.it\/wp-content\/uploads\/2020\/09\/2B3A0328.-tris-COPIA-747X415.jpg\"><img loading=\"lazy\" decoding=\"async\" class=\"alignnone size-full wp-image-9538\" src=\"https:\/\/www.bottene.it\/wp-content\/uploads\/2020\/09\/2B3A0328.-tris-COPIA-747X415.jpg\" alt=\"PUSH 250 XL\" width=\"1169\" height=\"415\" srcset=\"https:\/\/www.bottene.it\/wp-content\/uploads\/2020\/09\/2B3A0328.-tris-COPIA-747X415.jpg 1169w, https:\/\/www.bottene.it\/wp-content\/uploads\/2020\/09\/2B3A0328.-tris-COPIA-747X415-400x142.jpg 400w, https:\/\/www.bottene.it\/wp-content\/uploads\/2020\/09\/2B3A0328.-tris-COPIA-747X415-1024x364.jpg 1024w, https:\/\/www.bottene.it\/wp-content\/uploads\/2020\/09\/2B3A0328.-tris-COPIA-747X415-300x107.jpg 300w\" sizes=\"(max-width: 1169px) 100vw, 1169px\" \/><\/a><\/p>\n<p><strong>PUSH 250<\/strong><\/p>\n<p>Otimizadora de corte com sistema de empurrador, versatil, rapida, precisa.<\/p>\n<p>O posicionamento atrav\u00e9s de gremalheira de precis\u00e3o assegura alta velocidade, precis\u00e3o e baixo custo de manuten\u00e7\u00e3o por longo tempo de uso.<\/p>\n<\/div>\n                \n                \n                                <p><a class=\"wk-button\" href=\"https:\/\/www.bottene.it\/pt-pt\/otimizadora-de-corte-push-180\/\">Leia mais<\/a><\/p>\n                \n            <\/div>\n        <\/div>\n        \n    <\/div>\n\n    <hr class=\"wk-grid-divider \">\n\n    \n    <div class=\"wk-grid wk-text-left wk-flex-middle\" data-wk-grid-match data-wk-margin=\"{cls:'wk-margin-top'}\">\n\n        \n                <div class=\"wk-width-1-1 wk-invisible\"  data-wk-scrollspy-cls=\"wk-animation-slide-right wk-invisible\">\n            <div class=\"wk-panel wk-width-1-1\">\n\n                \n                                <h3 class=\"wk-h3\">\n\n                                            <a class=\"wk-link-reset\" href=\"https:\/\/www.bottene.it\/pt-pt\/otimizadora-de-corte-inclinado-push-180r\/\">Otimizadora de corte Inclinado PUSH 250R<\/a>\n                    \n                    \n                <\/h3>\n                \n                                <div class=\"wk-margin\"><p>&nbsp;<\/p>\n<p><a href=\"https:\/\/www.bottene.it\/wp-content\/uploads\/2015\/11\/Push_250R_009-ritaglio.jpg\"><img loading=\"lazy\" decoding=\"async\" class=\"alignnone size-full wp-image-9643\" src=\"https:\/\/www.bottene.it\/wp-content\/uploads\/2015\/11\/Push_250R_009-ritaglio.jpg\" alt=\"\" width=\"1585\" height=\"1230\" srcset=\"https:\/\/www.bottene.it\/wp-content\/uploads\/2015\/11\/Push_250R_009-ritaglio.jpg 1585w, https:\/\/www.bottene.it\/wp-content\/uploads\/2015\/11\/Push_250R_009-ritaglio-387x300.jpg 387w, https:\/\/www.bottene.it\/wp-content\/uploads\/2015\/11\/Push_250R_009-ritaglio-1024x795.jpg 1024w, https:\/\/www.bottene.it\/wp-content\/uploads\/2015\/11\/Push_250R_009-ritaglio-300x233.jpg 300w, https:\/\/www.bottene.it\/wp-content\/uploads\/2015\/11\/Push_250R_009-ritaglio-1536x1192.jpg 1536w\" sizes=\"(max-width: 1585px) 100vw, 1585px\" \/><\/a><\/p>\n<p><strong>PUSH 250 R<\/strong><\/p>\n<p>PUSH 250R, mantem as mesmas caracter\u00edsticas e desempenho dos outros modelos com sistema de empurrador permitindo a possibilidade de efetuar cortes inclinados +\/- 65\u00b0.<\/p>\n<p><a href=\"https:\/\/www.bottene.it\/wp-content\/uploads\/2020\/10\/20170125_113048.jpg-RIDIMENSIONATA-747X415.jpg\"><img loading=\"lazy\" decoding=\"async\" class=\"alignnone size-full wp-image-9691\" src=\"https:\/\/www.bottene.it\/wp-content\/uploads\/2020\/10\/20170125_113048.jpg-RIDIMENSIONATA-747X415.jpg\" alt=\"\" width=\"553\" height=\"415\" srcset=\"https:\/\/www.bottene.it\/wp-content\/uploads\/2020\/10\/20170125_113048.jpg-RIDIMENSIONATA-747X415.jpg 553w, https:\/\/www.bottene.it\/wp-content\/uploads\/2020\/10\/20170125_113048.jpg-RIDIMENSIONATA-747X415-400x300.jpg 400w, https:\/\/www.bottene.it\/wp-content\/uploads\/2020\/10\/20170125_113048.jpg-RIDIMENSIONATA-747X415-300x225.jpg 300w\" sizes=\"(max-width: 553px) 100vw, 553px\" \/><\/a><\/p>\n<\/div>\n                \n                \n                                <p><a class=\"wk-button\" href=\"https:\/\/www.bottene.it\/pt-pt\/otimizadora-de-corte-inclinado-push-180r\/\">Leia mais<\/a><\/p>\n                \n            <\/div>\n        <\/div>\n        \n    <\/div>\n\n    <hr class=\"wk-grid-divider \">\n\n    \n    <div class=\"wk-grid wk-text-left wk-flex-middle\" data-wk-grid-match data-wk-margin=\"{cls:'wk-margin-top'}\">\n\n        \n                <div class=\"wk-width-1-1 wk-invisible\"  data-wk-scrollspy-cls=\"wk-animation-slide-left wk-invisible\">\n            <div class=\"wk-panel wk-width-1-1\">\n\n                \n                                <h3 class=\"wk-h3\">\n\n                                            <a class=\"wk-link-reset\" href=\"https:\/\/www.bottene.it\/pt-pt\/otimizadora-a-pacote-push-1200\/\">Otimizadora a pacote PUSH 1200<\/a>\n                    \n                    \n                <\/h3>\n                \n                                <div class=\"wk-margin\"><p><a href=\"https:\/\/www.bottene.it\/wp-content\/uploads\/2015\/11\/MG_4041-1.jpg\" rel=\"attachment wp-att-1084\"><img loading=\"lazy\" decoding=\"async\" class=\"wp-image-1084 size-large alignnone\" src=\"https:\/\/www.bottene.it\/wp-content\/uploads\/2015\/11\/MG_4041-1-1024x683.jpg\" alt=\"_MG_4041\" width=\"1024\" height=\"683\" \/><\/a><\/p>\n<p><strong>OTIMIZADORA A PACOTE PUSH 1200<\/strong><\/p>\n<p>PUSH 1200 \u00e9 uma linha de otimizadora de corte completamente autom\u00e1tica utilizada principalmente por produtores de pallet e semiacabados para a produ\u00e7\u00e3o de tabuas e vigas com capacidade produtiva de 200 metros c\u00fabicos por turno.<\/p>\n<\/div>\n                \n                \n                                <p><a class=\"wk-button\" href=\"https:\/\/www.bottene.it\/pt-pt\/otimizadora-a-pacote-push-1200\/\">Leia mais<\/a><\/p>\n                \n            <\/div>\n        <\/div>\n        \n    <\/div>\n\n    \n\n<\/div>\n\n","protected":false},"excerpt":{"rendered":"","protected":false},"author":1,"featured_media":0,"parent":2060,"menu_order":0,"comment_status":"closed","ping_status":"closed","template":"","meta":{"footnotes":"","_wp_rev_ctl_limit":""},"class_list":["post-2077","page","type-page","status-publish","hentry"],"_links":{"self":[{"href":"https:\/\/www.bottene.it\/pt-pt\/wp-json\/wp\/v2\/pages\/2077","targetHints":{"allow":["GET"]}}],"collection":[{"href":"https:\/\/www.bottene.it\/pt-pt\/wp-json\/wp\/v2\/pages"}],"about":[{"href":"https:\/\/www.bottene.it\/pt-pt\/wp-json\/wp\/v2\/types\/page"}],"author":[{"embeddable":true,"href":"https:\/\/www.bottene.it\/pt-pt\/wp-json\/wp\/v2\/users\/1"}],"replies":[{"embeddable":true,"href":"https:\/\/www.bottene.it\/pt-pt\/wp-json\/wp\/v2\/comments?post=2077"}],"version-history":[{"count":0,"href":"https:\/\/www.bottene.it\/pt-pt\/wp-json\/wp\/v2\/pages\/2077\/revisions"}],"up":[{"embeddable":true,"href":"https:\/\/www.bottene.it\/pt-pt\/wp-json\/wp\/v2\/pages\/2060"}],"wp:attachment":[{"href":"https:\/\/www.bottene.it\/pt-pt\/wp-json\/wp\/v2\/media?parent=2077"}],"curies":[{"name":"wp","href":"https:\/\/api.w.org\/{rel}","templated":true}]}}