{"id":2068,"date":"2016-01-13T16:00:54","date_gmt":"2016-01-13T16:00:54","guid":{"rendered":"http:\/\/www.evisoletest.com\/bottene\/pt-pt\/?page_id=2068"},"modified":"2016-01-14T14:41:00","modified_gmt":"2016-01-14T14:41:00","slug":"otimizadora-de-corte-continua","status":"publish","type":"page","link":"https:\/\/www.bottene.it\/pt-pt\/otimizadora-de-corte\/otimizadora-de-corte-continua\/","title":{"rendered":"Otimizadora de corte  continua"},"content":{"rendered":"\n<div  data-wk-scrollspy=\"{target:'> div > [data-wk-scrollspy-cls]', delay:300}\">\n\n\n    \n    <div class=\"wk-grid wk-text-left wk-flex-middle\" data-wk-grid-match data-wk-margin=\"{cls:'wk-margin-top'}\">\n\n        \n                <div class=\"wk-width-1-1 wk-invisible\"  data-wk-scrollspy-cls=\"wk-animation-slide-right wk-invisible\">\n            <div class=\"wk-panel wk-width-1-1\">\n\n                \n                                <h3 class=\"wk-h3\">\n\n                                            <a class=\"wk-link-reset\" href=\"https:\/\/www.bottene.it\/pt-pt\/otimizadora-de-corte-opti-599\/\">Otimizadora de corte OPTI 599<\/a>\n                    \n                    \n                <\/h3>\n                \n                                <div class=\"wk-margin\"><p><a href=\"https:\/\/www.bottene.it\/wp-content\/uploads\/2021\/02\/Opti_599x2_004-ritaglio.jpg\"><img loading=\"lazy\" decoding=\"async\" class=\"alignnone size-full wp-image-10650\" src=\"https:\/\/www.bottene.it\/wp-content\/uploads\/2021\/02\/Opti_599x2_004-ritaglio.jpg\" alt=\"\" width=\"1184\" height=\"627\" srcset=\"https:\/\/www.bottene.it\/wp-content\/uploads\/2021\/02\/Opti_599x2_004-ritaglio.jpg 1184w, https:\/\/www.bottene.it\/wp-content\/uploads\/2021\/02\/Opti_599x2_004-ritaglio-400x212.jpg 400w, https:\/\/www.bottene.it\/wp-content\/uploads\/2021\/02\/Opti_599x2_004-ritaglio-1024x542.jpg 1024w, https:\/\/www.bottene.it\/wp-content\/uploads\/2021\/02\/Opti_599x2_004-ritaglio-300x159.jpg 300w\" sizes=\"(max-width: 1184px) 100vw, 1184px\" \/><\/a><\/p>\n<p><em>Sistema de alta produtividade com scanner <a href=\"https:\/\/www.bottene.it\/pt-pt\/merlin-serie-qx\/\">MERLIN Q<\/a> e duas otimizadoras\u00a0 de corte OPTI 599<\/em><\/p>\n<p><strong>OPTI 599<\/strong><\/p>\n<p>A OPTI 599 \u00e9 uma otimizadora de corte de alto desempenho para aumentar sua produtividade at\u00e9 30% em compara\u00e7\u00e3o com otimizadoras de cortes tradicionais. Projetada para ser utilizada em linha de alta produ\u00e7\u00e3o e trabalho pesado e continuo disp\u00f5e de um sistema de avan\u00e7o atrav\u00e9s de rolos dentados helicoidal em a\u00e7o temperado e ligado a um potente motor Brushless que assegura uma velocidade de avan\u00e7o de 260 mt.\/1`.<\/p>\n<\/div>\n                \n                \n                                <p><a class=\"wk-button\" href=\"https:\/\/www.bottene.it\/pt-pt\/otimizadora-de-corte-opti-599\/\">Leia mais<\/a><\/p>\n                \n            <\/div>\n        <\/div>\n        \n    <\/div>\n\n    <hr class=\"wk-grid-divider \">\n\n    \n    <div class=\"wk-grid wk-text-left wk-flex-middle\" data-wk-grid-match data-wk-margin=\"{cls:'wk-margin-top'}\">\n\n        \n                <div class=\"wk-width-1-1 wk-invisible\"  data-wk-scrollspy-cls=\"wk-animation-slide-left wk-invisible\">\n            <div class=\"wk-panel wk-width-1-1\">\n\n                \n                                <h3 class=\"wk-h3\">\n\n                                            <a class=\"wk-link-reset\" href=\"https:\/\/www.bottene.it\/pt-pt\/troncatrice-ottimizzatrice-optimax-600\/\">OTIMIZADORA DE CORTE OPTIMAX 600<\/a>\n                    \n                    \n                <\/h3>\n                \n                                <div class=\"wk-margin\"><p><a href=\"https:\/\/www.bottene.it\/wp-content\/uploads\/2020\/10\/Optimax_600_001-RITAGLIO-PROVA-747X415.jpg\"><img loading=\"lazy\" decoding=\"async\" class=\"alignnone size-full wp-image-9932\" src=\"https:\/\/www.bottene.it\/wp-content\/uploads\/2020\/10\/Optimax_600_001-RITAGLIO-PROVA-747X415.jpg\" alt=\"\" width=\"747\" height=\"418\" srcset=\"https:\/\/www.bottene.it\/wp-content\/uploads\/2020\/10\/Optimax_600_001-RITAGLIO-PROVA-747X415.jpg 747w, https:\/\/www.bottene.it\/wp-content\/uploads\/2020\/10\/Optimax_600_001-RITAGLIO-PROVA-747X415-400x224.jpg 400w, https:\/\/www.bottene.it\/wp-content\/uploads\/2020\/10\/Optimax_600_001-RITAGLIO-PROVA-747X415-300x168.jpg 300w\" sizes=\"(max-width: 747px) 100vw, 747px\" \/><\/a><\/p>\n<p><strong>OPTIMAX 600<\/strong><\/p>\n<p>ROBUSTA. A nova otimizadora de corte para corte de tabuas de tamanho medio devido a sua velocidade de 260 metrso por minuto e capacidade de corte 100mm X 350mm. Para ser utilizada por fabricas de embalagens ou em linhas de serraria e multiserras.<\/p>\n<\/div>\n                \n                \n                                <p><a class=\"wk-button\" href=\"https:\/\/www.bottene.it\/pt-pt\/troncatrice-ottimizzatrice-optimax-600\/\">Leia mais<\/a><\/p>\n                \n            <\/div>\n        <\/div>\n        \n    <\/div>\n\n    \n\n<\/div>\n\n","protected":false},"excerpt":{"rendered":"","protected":false},"author":1,"featured_media":0,"parent":2060,"menu_order":0,"comment_status":"closed","ping_status":"closed","template":"","meta":{"footnotes":"","_wp_rev_ctl_limit":""},"class_list":["post-2068","page","type-page","status-publish","hentry"],"_links":{"self":[{"href":"https:\/\/www.bottene.it\/pt-pt\/wp-json\/wp\/v2\/pages\/2068","targetHints":{"allow":["GET"]}}],"collection":[{"href":"https:\/\/www.bottene.it\/pt-pt\/wp-json\/wp\/v2\/pages"}],"about":[{"href":"https:\/\/www.bottene.it\/pt-pt\/wp-json\/wp\/v2\/types\/page"}],"author":[{"embeddable":true,"href":"https:\/\/www.bottene.it\/pt-pt\/wp-json\/wp\/v2\/users\/1"}],"replies":[{"embeddable":true,"href":"https:\/\/www.bottene.it\/pt-pt\/wp-json\/wp\/v2\/comments?post=2068"}],"version-history":[{"count":0,"href":"https:\/\/www.bottene.it\/pt-pt\/wp-json\/wp\/v2\/pages\/2068\/revisions"}],"up":[{"embeddable":true,"href":"https:\/\/www.bottene.it\/pt-pt\/wp-json\/wp\/v2\/pages\/2060"}],"wp:attachment":[{"href":"https:\/\/www.bottene.it\/pt-pt\/wp-json\/wp\/v2\/media?parent=2068"}],"curies":[{"name":"wp","href":"https:\/\/api.w.org\/{rel}","templated":true}]}}