{"id":3657,"date":"2017-03-24T15:20:28","date_gmt":"2017-03-24T15:20:28","guid":{"rendered":"https:\/\/www.bottene.it\/?page_id=3657\/"},"modified":"2019-03-22T10:33:50","modified_gmt":"2019-03-22T10:33:50","slug":"cepilladoras-sierra-multiple","status":"publish","type":"page","link":"https:\/\/www.bottene.it\/es\/cepilladoras-sierra-multiple\/","title":{"rendered":"Cepilladoras \u2013 Sierra m\u00faltiple"},"content":{"rendered":"\n<div  data-wk-scrollspy=\"{target:'> div > [data-wk-scrollspy-cls]', delay:300}\">\n\n\n    \n    <div class=\"wk-grid wk-text-left wk-flex-middle\" data-wk-grid-match data-wk-margin=\"{cls:'wk-margin-top'}\">\n\n        \n                <div class=\"wk-width-1-1 wk-invisible\"  data-wk-scrollspy-cls=\"wk-animation-slide-right wk-invisible\">\n            <div class=\"wk-panel wk-width-1-1\">\n\n                \n                                <h3 class=\"wk-h3\">\n\n                                            <a class=\"wk-link-reset\" href=\"https:\/\/www.bottene.it\/es\/sierra-multiple-mondial\/\">Sierra m\u00faltiple MONDIAL<\/a>\n                    \n                    \n                <\/h3>\n                \n                                <div class=\"wk-margin\"><p><a href=\"https:\/\/www.bottene.it\/wp-content\/uploads\/2018\/08\/Mondial_001.jpg-RITAGLIO.jpg\"><img loading=\"lazy\" decoding=\"async\" class=\"wp-image-5185 size-large alignnone\" src=\"https:\/\/www.bottene.it\/wp-content\/uploads\/2018\/08\/Mondial_001.jpg-RITAGLIO-1024x465.jpg\" alt=\"\" width=\"1024\" height=\"465\" srcset=\"https:\/\/www.bottene.it\/wp-content\/uploads\/2018\/08\/Mondial_001.jpg-RITAGLIO-1024x465.jpg 1024w, https:\/\/www.bottene.it\/wp-content\/uploads\/2018\/08\/Mondial_001.jpg-RITAGLIO-300x136.jpg 300w, https:\/\/www.bottene.it\/wp-content\/uploads\/2018\/08\/Mondial_001.jpg-RITAGLIO-400x182.jpg 400w, https:\/\/www.bottene.it\/wp-content\/uploads\/2018\/08\/Mondial_001.jpg-RITAGLIO.jpg 1694w\" sizes=\"(max-width: 1024px) 100vw, 1024px\" \/><\/a><\/p>\n<p>La sierra m\u00faltiple MONDIAL es la soluci\u00f3n ideal para la producci\u00f3n de tablas sin procesar en bruto no cepilladas, cuando se requiere robustez y flexibilidad. Equipada con 1 sierra fija y 4 sierras m\u00f3viles autom\u00e1ticamente, permite la m\u00e1xima optimizaci\u00f3n de las tablas y un considerable ahorro de residuos. El posicionamiento de las sierras est\u00e1 controlado por motores Brushless y el programa permite memorizar las combinaciones que el operador puede recordar de forma r\u00e1pida y precisa. MONDIAL est\u00e1 equipada de serie con introductor de rodillos y cabina insonorizada incluso se puede equipar con nuestros sistemas autom\u00e1ticos de carga y descarga para la composici\u00f3n de l\u00edneas.<\/p>\n<\/div>\n                \n                \n                                <p><a class=\"wk-button\" href=\"https:\/\/www.bottene.it\/es\/sierra-multiple-mondial\/\">Leggi tutto<\/a><\/p>\n                \n            <\/div>\n        <\/div>\n        \n    <\/div>\n\n    <hr class=\"wk-grid-divider \">\n\n    \n    <div class=\"wk-grid wk-text-left wk-flex-middle\" data-wk-grid-match data-wk-margin=\"{cls:'wk-margin-top'}\">\n\n        \n                <div class=\"wk-width-1-1 wk-invisible\"  data-wk-scrollspy-cls=\"wk-animation-slide-left wk-invisible\">\n            <div class=\"wk-panel wk-width-1-1\">\n\n                \n                                <h3 class=\"wk-h3\">\n\n                                            <a class=\"wk-link-reset\" href=\"https:\/\/www.bottene.it\/es\/piallatrice-universal-300-500-700-1000-1500\/\">Cepilladora UNIVERSAL 300 500 700 1000 1500<\/a>\n                    \n                    \n                <\/h3>\n                \n                                <div class=\"wk-margin\"><p><a href=\"https:\/\/www.bottene.it\/wp-content\/uploads\/2017\/04\/2B3A5193.jpg\"><img loading=\"lazy\" decoding=\"async\" class=\"wp-image-3875\" src=\"https:\/\/www.bottene.it\/wp-content\/uploads\/2017\/04\/2B3A5193-1024x718.jpg\" alt=\"\" width=\"1024\" height=\"718\" srcset=\"https:\/\/www.bottene.it\/wp-content\/uploads\/2017\/04\/2B3A5193-1024x718.jpg 1024w, https:\/\/www.bottene.it\/wp-content\/uploads\/2017\/04\/2B3A5193-300x210.jpg 300w, https:\/\/www.bottene.it\/wp-content\/uploads\/2017\/04\/2B3A5193-400x281.jpg 400w\" sizes=\"(max-width: 1024px) 100vw, 1024px\" \/><\/a><br \/>\nLa cepilladora Universal se utiliza para el trabajo de elementos laminados y vigas de grandes dimensiones. La particular estructura de la m\u00e1quina permite trabajar con velocidades de hasta 100 mt\/min y con gran precisi\u00f3n. La m\u00e1quina est\u00e1 provista de sistema jointer para un acabado de alta calidad.<\/p>\n<\/div>\n                \n                \n                                <p><a class=\"wk-button\" href=\"https:\/\/www.bottene.it\/es\/piallatrice-universal-300-500-700-1000-1500\/\">Leggi tutto<\/a><\/p>\n                \n            <\/div>\n        <\/div>\n        \n    <\/div>\n\n    <hr class=\"wk-grid-divider \">\n\n    \n    <div class=\"wk-grid wk-text-left wk-flex-middle\" data-wk-grid-match data-wk-margin=\"{cls:'wk-margin-top'}\">\n\n        \n                <div class=\"wk-width-1-1 wk-invisible\"  data-wk-scrollspy-cls=\"wk-animation-slide-right wk-invisible\">\n            <div class=\"wk-panel wk-width-1-1\">\n\n                \n                                <h3 class=\"wk-h3\">\n\n                                            <a class=\"wk-link-reset\" href=\"https:\/\/www.bottene.it\/es\/scorniciatrice-target-serie-350-600\/\">Moldureras TARGET 350 &#8211; 600<\/a>\n                    \n                    \n                <\/h3>\n                \n                                <div class=\"wk-margin\"><p><a href=\"https:\/\/www.bottene.it\/wp-content\/uploads\/2017\/03\/target_607_aperta.jpg\"><img loading=\"lazy\" decoding=\"async\" class=\"wp-image-3692 size-large alignnone\" src=\"https:\/\/www.bottene.it\/wp-content\/uploads\/2017\/03\/target_607_aperta-1024x832.jpg\" alt=\"\" width=\"1024\" height=\"832\" srcset=\"https:\/\/www.bottene.it\/wp-content\/uploads\/2017\/03\/target_607_aperta-1024x832.jpg 1024w, https:\/\/www.bottene.it\/wp-content\/uploads\/2017\/03\/target_607_aperta-300x244.jpg 300w, https:\/\/www.bottene.it\/wp-content\/uploads\/2017\/03\/target_607_aperta-369x300.jpg 369w\" sizes=\"(max-width: 1024px) 100vw, 1024px\" \/><\/a><\/p>\n<p><strong>TARGET 350 &#8211; 600<\/strong><\/p>\n<p>Cepilladora perfiladora con 6\/7 ejes. Velocidad de 35 a 60 mts\/min.<\/p>\n<\/div>\n                \n                \n                                <p><a class=\"wk-button\" href=\"https:\/\/www.bottene.it\/es\/scorniciatrice-target-serie-350-600\/\">Leggi tutto<\/a><\/p>\n                \n            <\/div>\n        <\/div>\n        \n    <\/div>\n\n    \n\n<\/div>\n\n","protected":false},"excerpt":{"rendered":"","protected":false},"author":1,"featured_media":0,"parent":0,"menu_order":0,"comment_status":"closed","ping_status":"closed","template":"","meta":{"footnotes":"","_wp_rev_ctl_limit":""},"class_list":["post-3657","page","type-page","status-publish","hentry"],"_links":{"self":[{"href":"https:\/\/www.bottene.it\/es\/wp-json\/wp\/v2\/pages\/3657","targetHints":{"allow":["GET"]}}],"collection":[{"href":"https:\/\/www.bottene.it\/es\/wp-json\/wp\/v2\/pages"}],"about":[{"href":"https:\/\/www.bottene.it\/es\/wp-json\/wp\/v2\/types\/page"}],"author":[{"embeddable":true,"href":"https:\/\/www.bottene.it\/es\/wp-json\/wp\/v2\/users\/1"}],"replies":[{"embeddable":true,"href":"https:\/\/www.bottene.it\/es\/wp-json\/wp\/v2\/comments?post=3657"}],"version-history":[{"count":0,"href":"https:\/\/www.bottene.it\/es\/wp-json\/wp\/v2\/pages\/3657\/revisions"}],"wp:attachment":[{"href":"https:\/\/www.bottene.it\/es\/wp-json\/wp\/v2\/media?parent=3657"}],"curies":[{"name":"wp","href":"https:\/\/api.w.org\/{rel}","templated":true}]}}