{"id":2140,"date":"2016-01-13T16:16:22","date_gmt":"2016-01-13T16:16:22","guid":{"rendered":"http:\/\/www.evisoletest.com\/bottene\/es\/?page_id=2140"},"modified":"2023-03-27T08:41:32","modified_gmt":"2023-03-27T08:41:32","slug":"mapa-del-sitio-web","status":"publish","type":"page","link":"https:\/\/www.bottene.it\/es\/mapa-del-sitio-web\/","title":{"rendered":"Mapa del sitio web"},"content":{"rendered":"<div class=\"wsp-container\"><h2 class=\"wsp-pages-title\">P\u00e1ginas<\/h2>\n<ul class=\"wsp-pages-list\">\n<li class=\"page_item page-item-7224 page_item_has_children\"><a href=\"https:\/\/www.bottene.it\/es\/area-reservada\/\">\u00c1rea reservada<\/a>\n<ul class='children'>\n\t<li class=\"page_item page-item-7225\"><a href=\"https:\/\/www.bottene.it\/es\/area-reservada\/manuales\/\">Manuales<\/a><\/li>\n\t<li class=\"page_item page-item-7226\"><a href=\"https:\/\/www.bottene.it\/es\/area-reservada\/video\/\">V\u00eddeo<\/a><\/li>\n<\/ul>\n<\/li>\n<li class=\"page_item page-item-7984\"><a href=\"https:\/\/www.bottene.it\/es\/automatizaciones-2\/\">Automatizaciones<\/a><\/li>\n<li class=\"page_item page-item-3657\"><a href=\"https:\/\/www.bottene.it\/es\/cepilladoras-sierra-multiple\/\">Cepilladoras \u2013 Sierra m\u00faltiple<\/a><\/li>\n<li class=\"page_item page-item-10876\"><a href=\"https:\/\/www.bottene.it\/es\/company-info\/\">Company info<\/a><\/li>\n<li class=\"page_item page-item-2131\"><a href=\"https:\/\/www.bottene.it\/es\/contactos\/\">Contactos<\/a><\/li>\n<li class=\"page_item page-item-2115\"><a href=\"https:\/\/www.bottene.it\/es\/sistemas-de-vision\/\">ESCANER<\/a><\/li>\n<li class=\"page_item page-item-2091 page_item_has_children\"><a href=\"https:\/\/www.bottene.it\/es\/finger-joint-empalmadoras\/\">Finger Joint (Empalmadoras)<\/a>\n<ul class='children'>\n\t<li class=\"page_item page-item-2099\"><a href=\"https:\/\/www.bottene.it\/es\/finger-joint-empalmadoras\/finger-joint-a-paquete\/\">Finger Joint  a paquete<\/a><\/li>\n\t<li class=\"page_item page-item-2107\"><a href=\"https:\/\/www.bottene.it\/es\/finger-joint-empalmadoras\/finger-joint-en-continuo\/\">Finger Joint en cont\u00ednuo<\/a><\/li>\n<\/ul>\n<\/li>\n<li class=\"page_item page-item-2211\"><a href=\"https:\/\/www.bottene.it\/es\/\">Home page<\/a><\/li>\n<li class=\"page_item page-item-2123\"><a href=\"https:\/\/www.bottene.it\/es\/ingenieria\/\">Ingenier\u00eda<\/a><\/li>\n<li class=\"page_item page-item-2140\"><a href=\"https:\/\/www.bottene.it\/es\/mapa-del-sitio-web\/\">Mapa del sitio web<\/a><\/li>\n<li class=\"page_item page-item-7218\"><a href=\"https:\/\/www.bottene.it\/es\/privacidad-y-politica-de-cookies\/\">Pol\u00edtica de privacidad<\/a><\/li>\n<li class=\"page_item page-item-8717\"><a href=\"https:\/\/www.bottene.it\/es\/quienes-somos\/\">Quienes somos<\/a><\/li>\n<li class=\"page_item page-item-2058 page_item_has_children\"><a href=\"https:\/\/www.bottene.it\/es\/tronzadoras\/\">Tronzadoras &#8211; Scanner<\/a>\n<ul class='children'>\n\t<li class=\"page_item page-item-2075\"><a href=\"https:\/\/www.bottene.it\/es\/tronzadoras\/tronzadoras-con-empujador\/\">Tronzadoras con empujador<\/a><\/li>\n\t<li class=\"page_item page-item-2066\"><a href=\"https:\/\/www.bottene.it\/es\/tronzadoras\/tronzadoras-en-continuo\/\">Tronzadoras en cont\u00ednuo<\/a><\/li>\n\t<li class=\"page_item page-item-2083\"><a href=\"https:\/\/www.bottene.it\/es\/tronzadoras\/tronzadoras-para-serreria\/\">Tronzadoras para serrer\u00eda<\/a><\/li>\n\t<li class=\"page_item page-item-2050\"><a href=\"https:\/\/www.bottene.it\/es\/tronzadoras\/tronzadoras-semiautomaticas\/\">Tronzadoras semiautom\u00e1ticas<\/a><\/li>\n<\/ul>\n<\/li>\n<\/ul>\n<h2 class=\"wsp-posts-title\">Posts por categor\u00eda<\/h2>\n<ul class=\"wsp-posts-list\">\n\t<li><strong class=\"wsp-category-title\"><a href=\"https:\/\/www.bottene.it\/es\/category\/automatizaciones\/\">Automatizaciones<\/a><\/strong>\n<ul class=\"wsp-posts-list\">\t\t<li class=\"wsp-post\"><a href=\"https:\/\/www.bottene.it\/es\/pallets-carga-clavadora-para-palet\/\">PALLETS &#8211; Carga clavadora para palet<\/a><\/li>\n\t\t<li class=\"wsp-post\"><a href=\"https:\/\/www.bottene.it\/pallets-carico-chiodatrice-per-pallets\/\">PALLETS &#8211; Carico chiodatrice per pallets<\/a><\/li>\n\t\t<li class=\"wsp-post\"><a href=\"https:\/\/www.bottene.it\/pallets-carico-chiodatrice-per-pallets\/\">PALLETS &#8211; Carico chiodatrice per pallets<\/a><\/li>\n\t\t<li class=\"wsp-post\"><a href=\"https:\/\/www.bottene.it\/es\/carico-chiodatrice-per-pallet-perimetrale\/\">CARGA CLAVADORA PARA PALET PERIMETRAL<\/a><\/li>\n\t\t<li class=\"wsp-post\"><a href=\"https:\/\/www.bottene.it\/es\/carga-de-clavadora-para-palets-epal\/\">Carga de clavadora para palets EPAL<\/a><\/li>\n\t\t<li class=\"wsp-post\"><a href=\"https:\/\/www.bottene.it\/es\/cargador-para-tacos-prensados-a-3-vias\/\">Cargador para tacos prensados a 3 vias<\/a><\/li>\n\t\t<li class=\"wsp-post\"><a href=\"https:\/\/www.bottene.it\/es\/carga-y-descarga-para-moldurera\/\">Carga y descarga para moldurera<\/a><\/li>\n\t\t<li class=\"wsp-post\"><a href=\"https:\/\/www.bottene.it\/es\/descarga-sierra-multiple-y-apilado-de-maneles-de-dm-mdf\/\">Descarga sierra m\u00faltiple y apilado de maneles de MDF<\/a><\/li>\n<\/ul><\/li>\n\t<li><strong class=\"wsp-category-title\"><a href=\"https:\/\/www.bottene.it\/es\/category\/cepilladoras-sierra-multiple\/\">Cepilladoras - Sierra m\u00faltiple<\/a><\/strong>\n<ul class=\"wsp-posts-list\">\t\t<li class=\"wsp-post\"><a href=\"https:\/\/www.bottene.it\/es\/sierra-multiple-mondial\/\">Sierra m\u00faltiple MONDIAL<\/a><\/li>\n\t\t<li class=\"wsp-post\"><a href=\"https:\/\/www.bottene.it\/es\/piallatrice-universal-300-500-700-1000-1500\/\">Cepilladora UNIVERSAL 300 500 700 1000 1500<\/a><\/li>\n\t\t<li class=\"wsp-post\"><a href=\"https:\/\/www.bottene.it\/es\/scorniciatrice-target-serie-350-600\/\">Moldureras TARGET 350 &#8211; 600<\/a><\/li>\n<\/ul><\/li>\n\t<li><strong class=\"wsp-category-title\"><a href=\"https:\/\/www.bottene.it\/es\/category\/finger-joint-empalmadoras\/\">Finger Joint (Empalmadoras)<\/a><\/strong>\n<ul class=\"wsp-posts-list\">\t\t<li class=\"wsp-post\"><a href=\"https:\/\/www.bottene.it\/es\/finger-joint-compact\/\">Finger Joint COMPACT<\/a><\/li>\n\t<li><strong class=\"wsp-category-title\"><a href=\"https:\/\/www.bottene.it\/es\/category\/finger-joint-empalmadoras\/finger-joint-a-paquete\/\">Finger Joint a paquete<\/a><\/strong>\n<ul class=\"wsp-posts-list\">\t\t<li class=\"wsp-post\"><a href=\"https:\/\/www.bottene.it\/es\/finger-joint-heron\/\">Finger Joint HERON<\/a><\/li>\n\t\t<li class=\"wsp-post\"><a href=\"https:\/\/www.bottene.it\/es\/finger-joint-skyline\/\">Finger Joint SKYLINE<\/a><\/li>\n<\/ul><\/li>\n\t<li><strong class=\"wsp-category-title\"><a href=\"https:\/\/www.bottene.it\/es\/category\/finger-joint-empalmadoras\/finger-joint-en-continuo\/\">Finger Joint en cont\u00ednuo<\/a><\/strong>\n<\/li>\n<\/ul><\/li>\n\t<li><strong class=\"wsp-category-title\"><a href=\"https:\/\/www.bottene.it\/es\/category\/ingenieria\/\">Ingenier\u00eda<\/a><\/strong>\n<ul class=\"wsp-posts-list\">\t\t<li class=\"wsp-post\"><a href=\"https:\/\/www.bottene.it\/es\/linea-completa-para-la-produccion-de-casas-en-madera\/\">Linea completa para la producci\u00f3n de casas en madera<\/a><\/li>\n\t\t<li class=\"wsp-post\"><a href=\"https:\/\/www.bottene.it\/es\/linea-de-produccion-de-lamas-para-parquet\/\">Linea de producci\u00f3n de lamas para parquet<\/a><\/li>\n\t\t<li class=\"wsp-post\"><a href=\"https:\/\/www.bottene.it\/es\/carga-clavadoras-para-palets\/\">Carga clavadoras para palets<\/a><\/li>\n\t\t<li class=\"wsp-post\"><a href=\"https:\/\/www.bottene.it\/es\/carichi-automatici-chiodatrici-per-pallets\/\">CARGAS AUTOM\u00c1TICAS PARA CLAVADORAS DE PALETS<\/a><\/li>\n\t\t<li class=\"wsp-post\"><a href=\"https:\/\/www.bottene.it\/es\/linea-de-corte-automatico-para-palets-push-1200\/\">Linea de corte automatico para palets PUSH 1200<\/a><\/li>\n\t\t<li class=\"wsp-post\"><a href=\"https:\/\/www.bottene.it\/es\/linea-de-corte-automatico-para-palets-push-180-xl\/\">Linea de corte automatico para palets PUSH 180 XL<\/a><\/li>\n\t\t<li class=\"wsp-post\"><a href=\"https:\/\/www.bottene.it\/es\/instalacion-madera-laminada-para-vigas-y-paredes\/\">Instalaci\u00f3n madera laminada para vigas y paredes<\/a><\/li>\n\t\t<li class=\"wsp-post\"><a href=\"https:\/\/www.bottene.it\/es\/impianto-di-troncatura-automatico-per-pallets-push-1200\/\">INSTALACI\u00d3N DE TRONZADO AUTOM\u00c1TICO PARA PALETS PUSH 1200<\/a><\/li>\n\t\t<li class=\"wsp-post\"><a href=\"https:\/\/www.bottene.it\/es\/impianto-di-troncatura-automatico-push-180-xl\/\">INSTALACI\u00d3N DE TRONZADO AUTOM\u00c1TICO PARA PALETS PUSH 180XL<\/a><\/li>\n\t\t<li class=\"wsp-post\"><a href=\"https:\/\/www.bottene.it\/es\/impianto-legno-lamellare-per-travi-e-pareti\/\">INSTALACI\u00d3N MADERA LAMINADA PARA VIGAS Y PAREDES<\/a><\/li>\n\t\t<li class=\"wsp-post\"><a href=\"https:\/\/www.bottene.it\/es\/linea-de-seleccion-tablas-para-palets\/\">L\u00ednea de selecci\u00f3n tablas para palets<\/a><\/li>\n\t\t<li class=\"wsp-post\"><a href=\"https:\/\/www.bottene.it\/es\/instalacion-automatica-para-la-fabricacion-de-tablas-empalmadas-2\/\">Instalaci\u00f3n autom\u00e1tica para la fabricaci\u00f3n de tablas empalmadas.<\/a><\/li>\n\t\t<li class=\"wsp-post\"><a href=\"https:\/\/www.bottene.it\/es\/instalacion-para-la-produccion-de-molduras\/\">Instalaci\u00f3n para la producci\u00f3n de molduras<\/a><\/li>\n\t\t<li class=\"wsp-post\"><a href=\"https:\/\/www.bottene.it\/es\/impianto-per-la-produzione-di-cornici\/\">INSTALACI\u00d3N PARA LA PRODUCCI\u00d3N DE MOLDURAS<\/a><\/li>\n\t\t<li class=\"wsp-post\"><a href=\"https:\/\/www.bottene.it\/es\/3033\/\">Sistema de carga parquet para lijadora<\/a><\/li>\n\t\t<li class=\"wsp-post\"><a href=\"https:\/\/www.bottene.it\/es\/instalacion-de-tronzado-para-la-produccion-de-perfiles\/\">Instalaci\u00f3n de tronzado para la producci\u00f3n de perfiles<\/a><\/li>\n<\/ul><\/li>\n\t<li><strong class=\"wsp-category-title\"><a href=\"https:\/\/www.bottene.it\/es\/category\/novedades\/\">Novedades<\/a><\/strong>\n<ul class=\"wsp-posts-list\">\t\t<li class=\"wsp-post\"><a href=\"https:\/\/www.bottene.it\/es\/nueva-planta-de-corte-entregada\/\">Nueva planta de corte entregada<\/a><\/li>\n\t\t<li class=\"wsp-post\"><a href=\"https:\/\/www.bottene.it\/es\/merlin\/\">MERLIN<\/a><\/li>\n\t\t<li class=\"wsp-post\"><a href=\"https:\/\/www.bottene.it\/es\/piallatrice-universal-500\/\">CEPILLADORA UNIVERSAL 500<\/a><\/li>\n\t\t<li class=\"wsp-post\"><a href=\"https:\/\/www.bottene.it\/es\/push-1200-instalacion-de-tronzado-para-palets\/\">PUSH 1200-PALETS INSTALACI\u00d3N DE TRONZADO<\/a><\/li>\n\t\t<li class=\"wsp-post\"><a href=\"https:\/\/www.bottene.it\/es\/troncatrice-ottimizzatrice-push-250-max\/\">TRONZADORA OPTIMIZADORA PUSH 250 MAX<\/a><\/li>\n\t\t<li class=\"wsp-post\"><a href=\"https:\/\/www.bottene.it\/es\/tronzadora-giratoria-push-250r\/\">TRONZADORA GIRATORIA PUSH 250R<\/a><\/li>\n\t\t<li class=\"wsp-post\"><a href=\"https:\/\/www.bottene.it\/es\/linea-di-troncatura-push-250-con-carico-e-scarico-automatici\/\">TRONZADORA PUSH250 CON CARGADOR Y DESCARGADOR AUTOM\u00c1TICO<\/a><\/li>\n\t\t<li class=\"wsp-post\"><a href=\"https:\/\/www.bottene.it\/es\/speedup-system\/\">SpeedUp System<br \/>Nuevo sistema de control<\/a><\/li>\n\t\t<li class=\"wsp-post\"><a href=\"https:\/\/www.bottene.it\/es\/ligna-fair-2019-hannover-es\/\">LIGNA FAIR 2019 HANNOVER, AN IMPORTANT SUCCESS!<\/a><\/li>\n\t\t<li class=\"wsp-post\"><a href=\"https:\/\/www.bottene.it\/es\/un-taller-especial-en-ljubljana\/\">Un taller especial en Ljubljana, a great opportunity for networking<\/a><\/li>\n<\/ul><\/li>\n\t<li><strong class=\"wsp-category-title\"><a href=\"https:\/\/www.bottene.it\/es\/category\/robots-es\/\">Robots<\/a><\/strong>\n<\/li>\n\t<li><strong class=\"wsp-category-title\"><a href=\"https:\/\/www.bottene.it\/es\/category\/sin-categorizar\/\">Sin categorizar<\/a><\/strong>\n<ul class=\"wsp-posts-list\">\t\t<li class=\"wsp-post\"><a href=\"https:\/\/www.bottene.it\/es\/spaccatrice-target-mod-602l-e-603hl\/\">Desdobladora TARGET mod. 602L e 603HL<\/a><\/li>\n\t\t<li class=\"wsp-post\"><a href=\"https:\/\/www.bottene.it\/es\/robots\/\">Paletizadores<\/a><\/li>\n\t\t<li class=\"wsp-post\"><a href=\"https:\/\/www.bottene.it\/es\/escaner-opti-scan-4\/\">Esc\u00e1ner OPTI SCAN 4<\/a><\/li>\n\t\t<li class=\"wsp-post\"><a href=\"https:\/\/www.bottene.it\/es\/escaner-para-paneles\/\">Esc\u00e1ner para paneles<\/a><\/li>\n<\/ul><\/li>\n\t<li><strong class=\"wsp-category-title\"><a href=\"https:\/\/www.bottene.it\/es\/category\/sistemas-de-vision\/\">Sistemas de visi\u00f3n<\/a><\/strong>\n<\/li>\n\t<li><strong class=\"wsp-category-title\"><a href=\"https:\/\/www.bottene.it\/es\/category\/tronzadoras\/\">Tronzadoras - Scanner<\/a><\/strong>\n<ul class=\"wsp-posts-list\">\t\t<li class=\"wsp-post\"><a href=\"https:\/\/www.bottene.it\/es\/tronzadoras-para-serreria-r700-r800-ro500\/\">Tronzadoras  para serrer\u00eda R700-R800-RO500<\/a><\/li>\n\t\t<li class=\"wsp-post\"><a href=\"https:\/\/www.bottene.it\/es\/tronzadoras-semiautomaticas-r400-r500-r550\/\">Tronzadoras Semiautom\u00e1ticas R400-R500-R550<\/a><\/li>\n\t<li><strong class=\"wsp-category-title\"><a href=\"https:\/\/www.bottene.it\/es\/category\/tronzadoras\/scanner-alta-velocidad\/\">Scanner alta velocidad<\/a><\/strong>\n<ul class=\"wsp-posts-list\">\t\t<li class=\"wsp-post\"><a href=\"https:\/\/www.bottene.it\/es\/merlin-qx-scanner-alta-velocidad\/\">Merlin QX<\/a><\/li>\n<\/ul><\/li>\n\t<li><strong class=\"wsp-category-title\"><a href=\"https:\/\/www.bottene.it\/es\/category\/tronzadoras\/tronzadoras-con-empujador\/\">Tronzadoras con empujador<\/a><\/strong>\n<ul class=\"wsp-posts-list\">\t\t<li class=\"wsp-post\"><a href=\"https:\/\/www.bottene.it\/es\/tronzadora-optimizadora-push-100\/\">Tronzadora optimizadora PUSH 100<\/a><\/li>\n\t\t<li class=\"wsp-post\"><a href=\"https:\/\/www.bottene.it\/es\/tronzadora-optimizadora-push-180\/\">Tronzadora optimizadora PUSH 250<\/a><\/li>\n\t\t<li class=\"wsp-post\"><a href=\"https:\/\/www.bottene.it\/es\/tronzadora-giratoria-push-180r\/\">Tronzadora Giratoria PUSH 250R<\/a><\/li>\n\t\t<li class=\"wsp-post\"><a href=\"https:\/\/www.bottene.it\/es\/tronzadora-a-paquete-push-1200\/\">Tronzadora a paquete PUSH 1200<\/a><\/li>\n<\/ul><\/li>\n\t<li><strong class=\"wsp-category-title\"><a href=\"https:\/\/www.bottene.it\/es\/category\/tronzadoras\/tronzadoras-en-continuo\/\">Tronzadoras en cont\u00ednuo<\/a><\/strong>\n<ul class=\"wsp-posts-list\">\t\t<li class=\"wsp-post\"><a href=\"https:\/\/www.bottene.it\/es\/tronzadora-optimizadora-opti-599\/\">Tronzadora optimizadora OPTI 599<\/a><\/li>\n\t\t<li class=\"wsp-post\"><a href=\"https:\/\/www.bottene.it\/es\/tronzadora-para-serreria-optimax\/\">Tronzadora para serrer\u00eda OPTIMAX<\/a><\/li>\n\t\t<li class=\"wsp-post\"><a href=\"https:\/\/www.bottene.it\/es\/troncatrice-ottimizzatrice-optimax-600\/\">TRONZADORA OPTIMIZADORA OPTIMAX 600<\/a><\/li>\n<\/ul><\/li>\n\t<li><strong class=\"wsp-category-title\"><a href=\"https:\/\/www.bottene.it\/es\/category\/tronzadoras\/tronzadoras-para-serreria\/\">Tronzadoras para serrer\u00eda<\/a><\/strong>\n<\/li>\n\t<li><strong class=\"wsp-category-title\"><a href=\"https:\/\/www.bottene.it\/es\/category\/tronzadoras\/tronzadoras-semiautomaticas\/\">Tronzadoras semiautom\u00e1ticas<\/a><\/strong>\n<\/li>\n<\/ul><\/li>\n<\/ul>\n<\/div>\n","protected":false},"excerpt":{"rendered":"","protected":false},"author":1,"featured_media":0,"parent":0,"menu_order":0,"comment_status":"closed","ping_status":"closed","template":"","meta":{"footnotes":"","_wp_rev_ctl_limit":""},"class_list":["post-2140","page","type-page","status-publish","hentry"],"_links":{"self":[{"href":"https:\/\/www.bottene.it\/es\/wp-json\/wp\/v2\/pages\/2140","targetHints":{"allow":["GET"]}}],"collection":[{"href":"https:\/\/www.bottene.it\/es\/wp-json\/wp\/v2\/pages"}],"about":[{"href":"https:\/\/www.bottene.it\/es\/wp-json\/wp\/v2\/types\/page"}],"author":[{"embeddable":true,"href":"https:\/\/www.bottene.it\/es\/wp-json\/wp\/v2\/users\/1"}],"replies":[{"embeddable":true,"href":"https:\/\/www.bottene.it\/es\/wp-json\/wp\/v2\/comments?post=2140"}],"version-history":[{"count":1,"href":"https:\/\/www.bottene.it\/es\/wp-json\/wp\/v2\/pages\/2140\/revisions"}],"predecessor-version":[{"id":11029,"href":"https:\/\/www.bottene.it\/es\/wp-json\/wp\/v2\/pages\/2140\/revisions\/11029"}],"wp:attachment":[{"href":"https:\/\/www.bottene.it\/es\/wp-json\/wp\/v2\/media?parent=2140"}],"curies":[{"name":"wp","href":"https:\/\/api.w.org\/{rel}","templated":true}]}}