{"id":2123,"date":"2016-01-13T16:12:15","date_gmt":"2016-01-13T16:12:15","guid":{"rendered":"http:\/\/www.evisoletest.com\/bottene\/es\/?page_id=2123"},"modified":"2016-01-14T15:19:46","modified_gmt":"2016-01-14T15:19:46","slug":"ingenieria","status":"publish","type":"page","link":"https:\/\/www.bottene.it\/es\/ingenieria\/","title":{"rendered":"Ingenier\u00eda"},"content":{"rendered":"\n<div  data-wk-scrollspy=\"{target:'> div > [data-wk-scrollspy-cls]', delay:300}\">\n\n\n    \n    <div class=\"wk-grid wk-text-left wk-flex-middle\" data-wk-grid-match data-wk-margin=\"{cls:'wk-margin-top'}\">\n\n        \n                <div class=\"wk-width-1-1 wk-invisible\"  data-wk-scrollspy-cls=\"wk-animation-slide-right wk-invisible\">\n            <div class=\"wk-panel wk-width-1-1\">\n\n                \n                                <h3 class=\"wk-h3\">\n\n                                            <a class=\"wk-link-reset\" href=\"https:\/\/www.bottene.it\/es\/linea-completa-para-la-produccion-de-casas-en-madera\/\">Linea completa para la producci\u00f3n de casas en madera<\/a>\n                    \n                    \n                <\/h3>\n                \n                                <div class=\"wk-margin\"><p><iframe loading=\"lazy\" src=\"https:\/\/www.youtube.com\/embed\/wfRpTpXrWKo\" width=\"560\" height=\"315\" frameborder=\"0\" allowfullscreen=\"allowfullscreen\"><\/iframe><\/p>\n<p>Instalaci\u00f3n autom\u00e1tica para la producci\u00f3n de casas en madera.<\/p>\n<p>La combinaci\u00f3n de la estaci\u00f3n de detecci\u00f3n de: peso, humedad, consistencia y del esc\u00e1ner de visi\u00f3n OPTI SCAN 4 para la detecci\u00f3n de: nudos, curvado, fibras y dimensiones, \u00a0aseguran la m\u00e1xima calidad requerida para la producci\u00f3n de paneles XLAM-CLT.<\/p>\n<p>&nbsp;<\/p>\n<\/div>\n                \n                \n                                <p><a class=\"wk-button\" href=\"https:\/\/www.bottene.it\/es\/linea-completa-para-la-produccion-de-casas-en-madera\/\">Leer m\u00e1s<\/a><\/p>\n                \n            <\/div>\n        <\/div>\n        \n    <\/div>\n\n    <hr class=\"wk-grid-divider \">\n\n    \n    <div class=\"wk-grid wk-text-left wk-flex-middle\" data-wk-grid-match data-wk-margin=\"{cls:'wk-margin-top'}\">\n\n        \n                <div class=\"wk-width-1-1 wk-invisible\"  data-wk-scrollspy-cls=\"wk-animation-slide-left wk-invisible\">\n            <div class=\"wk-panel wk-width-1-1\">\n\n                \n                                <h3 class=\"wk-h3\">\n\n                                            <a class=\"wk-link-reset\" href=\"https:\/\/www.bottene.it\/es\/linea-de-produccion-de-lamas-para-parquet\/\">Linea de producci\u00f3n de lamas para parquet<\/a>\n                    \n                    \n                <\/h3>\n                \n                                <div class=\"wk-margin\"><p><iframe loading=\"lazy\" src=\"https:\/\/www.youtube.com\/embed\/67e7CfZa7dA\" width=\"560\" height=\"315\" frameborder=\"0\" allowfullscreen=\"allowfullscreen\" data-mce-fragment=\"1\"><\/iframe><\/p>\n<\/div>\n                \n                \n                                <p><a class=\"wk-button\" href=\"https:\/\/www.bottene.it\/es\/linea-de-produccion-de-lamas-para-parquet\/\">Leer m\u00e1s<\/a><\/p>\n                \n            <\/div>\n        <\/div>\n        \n    <\/div>\n\n    <hr class=\"wk-grid-divider \">\n\n    \n    <div class=\"wk-grid wk-text-left wk-flex-middle\" data-wk-grid-match data-wk-margin=\"{cls:'wk-margin-top'}\">\n\n        \n                <div class=\"wk-width-1-1 wk-invisible\"  data-wk-scrollspy-cls=\"wk-animation-slide-right wk-invisible\">\n            <div class=\"wk-panel wk-width-1-1\">\n\n                \n                                <h3 class=\"wk-h3\">\n\n                                            <a class=\"wk-link-reset\" href=\"https:\/\/www.bottene.it\/es\/carga-clavadoras-para-palets\/\">Carga clavadoras para palets<\/a>\n                    \n                    \n                <\/h3>\n                \n                                <div class=\"wk-margin\"><p><iframe loading=\"lazy\" src=\"https:\/\/www.youtube.com\/embed\/GMQmFoPTucY?rel=0\" width=\"560\" height=\"315\" frameborder=\"0\" allowfullscreen=\"allowfullscreen\"><\/iframe><\/p>\n<\/div>\n                \n                \n                                <p><a class=\"wk-button\" href=\"https:\/\/www.bottene.it\/es\/carga-clavadoras-para-palets\/\">Leer m\u00e1s<\/a><\/p>\n                \n            <\/div>\n        <\/div>\n        \n    <\/div>\n\n    <hr class=\"wk-grid-divider \">\n\n    \n    <div class=\"wk-grid wk-text-left wk-flex-middle\" data-wk-grid-match data-wk-margin=\"{cls:'wk-margin-top'}\">\n\n        \n                <div class=\"wk-width-1-1 wk-invisible\"  data-wk-scrollspy-cls=\"wk-animation-slide-left wk-invisible\">\n            <div class=\"wk-panel wk-width-1-1\">\n\n                \n                                <h3 class=\"wk-h3\">\n\n                                            <a class=\"wk-link-reset\" href=\"https:\/\/www.bottene.it\/es\/carichi-automatici-chiodatrici-per-pallets\/\">CARGAS AUTOM\u00c1TICAS PARA CLAVADORAS DE PALETS<\/a>\n                    \n                    \n                <\/h3>\n                \n                                <div class=\"wk-margin\"><p><iframe loading=\"lazy\" src=\"https:\/\/www.youtube.com\/embed\/GMQmFoPTucY?rel=0\" width=\"560\" height=\"315\" frameborder=\"0\" allowfullscreen=\"allowfullscreen\"><\/iframe><\/p>\n<\/div>\n                \n                \n                                <p><a class=\"wk-button\" href=\"https:\/\/www.bottene.it\/es\/carichi-automatici-chiodatrici-per-pallets\/\">Leer m\u00e1s<\/a><\/p>\n                \n            <\/div>\n        <\/div>\n        \n    <\/div>\n\n    <hr class=\"wk-grid-divider \">\n\n    \n    <div class=\"wk-grid wk-text-left wk-flex-middle\" data-wk-grid-match data-wk-margin=\"{cls:'wk-margin-top'}\">\n\n        \n                <div class=\"wk-width-1-1 wk-invisible\"  data-wk-scrollspy-cls=\"wk-animation-slide-right wk-invisible\">\n            <div class=\"wk-panel wk-width-1-1\">\n\n                \n                                <h3 class=\"wk-h3\">\n\n                                            <a class=\"wk-link-reset\" href=\"https:\/\/www.bottene.it\/es\/linea-de-corte-automatico-para-palets-push-1200\/\">Linea de corte automatico para palets PUSH 1200<\/a>\n                    \n                    \n                <\/h3>\n                \n                                <div class=\"wk-margin\"><p><iframe loading=\"lazy\" src=\"https:\/\/www.youtube.com\/embed\/jfImhMr0sAw?rel=0\" width=\"560\" height=\"315\" frameborder=\"0\" allowfullscreen=\"allowfullscreen\"><\/iframe><\/p>\n<\/div>\n                \n                \n                                <p><a class=\"wk-button\" href=\"https:\/\/www.bottene.it\/es\/linea-de-corte-automatico-para-palets-push-1200\/\">Leer m\u00e1s<\/a><\/p>\n                \n            <\/div>\n        <\/div>\n        \n    <\/div>\n\n    <hr class=\"wk-grid-divider \">\n\n    \n    <div class=\"wk-grid wk-text-left wk-flex-middle\" data-wk-grid-match data-wk-margin=\"{cls:'wk-margin-top'}\">\n\n        \n                <div class=\"wk-width-1-1 wk-invisible\"  data-wk-scrollspy-cls=\"wk-animation-slide-left wk-invisible\">\n            <div class=\"wk-panel wk-width-1-1\">\n\n                \n                                <h3 class=\"wk-h3\">\n\n                                            <a class=\"wk-link-reset\" href=\"https:\/\/www.bottene.it\/es\/linea-de-corte-automatico-para-palets-push-180-xl\/\">Linea de corte automatico para palets PUSH 180 XL<\/a>\n                    \n                    \n                <\/h3>\n                \n                                <div class=\"wk-margin\"><p><iframe loading=\"lazy\" src=\"https:\/\/www.youtube.com\/embed\/nki7WTMgtVA?rel=0\" width=\"560\" height=\"315\" frameborder=\"0\" allowfullscreen=\"allowfullscreen\"><\/iframe><\/p>\n<\/div>\n                \n                \n                                <p><a class=\"wk-button\" href=\"https:\/\/www.bottene.it\/es\/linea-de-corte-automatico-para-palets-push-180-xl\/\">Leer m\u00e1s<\/a><\/p>\n                \n            <\/div>\n        <\/div>\n        \n    <\/div>\n\n    <hr class=\"wk-grid-divider \">\n\n    \n    <div class=\"wk-grid wk-text-left wk-flex-middle\" data-wk-grid-match data-wk-margin=\"{cls:'wk-margin-top'}\">\n\n        \n                <div class=\"wk-width-1-1 wk-invisible\"  data-wk-scrollspy-cls=\"wk-animation-slide-right wk-invisible\">\n            <div class=\"wk-panel wk-width-1-1\">\n\n                \n                                <h3 class=\"wk-h3\">\n\n                                            <a class=\"wk-link-reset\" href=\"https:\/\/www.bottene.it\/es\/instalacion-madera-laminada-para-vigas-y-paredes\/\">Instalaci\u00f3n madera laminada para vigas y paredes<\/a>\n                    \n                    \n                <\/h3>\n                \n                                <div class=\"wk-margin\"><p><iframe loading=\"lazy\" src=\"https:\/\/www.youtube.com\/embed\/MdgGqQdeaPM?rel=0\" width=\"560\" height=\"315\" frameborder=\"0\" allowfullscreen=\"allowfullscreen\"><\/iframe>\u00f3\u00f3\u00f3<\/p>\n<\/div>\n                \n                \n                                <p><a class=\"wk-button\" href=\"https:\/\/www.bottene.it\/es\/instalacion-madera-laminada-para-vigas-y-paredes\/\">Leer m\u00e1s<\/a><\/p>\n                \n            <\/div>\n        <\/div>\n        \n    <\/div>\n\n    <hr class=\"wk-grid-divider \">\n\n    \n    <div class=\"wk-grid wk-text-left wk-flex-middle\" data-wk-grid-match data-wk-margin=\"{cls:'wk-margin-top'}\">\n\n        \n                <div class=\"wk-width-1-1 wk-invisible\"  data-wk-scrollspy-cls=\"wk-animation-slide-left wk-invisible\">\n            <div class=\"wk-panel wk-width-1-1\">\n\n                \n                                <h3 class=\"wk-h3\">\n\n                                            <a class=\"wk-link-reset\" href=\"https:\/\/www.bottene.it\/es\/impianto-di-troncatura-automatico-per-pallets-push-1200\/\">INSTALACI\u00d3N DE TRONZADO AUTOM\u00c1TICO PARA PALETS PUSH 1200<\/a>\n                    \n                    \n                <\/h3>\n                \n                                <div class=\"wk-margin\"><p><iframe loading=\"lazy\" src=\"https:\/\/www.youtube.com\/embed\/jfImhMr0sAw?rel=0\" width=\"560\" height=\"315\" frameborder=\"0\" allowfullscreen=\"allowfullscreen\"><\/iframe><\/p>\n<p>Linea de tronzado completamente autom\u00e1tica con alta capacidad productiva utilizando la tronzadora de grandes dimensiones <a href=\"https:\/\/www.bottene.it\/es\/tronzadora-a-paquete-push-1200\/\">PUSH 1200<\/a> con una capacidad de corte 130x1200mm.<br \/>\nUtilizada principalmente por poductores de palet o semilavorados para la producci\u00f3n de tablas y traviesas con gran capacidad productiva hasta 200 M2 por turno<\/p>\n<\/div>\n                \n                \n                                <p><a class=\"wk-button\" href=\"https:\/\/www.bottene.it\/es\/impianto-di-troncatura-automatico-per-pallets-push-1200\/\">Leer m\u00e1s<\/a><\/p>\n                \n            <\/div>\n        <\/div>\n        \n    <\/div>\n\n    <hr class=\"wk-grid-divider \">\n\n    \n    <div class=\"wk-grid wk-text-left wk-flex-middle\" data-wk-grid-match data-wk-margin=\"{cls:'wk-margin-top'}\">\n\n        \n                <div class=\"wk-width-1-1 wk-invisible\"  data-wk-scrollspy-cls=\"wk-animation-slide-right wk-invisible\">\n            <div class=\"wk-panel wk-width-1-1\">\n\n                \n                                <h3 class=\"wk-h3\">\n\n                                            <a class=\"wk-link-reset\" href=\"https:\/\/www.bottene.it\/es\/impianto-di-troncatura-automatico-push-180-xl\/\">INSTALACI\u00d3N DE TRONZADO AUTOM\u00c1TICO PARA PALETS PUSH 180XL<\/a>\n                    \n                    \n                <\/h3>\n                \n                                <div class=\"wk-margin\"><p><iframe loading=\"lazy\" src=\"https:\/\/www.youtube.com\/embed\/nki7WTMgtVA?rel=0\" width=\"560\" height=\"315\" frameborder=\"0\" allowfullscreen=\"allowfullscreen\"><\/iframe><\/p>\n<p>Instalaci\u00f3n de tronzado completamente autom\u00e1tico con alta capacidad productiva.<br \/>\nLa instalaci\u00f3n est\u00e1 dotada de sistema de recogida y preparaci\u00f3n de los paquetes de tablas,<br \/>\nTronzadora Optimizadora <a href=\"https:\/\/www.bottene.it\/es\/tronzadora-optimizadora-push-180\/\">PUSH 180 XL<\/a> con sistema de descarga y apilado.<\/p>\n<\/div>\n                \n                \n                                <p><a class=\"wk-button\" href=\"https:\/\/www.bottene.it\/es\/impianto-di-troncatura-automatico-push-180-xl\/\">Leer m\u00e1s<\/a><\/p>\n                \n            <\/div>\n        <\/div>\n        \n    <\/div>\n\n    <hr class=\"wk-grid-divider \">\n\n    \n    <div class=\"wk-grid wk-text-left wk-flex-middle\" data-wk-grid-match data-wk-margin=\"{cls:'wk-margin-top'}\">\n\n        \n                <div class=\"wk-width-1-1 wk-invisible\"  data-wk-scrollspy-cls=\"wk-animation-slide-left wk-invisible\">\n            <div class=\"wk-panel wk-width-1-1\">\n\n                \n                                <h3 class=\"wk-h3\">\n\n                                            <a class=\"wk-link-reset\" href=\"https:\/\/www.bottene.it\/es\/impianto-legno-lamellare-per-travi-e-pareti\/\">INSTALACI\u00d3N MADERA LAMINADA PARA VIGAS Y PAREDES<\/a>\n                    \n                    \n                <\/h3>\n                \n                                <div class=\"wk-margin\"><p><iframe loading=\"lazy\" src=\"https:\/\/www.youtube.com\/embed\/MdgGqQdeaPM?rel=0\" width=\"560\" height=\"315\" frameborder=\"0\" allowfullscreen=\"allowfullscreen\"><\/iframe><\/p>\n<p>Instalaci\u00f3n para la producci\u00f3n de tablas en madera laminada hasta 14 metros, completa de:<br \/>\nTronzadora Optimizadora <a href=\"https:\/\/www.bottene.it\/es\/tronzadora-optimizadora-push-180\/\">PUSH 180 XL<\/a> con detector de humedad.<br \/>\nFinger Joint en cont\u00ednuo <a href=\"https:\/\/www.bottene.it\/es\/finger-joint-compact\/\">COMPACT<\/a>.<br \/>\nMoldurera <a href=\"https:\/\/www.bottene.it\/es\/scorniciatrice-target-serie-350-600\/\">TARGET 606<\/a>.<\/p>\n<p>&nbsp;<\/p>\n<\/div>\n                \n                \n                                <p><a class=\"wk-button\" href=\"https:\/\/www.bottene.it\/es\/impianto-legno-lamellare-per-travi-e-pareti\/\">Leer m\u00e1s<\/a><\/p>\n                \n            <\/div>\n        <\/div>\n        \n    <\/div>\n\n    <hr class=\"wk-grid-divider \">\n\n    \n    <div class=\"wk-grid wk-text-left wk-flex-middle\" data-wk-grid-match data-wk-margin=\"{cls:'wk-margin-top'}\">\n\n        \n                <div class=\"wk-width-1-1 wk-invisible\"  data-wk-scrollspy-cls=\"wk-animation-slide-right wk-invisible\">\n            <div class=\"wk-panel wk-width-1-1\">\n\n                \n                                <h3 class=\"wk-h3\">\n\n                                            <a class=\"wk-link-reset\" href=\"https:\/\/www.bottene.it\/es\/linea-de-seleccion-tablas-para-palets\/\">L\u00ednea de selecci\u00f3n tablas para palets<\/a>\n                    \n                    \n                <\/h3>\n                \n                                <div class=\"wk-margin\"><p><iframe loading=\"lazy\" title=\"BOTTENE SCANNER TECNOLOGY\" width=\"500\" height=\"281\" src=\"https:\/\/www.youtube.com\/embed\/QjVFedqnsh4?feature=oembed\" frameborder=\"0\" allow=\"accelerometer; autoplay; clipboard-write; encrypted-media; gyroscope; picture-in-picture; web-share\" referrerpolicy=\"strict-origin-when-cross-origin\" allowfullscreen><\/iframe><\/p>\n<p>L\u00ednea de selecci\u00f3n de calidad y dimensiones tablas para palets con utilizaci\u00f3n de el \u00e9scaner<a href=\"https:\/\/www.bottene.it\/es\/escaner-opti-scan-4\/\"> OPTI SCAN 4<\/a>.<\/p>\n<p>Capacidad de producci\u00f3n : 60 tablas \/ minuto<\/p>\n<\/div>\n                \n                \n                                <p><a class=\"wk-button\" href=\"https:\/\/www.bottene.it\/es\/linea-de-seleccion-tablas-para-palets\/\">Leer m\u00e1s<\/a><\/p>\n                \n            <\/div>\n        <\/div>\n        \n    <\/div>\n\n    <hr class=\"wk-grid-divider \">\n\n    \n    <div class=\"wk-grid wk-text-left wk-flex-middle\" data-wk-grid-match data-wk-margin=\"{cls:'wk-margin-top'}\">\n\n        \n                <div class=\"wk-width-1-1 wk-invisible\"  data-wk-scrollspy-cls=\"wk-animation-slide-left wk-invisible\">\n            <div class=\"wk-panel wk-width-1-1\">\n\n                \n                                <h3 class=\"wk-h3\">\n\n                                            <a class=\"wk-link-reset\" href=\"https:\/\/www.bottene.it\/es\/instalacion-automatica-para-la-fabricacion-de-tablas-empalmadas-2\/\">Instalaci\u00f3n autom\u00e1tica para la fabricaci\u00f3n de tablas empalmadas.<\/a>\n                    \n                    \n                <\/h3>\n                \n                                <div class=\"wk-margin\"><p><iframe loading=\"lazy\" width=\"560\" height=\"315\" src=\"https:\/\/www.youtube.com\/embed\/bUlkX-NknEA?rel=0\" frameborder=\"0\" allowfullscreen><\/iframe><\/p>\n<p>La instalaci\u00f3n est\u00e1 compuesta por: carga autom\u00e1tica por vac\u00edo, <a href=\"https:\/\/www.bottene.it\/es\/escaner-opti-scan-4\/\">OPTISCAN 4<\/a> con tronzadora <a href=\"https:\/\/www.bottene.it\/es\/tronzadora-optimizadora-opti-599\/\">OPTI 599<\/a> para detectar y eliminar los defectos de la madera seg\u00fan la calidad deseada, formaci\u00f3n del paquete en autom\u00e1tico, finger joint mod. <a href=\"https:\/\/www.bottene.it\/finger-joint-heron\/\">HERON HS<\/a> para la producci\u00f3n de barras empalmadas hasta 6 mts ( 12 mts bajo demanda ), tronzadora <a href=\"https:\/\/www.bottene.it\/es\/tronzadora-optimizadora-push-180\/\">PUSH 180 XL<\/a> para el corte preciso a medida de las piezas y apilador autom\u00e1tico al final de la linea.<\/p>\n<\/div>\n                \n                \n                                <p><a class=\"wk-button\" href=\"https:\/\/www.bottene.it\/es\/instalacion-automatica-para-la-fabricacion-de-tablas-empalmadas-2\/\">Leer m\u00e1s<\/a><\/p>\n                \n            <\/div>\n        <\/div>\n        \n    <\/div>\n\n    <hr class=\"wk-grid-divider \">\n\n    \n    <div class=\"wk-grid wk-text-left wk-flex-middle\" data-wk-grid-match data-wk-margin=\"{cls:'wk-margin-top'}\">\n\n        \n                <div class=\"wk-width-1-1 wk-invisible\"  data-wk-scrollspy-cls=\"wk-animation-slide-right wk-invisible\">\n            <div class=\"wk-panel wk-width-1-1\">\n\n                \n                                <h3 class=\"wk-h3\">\n\n                                            <a class=\"wk-link-reset\" href=\"https:\/\/www.bottene.it\/es\/instalacion-para-la-produccion-de-molduras\/\">Instalaci\u00f3n para la producci\u00f3n de molduras<\/a>\n                    \n                    \n                <\/h3>\n                \n                                <div class=\"wk-margin\"><p><iframe loading=\"lazy\" title=\"BOTTENE ENGINEERING Complete plant for frames production\" width=\"500\" height=\"281\" src=\"https:\/\/www.youtube.com\/embed\/xmI7kk9HRjM?feature=oembed\" frameborder=\"0\" allow=\"accelerometer; autoplay; clipboard-write; encrypted-media; gyroscope; picture-in-picture; web-share\" referrerpolicy=\"strict-origin-when-cross-origin\" allowfullscreen><\/iframe><\/p>\n<\/div>\n                \n                \n                                <p><a class=\"wk-button\" href=\"https:\/\/www.bottene.it\/es\/instalacion-para-la-produccion-de-molduras\/\">Leer m\u00e1s<\/a><\/p>\n                \n            <\/div>\n        <\/div>\n        \n    <\/div>\n\n    <hr class=\"wk-grid-divider \">\n\n    \n    <div class=\"wk-grid wk-text-left wk-flex-middle\" data-wk-grid-match data-wk-margin=\"{cls:'wk-margin-top'}\">\n\n        \n                <div class=\"wk-width-1-1 wk-invisible\"  data-wk-scrollspy-cls=\"wk-animation-slide-left wk-invisible\">\n            <div class=\"wk-panel wk-width-1-1\">\n\n                \n                                <h3 class=\"wk-h3\">\n\n                                            <a class=\"wk-link-reset\" href=\"https:\/\/www.bottene.it\/es\/impianto-per-la-produzione-di-cornici\/\">INSTALACI\u00d3N PARA LA PRODUCCI\u00d3N DE MOLDURAS<\/a>\n                    \n                    \n                <\/h3>\n                \n                                <div class=\"wk-margin\"><p><iframe loading=\"lazy\" src=\"https:\/\/www.youtube.com\/embed\/xmI7kk9HRjM?rel=0\" width=\"560\" height=\"315\" frameborder=\"0\" allowfullscreen=\"allowfullscreen\"><\/iframe><\/p>\n<p>INSTALACI\u00d3N COMPLETA PARA LA PRODUCCI\u00d3N DE MOLDURAS<\/p>\n<p>Instalaci\u00f3n con alta capacidad productiva completa con cargador a vac\u00edo con recuperaci\u00f3n de los listones, esc\u00e1ner <a href=\"https:\/\/www.bottene.it\/es\/escaner-opti-scan-4\/\">OPTISCAN 4<\/a>, dos tronzadoras <a href=\"https:\/\/www.bottene.it\/es\/tronzadora-optimizadora-opti-599\/\">OPTI 599<\/a>, tapetes de selecci\u00f3n con expulsores neum\u00e1ticos y dos finger joint<a href=\"https:\/\/www.bottene.it\/es\/finger-joint-heron\/\"> HERON HS<\/a> para tablas de 6 a 12 mts. Producci\u00f3n 60 metros lineales\/minuto.<\/p>\n<\/div>\n                \n                \n                                <p><a class=\"wk-button\" href=\"https:\/\/www.bottene.it\/es\/impianto-per-la-produzione-di-cornici\/\">Leer m\u00e1s<\/a><\/p>\n                \n            <\/div>\n        <\/div>\n        \n    <\/div>\n\n    <hr class=\"wk-grid-divider \">\n\n    \n    <div class=\"wk-grid wk-text-left wk-flex-middle\" data-wk-grid-match data-wk-margin=\"{cls:'wk-margin-top'}\">\n\n        \n                <div class=\"wk-width-1-1 wk-invisible\"  data-wk-scrollspy-cls=\"wk-animation-slide-right wk-invisible\">\n            <div class=\"wk-panel wk-width-1-1\">\n\n                \n                                <h3 class=\"wk-h3\">\n\n                                            <a class=\"wk-link-reset\" href=\"https:\/\/www.bottene.it\/es\/3033\/\">Sistema de carga parquet para lijadora<\/a>\n                    \n                    \n                <\/h3>\n                \n                                <div class=\"wk-margin\"><p><iframe loading=\"lazy\" width=\"560\" height=\"315\" src=\"https:\/\/www.youtube.com\/embed\/omiDQUELA8Q?rel=0\" frameborder=\"0\" allowfullscreen><\/iframe><\/p>\n<\/div>\n                \n                \n                                <p><a class=\"wk-button\" href=\"https:\/\/www.bottene.it\/es\/3033\/\">Leer m\u00e1s<\/a><\/p>\n                \n            <\/div>\n        <\/div>\n        \n    <\/div>\n\n    <hr class=\"wk-grid-divider \">\n\n    \n    <div class=\"wk-grid wk-text-left wk-flex-middle\" data-wk-grid-match data-wk-margin=\"{cls:'wk-margin-top'}\">\n\n        \n                <div class=\"wk-width-1-1 wk-invisible\"  data-wk-scrollspy-cls=\"wk-animation-slide-left wk-invisible\">\n            <div class=\"wk-panel wk-width-1-1\">\n\n                \n                                <h3 class=\"wk-h3\">\n\n                                            <a class=\"wk-link-reset\" href=\"https:\/\/www.bottene.it\/es\/instalacion-de-tronzado-para-la-produccion-de-perfiles\/\">Instalaci\u00f3n de tronzado para la producci\u00f3n de perfiles<\/a>\n                    \n                    \n                <\/h3>\n                \n                                <div class=\"wk-margin\"><p>https:\/\/www.youtube.com\/watch?v=2ijILZfDVuE<\/p>\n<p>Brasil. Instalaci\u00f3n de tronzado con una alta capacidad productiva completa con cargador a vac\u00edo, con recuperci\u00f3n de los listones, esc\u00e1ner <a href=\"https:\/\/www.bottene.it\/es\/escaner-opti-scan-4\/\">OPTI SCAN 4<\/a>, dos tronzadoras <a href=\"https:\/\/www.bottene.it\/es\/tronzadora-optimizadora-opti-599\/\">OPTI 599<\/a>\u00a0y tapetes de seleci\u00f3n con expulsores neum\u00e1ticos.<\/p>\n<\/div>\n                \n                \n                                <p><a class=\"wk-button\" href=\"https:\/\/www.bottene.it\/es\/instalacion-de-tronzado-para-la-produccion-de-perfiles\/\">Leer m\u00e1s<\/a><\/p>\n                \n            <\/div>\n        <\/div>\n        \n    <\/div>\n\n    \n\n<\/div>\n\n","protected":false},"excerpt":{"rendered":"","protected":false},"author":1,"featured_media":0,"parent":0,"menu_order":0,"comment_status":"closed","ping_status":"closed","template":"","meta":{"footnotes":"","_wp_rev_ctl_limit":""},"class_list":["post-2123","page","type-page","status-publish","hentry"],"_links":{"self":[{"href":"https:\/\/www.bottene.it\/es\/wp-json\/wp\/v2\/pages\/2123","targetHints":{"allow":["GET"]}}],"collection":[{"href":"https:\/\/www.bottene.it\/es\/wp-json\/wp\/v2\/pages"}],"about":[{"href":"https:\/\/www.bottene.it\/es\/wp-json\/wp\/v2\/types\/page"}],"author":[{"embeddable":true,"href":"https:\/\/www.bottene.it\/es\/wp-json\/wp\/v2\/users\/1"}],"replies":[{"embeddable":true,"href":"https:\/\/www.bottene.it\/es\/wp-json\/wp\/v2\/comments?post=2123"}],"version-history":[{"count":0,"href":"https:\/\/www.bottene.it\/es\/wp-json\/wp\/v2\/pages\/2123\/revisions"}],"wp:attachment":[{"href":"https:\/\/www.bottene.it\/es\/wp-json\/wp\/v2\/media?parent=2123"}],"curies":[{"name":"wp","href":"https:\/\/api.w.org\/{rel}","templated":true}]}}