{"id":2107,"date":"2016-01-13T16:09:00","date_gmt":"2016-01-13T16:09:00","guid":{"rendered":"http:\/\/www.evisoletest.com\/bottene\/es\/?page_id=2107"},"modified":"2016-01-14T15:19:15","modified_gmt":"2016-01-14T15:19:15","slug":"finger-joint-en-continuo","status":"publish","type":"page","link":"https:\/\/www.bottene.it\/es\/finger-joint-empalmadoras\/finger-joint-en-continuo\/","title":{"rendered":"Finger Joint en cont\u00ednuo"},"content":{"rendered":"\n<div  data-wk-scrollspy=\"{target:'> div > [data-wk-scrollspy-cls]', delay:300}\">\n\n\n    \n    <div class=\"wk-grid wk-text-left wk-flex-middle\" data-wk-grid-match data-wk-margin=\"{cls:'wk-margin-top'}\">\n\n        \n                <div class=\"wk-width-1-1 wk-invisible\"  data-wk-scrollspy-cls=\"wk-animation-slide-right wk-invisible\">\n            <div class=\"wk-panel wk-width-1-1\">\n\n                \n                                <h3 class=\"wk-h3\">\n\n                                            <a class=\"wk-link-reset\" href=\"https:\/\/www.bottene.it\/es\/finger-joint-compact\/\">Finger Joint COMPACT<\/a>\n                    \n                    \n                <\/h3>\n                \n                                <div class=\"wk-margin\"><p><a href=\"https:\/\/www.bottene.it\/wp-content\/uploads\/2015\/12\/CompactBas.jpg-RITAGLIO.jpg\" rel=\"attachment wp-att-1256\"><img loading=\"lazy\" decoding=\"async\" class=\"wp-image-1256 size-large alignnone\" src=\"https:\/\/www.bottene.it\/wp-content\/uploads\/2015\/12\/CompactBas.jpg-RITAGLIO-1024x746.jpg\" alt=\"CompactBas.jpg RITAGLIO\" width=\"1024\" height=\"746\" \/><\/a><\/p>\n<p><strong>COMPACT<\/strong><\/p>\n<p>L\u00ednea de empalmado en cont\u00ednuo principalmente utilizada para realizar elementos destinados a la producci\u00f3n de estructuras laminadas o macizas. Dispone de todos los est\u00e1ndares necesarios para poder obtener la certificaci\u00f3n del producto.<\/p>\n<\/div>\n                \n                \n                                <p><a class=\"wk-button\" href=\"https:\/\/www.bottene.it\/es\/finger-joint-compact\/\">Leer m\u00e1s<\/a><\/p>\n                \n            <\/div>\n        <\/div>\n        \n    <\/div>\n\n    \n\n<\/div>\n\n","protected":false},"excerpt":{"rendered":"","protected":false},"author":1,"featured_media":0,"parent":2091,"menu_order":0,"comment_status":"closed","ping_status":"closed","template":"","meta":{"footnotes":"","_wp_rev_ctl_limit":""},"class_list":["post-2107","page","type-page","status-publish","hentry"],"_links":{"self":[{"href":"https:\/\/www.bottene.it\/es\/wp-json\/wp\/v2\/pages\/2107","targetHints":{"allow":["GET"]}}],"collection":[{"href":"https:\/\/www.bottene.it\/es\/wp-json\/wp\/v2\/pages"}],"about":[{"href":"https:\/\/www.bottene.it\/es\/wp-json\/wp\/v2\/types\/page"}],"author":[{"embeddable":true,"href":"https:\/\/www.bottene.it\/es\/wp-json\/wp\/v2\/users\/1"}],"replies":[{"embeddable":true,"href":"https:\/\/www.bottene.it\/es\/wp-json\/wp\/v2\/comments?post=2107"}],"version-history":[{"count":0,"href":"https:\/\/www.bottene.it\/es\/wp-json\/wp\/v2\/pages\/2107\/revisions"}],"up":[{"embeddable":true,"href":"https:\/\/www.bottene.it\/es\/wp-json\/wp\/v2\/pages\/2091"}],"wp:attachment":[{"href":"https:\/\/www.bottene.it\/es\/wp-json\/wp\/v2\/media?parent=2107"}],"curies":[{"name":"wp","href":"https:\/\/api.w.org\/{rel}","templated":true}]}}