{"id":2075,"date":"2016-01-13T16:02:22","date_gmt":"2016-01-13T16:02:22","guid":{"rendered":"http:\/\/www.evisoletest.com\/bottene\/es\/?page_id=2075"},"modified":"2016-01-14T15:22:38","modified_gmt":"2016-01-14T15:22:38","slug":"tronzadoras-con-empujador","status":"publish","type":"page","link":"https:\/\/www.bottene.it\/es\/tronzadoras\/tronzadoras-con-empujador\/","title":{"rendered":"Tronzadoras con empujador"},"content":{"rendered":"\n<div  data-wk-scrollspy=\"{target:'> div > [data-wk-scrollspy-cls]', delay:300}\">\n\n\n    \n    <div class=\"wk-grid wk-text-left wk-flex-middle\" data-wk-grid-match data-wk-margin=\"{cls:'wk-margin-top'}\">\n\n        \n                <div class=\"wk-width-1-1 wk-invisible\"  data-wk-scrollspy-cls=\"wk-animation-slide-right wk-invisible\">\n            <div class=\"wk-panel wk-width-1-1\">\n\n                \n                                <h3 class=\"wk-h3\">\n\n                                            <a class=\"wk-link-reset\" href=\"https:\/\/www.bottene.it\/es\/tronzadora-optimizadora-push-100\/\">Tronzadora optimizadora PUSH 100<\/a>\n                    \n                    \n                <\/h3>\n                \n                                <div class=\"wk-margin\"><p><a href=\"https:\/\/www.bottene.it\/wp-content\/uploads\/2015\/11\/Push100_001.jpg\"><img loading=\"lazy\" decoding=\"async\" class=\"wp-image-4265 size-large alignnone\" src=\"https:\/\/www.bottene.it\/wp-content\/uploads\/2015\/11\/Push100_001-1024x364.jpg\" alt=\"\" width=\"1024\" height=\"364\" srcset=\"https:\/\/www.bottene.it\/wp-content\/uploads\/2015\/11\/Push100_001-1024x364.jpg 1024w, https:\/\/www.bottene.it\/wp-content\/uploads\/2015\/11\/Push100_001-300x107.jpg 300w, https:\/\/www.bottene.it\/wp-content\/uploads\/2015\/11\/Push100_001-400x142.jpg 400w\" sizes=\"(max-width: 1024px) 100vw, 1024px\" \/><\/a><\/p>\n<p><strong>PUSH 100<\/strong><\/p>\n<p>Tronzadora Optimizadora con sistema a empujador, vers\u00e1til, precisa, econ\u00f3mica.<\/p>\n<p>El posicionamiento mediante cremallera de precisi\u00f3n asegura una m\u00e1xima precisi\u00f3n y el mantenimiento de las prestaciones de por vida, sin ning\u00fan deteriodo y ning\u00fan mantenimiento.<\/p>\n<p>Mesa de descarga con expulsor lateral.<\/p>\n<\/div>\n                \n                \n                                <p><a class=\"wk-button\" href=\"https:\/\/www.bottene.it\/es\/tronzadora-optimizadora-push-100\/\">Leer m\u00e1s<\/a><\/p>\n                \n            <\/div>\n        <\/div>\n        \n    <\/div>\n\n    <hr class=\"wk-grid-divider \">\n\n    \n    <div class=\"wk-grid wk-text-left wk-flex-middle\" data-wk-grid-match data-wk-margin=\"{cls:'wk-margin-top'}\">\n\n        \n                <div class=\"wk-width-1-1 wk-invisible\"  data-wk-scrollspy-cls=\"wk-animation-slide-left wk-invisible\">\n            <div class=\"wk-panel wk-width-1-1\">\n\n                \n                                <h3 class=\"wk-h3\">\n\n                                            <a class=\"wk-link-reset\" href=\"https:\/\/www.bottene.it\/es\/tronzadora-optimizadora-push-180\/\">Tronzadora optimizadora PUSH 250<\/a>\n                    \n                    \n                <\/h3>\n                \n                                <div class=\"wk-margin\"><p><a href=\"https:\/\/www.bottene.it\/wp-content\/uploads\/2020\/09\/2B3A0328.-tris-COPIA-747X415.jpg\"><img loading=\"lazy\" decoding=\"async\" class=\"alignnone size-full wp-image-9540\" src=\"https:\/\/www.bottene.it\/wp-content\/uploads\/2020\/09\/2B3A0328.-tris-COPIA-747X415.jpg\" alt=\"PUSH 250 XL\" width=\"1169\" height=\"415\" srcset=\"https:\/\/www.bottene.it\/wp-content\/uploads\/2020\/09\/2B3A0328.-tris-COPIA-747X415.jpg 1169w, https:\/\/www.bottene.it\/wp-content\/uploads\/2020\/09\/2B3A0328.-tris-COPIA-747X415-400x142.jpg 400w, https:\/\/www.bottene.it\/wp-content\/uploads\/2020\/09\/2B3A0328.-tris-COPIA-747X415-1024x364.jpg 1024w, https:\/\/www.bottene.it\/wp-content\/uploads\/2020\/09\/2B3A0328.-tris-COPIA-747X415-300x107.jpg 300w\" sizes=\"(max-width: 1169px) 100vw, 1169px\" \/><\/a><\/p>\n<p><strong>PUSH 250<\/strong><\/p>\n<p>Tronzadora Optimizadora con sistema a empujador, versatil, r\u00e1pida y precisa.<\/p>\n<p>El posicionamiento mediante cremallera de precisi\u00f3n asegura una alta velocidad, precisi\u00f3n y mantenimiento de las prestaciones de por vida, sin ning\u00fan deterioro y ninguna manutenci\u00f3n.<\/p>\n<\/div>\n                \n                \n                                <p><a class=\"wk-button\" href=\"https:\/\/www.bottene.it\/es\/tronzadora-optimizadora-push-180\/\">Leer m\u00e1s<\/a><\/p>\n                \n            <\/div>\n        <\/div>\n        \n    <\/div>\n\n    <hr class=\"wk-grid-divider \">\n\n    \n    <div class=\"wk-grid wk-text-left wk-flex-middle\" data-wk-grid-match data-wk-margin=\"{cls:'wk-margin-top'}\">\n\n        \n                <div class=\"wk-width-1-1 wk-invisible\"  data-wk-scrollspy-cls=\"wk-animation-slide-right wk-invisible\">\n            <div class=\"wk-panel wk-width-1-1\">\n\n                \n                                <h3 class=\"wk-h3\">\n\n                                            <a class=\"wk-link-reset\" href=\"https:\/\/www.bottene.it\/es\/tronzadora-giratoria-push-180r\/\">Tronzadora Giratoria PUSH 250R<\/a>\n                    \n                    \n                <\/h3>\n                \n                                <div class=\"wk-margin\"><p>&nbsp;<\/p>\n<p><a href=\"https:\/\/www.bottene.it\/wp-content\/uploads\/2015\/11\/Push_250R_009-ritaglio.jpg\"><img loading=\"lazy\" decoding=\"async\" class=\"alignnone size-full wp-image-9645\" src=\"https:\/\/www.bottene.it\/wp-content\/uploads\/2015\/11\/Push_250R_009-ritaglio.jpg\" alt=\"\" width=\"1585\" height=\"1230\" srcset=\"https:\/\/www.bottene.it\/wp-content\/uploads\/2015\/11\/Push_250R_009-ritaglio.jpg 1585w, https:\/\/www.bottene.it\/wp-content\/uploads\/2015\/11\/Push_250R_009-ritaglio-387x300.jpg 387w, https:\/\/www.bottene.it\/wp-content\/uploads\/2015\/11\/Push_250R_009-ritaglio-1024x795.jpg 1024w, https:\/\/www.bottene.it\/wp-content\/uploads\/2015\/11\/Push_250R_009-ritaglio-300x233.jpg 300w, https:\/\/www.bottene.it\/wp-content\/uploads\/2015\/11\/Push_250R_009-ritaglio-1536x1192.jpg 1536w\" sizes=\"(max-width: 1585px) 100vw, 1585px\" \/><\/a><\/p>\n<p><strong>PUSH 250 R<\/strong><\/p>\n<p>PUSH 250R, mantiene las mismas caracter\u00edsticas y prestaciones de los otros modelos con sistema a empujador, permitiendo la posibiidad de efetuar cortes inclinados +\/-65\u00ba.<\/p>\n<p><a href=\"https:\/\/www.bottene.it\/wp-content\/uploads\/2020\/10\/20170125_113048.jpg-RIDIMENSIONATA-747X415.jpg\"><img loading=\"lazy\" decoding=\"async\" class=\"alignnone size-full wp-image-9693\" src=\"https:\/\/www.bottene.it\/wp-content\/uploads\/2020\/10\/20170125_113048.jpg-RIDIMENSIONATA-747X415.jpg\" alt=\"\" width=\"553\" height=\"415\" srcset=\"https:\/\/www.bottene.it\/wp-content\/uploads\/2020\/10\/20170125_113048.jpg-RIDIMENSIONATA-747X415.jpg 553w, https:\/\/www.bottene.it\/wp-content\/uploads\/2020\/10\/20170125_113048.jpg-RIDIMENSIONATA-747X415-400x300.jpg 400w, https:\/\/www.bottene.it\/wp-content\/uploads\/2020\/10\/20170125_113048.jpg-RIDIMENSIONATA-747X415-300x225.jpg 300w\" sizes=\"(max-width: 553px) 100vw, 553px\" \/><\/a><\/p>\n<\/div>\n                \n                \n                                <p><a class=\"wk-button\" href=\"https:\/\/www.bottene.it\/es\/tronzadora-giratoria-push-180r\/\">Leer m\u00e1s<\/a><\/p>\n                \n            <\/div>\n        <\/div>\n        \n    <\/div>\n\n    <hr class=\"wk-grid-divider \">\n\n    \n    <div class=\"wk-grid wk-text-left wk-flex-middle\" data-wk-grid-match data-wk-margin=\"{cls:'wk-margin-top'}\">\n\n        \n                <div class=\"wk-width-1-1 wk-invisible\"  data-wk-scrollspy-cls=\"wk-animation-slide-left wk-invisible\">\n            <div class=\"wk-panel wk-width-1-1\">\n\n                \n                                <h3 class=\"wk-h3\">\n\n                                            <a class=\"wk-link-reset\" href=\"https:\/\/www.bottene.it\/es\/tronzadora-a-paquete-push-1200\/\">Tronzadora a paquete PUSH 1200<\/a>\n                    \n                    \n                <\/h3>\n                \n                                <div class=\"wk-margin\"><p><a href=\"https:\/\/www.bottene.it\/wp-content\/uploads\/2015\/11\/MG_4041-1.jpg\" rel=\"attachment wp-att-1084\"><img loading=\"lazy\" decoding=\"async\" class=\"wp-image-1084 size-large alignnone\" src=\"https:\/\/www.bottene.it\/wp-content\/uploads\/2015\/11\/MG_4041-1-1024x683.jpg\" alt=\"_MG_4041\" width=\"1024\" height=\"683\" \/><\/a><\/p>\n<p><strong>TRONZADORA A PAQUETE PUSH 1200<\/strong><\/p>\n<p>La PUSH 1200 es una l\u00ednea de tronzado completamente autom\u00e1tica utilizada principalmente por productores de palet o semilaborados para producci\u00f3n de tablas y tablillas con capacidad productiva de hasta 200mts3 por turno..<\/p>\n<\/div>\n                \n                \n                                <p><a class=\"wk-button\" href=\"https:\/\/www.bottene.it\/es\/tronzadora-a-paquete-push-1200\/\">Leer m\u00e1s<\/a><\/p>\n                \n            <\/div>\n        <\/div>\n        \n    <\/div>\n\n    \n\n<\/div>\n\n","protected":false},"excerpt":{"rendered":"","protected":false},"author":1,"featured_media":0,"parent":2058,"menu_order":0,"comment_status":"closed","ping_status":"closed","template":"","meta":{"footnotes":"","_wp_rev_ctl_limit":""},"class_list":["post-2075","page","type-page","status-publish","hentry"],"_links":{"self":[{"href":"https:\/\/www.bottene.it\/es\/wp-json\/wp\/v2\/pages\/2075","targetHints":{"allow":["GET"]}}],"collection":[{"href":"https:\/\/www.bottene.it\/es\/wp-json\/wp\/v2\/pages"}],"about":[{"href":"https:\/\/www.bottene.it\/es\/wp-json\/wp\/v2\/types\/page"}],"author":[{"embeddable":true,"href":"https:\/\/www.bottene.it\/es\/wp-json\/wp\/v2\/users\/1"}],"replies":[{"embeddable":true,"href":"https:\/\/www.bottene.it\/es\/wp-json\/wp\/v2\/comments?post=2075"}],"version-history":[{"count":0,"href":"https:\/\/www.bottene.it\/es\/wp-json\/wp\/v2\/pages\/2075\/revisions"}],"up":[{"embeddable":true,"href":"https:\/\/www.bottene.it\/es\/wp-json\/wp\/v2\/pages\/2058"}],"wp:attachment":[{"href":"https:\/\/www.bottene.it\/es\/wp-json\/wp\/v2\/media?parent=2075"}],"curies":[{"name":"wp","href":"https:\/\/api.w.org\/{rel}","templated":true}]}}