{"id":2066,"date":"2016-01-13T16:00:24","date_gmt":"2016-01-13T16:00:24","guid":{"rendered":"http:\/\/www.evisoletest.com\/bottene\/es\/?page_id=2066"},"modified":"2016-01-14T15:22:54","modified_gmt":"2016-01-14T15:22:54","slug":"tronzadoras-en-continuo","status":"publish","type":"page","link":"https:\/\/www.bottene.it\/es\/tronzadoras\/tronzadoras-en-continuo\/","title":{"rendered":"Tronzadoras en cont\u00ednuo"},"content":{"rendered":"\n<div  data-wk-scrollspy=\"{target:'> div > [data-wk-scrollspy-cls]', delay:300}\">\n\n\n    \n    <div class=\"wk-grid wk-text-left wk-flex-middle\" data-wk-grid-match data-wk-margin=\"{cls:'wk-margin-top'}\">\n\n        \n                <div class=\"wk-width-1-1 wk-invisible\"  data-wk-scrollspy-cls=\"wk-animation-slide-right wk-invisible\">\n            <div class=\"wk-panel wk-width-1-1\">\n\n                \n                                <h3 class=\"wk-h3\">\n\n                                            <a class=\"wk-link-reset\" href=\"https:\/\/www.bottene.it\/es\/tronzadora-optimizadora-opti-599\/\">Tronzadora optimizadora OPTI 599<\/a>\n                    \n                    \n                <\/h3>\n                \n                                <div class=\"wk-margin\"><p><a href=\"https:\/\/www.bottene.it\/wp-content\/uploads\/2021\/02\/Opti_599x2_004-ritaglio.jpg\"><img loading=\"lazy\" decoding=\"async\" class=\"alignnone size-full wp-image-10652\" src=\"https:\/\/www.bottene.it\/wp-content\/uploads\/2021\/02\/Opti_599x2_004-ritaglio.jpg\" alt=\"\" width=\"1184\" height=\"627\" srcset=\"https:\/\/www.bottene.it\/wp-content\/uploads\/2021\/02\/Opti_599x2_004-ritaglio.jpg 1184w, https:\/\/www.bottene.it\/wp-content\/uploads\/2021\/02\/Opti_599x2_004-ritaglio-400x212.jpg 400w, https:\/\/www.bottene.it\/wp-content\/uploads\/2021\/02\/Opti_599x2_004-ritaglio-1024x542.jpg 1024w, https:\/\/www.bottene.it\/wp-content\/uploads\/2021\/02\/Opti_599x2_004-ritaglio-300x159.jpg 300w\" sizes=\"(max-width: 1184px) 100vw, 1184px\" \/><\/a><\/p>\n<p><em><span style=\"line-height: 12pt;\">Instalaci\u00f3n de alta productividad con esc\u00e1ner <a href=\"https:\/\/www.bottene.it\/es\/merlin-qx-scanner-alta-velocidad\/\">MERLIN Q<\/a> y dos tronzadoras OPTI 599<\/span><\/em><\/p>\n<p><strong><em><span style=\"line-height: 12pt;\">OPTI 599<\/span><\/em><\/strong><\/p>\n<p>La OPTI 599 es una tronzadora de altas prestaciones que puede aumentar vuestra productividad hasta el 30% respecto a tronzadoras tradicionales. Proyectada para ser utilizada en l\u00edneas de alta producci\u00f3n para un trabajo pesado y continuado dispone de un sistema de avance mediante rodillos dentados helicoidales en acero templado combinado con un potente motor Brushless que aseguran una velocidad de avance de 260 mts\/1&#8242;.<\/p>\n<\/div>\n                \n                \n                                <p><a class=\"wk-button\" href=\"https:\/\/www.bottene.it\/es\/tronzadora-optimizadora-opti-599\/\">Leer m\u00e1s<\/a><\/p>\n                \n            <\/div>\n        <\/div>\n        \n    <\/div>\n\n    <hr class=\"wk-grid-divider \">\n\n    \n    <div class=\"wk-grid wk-text-left wk-flex-middle\" data-wk-grid-match data-wk-margin=\"{cls:'wk-margin-top'}\">\n\n        \n                <div class=\"wk-width-1-1 wk-invisible\"  data-wk-scrollspy-cls=\"wk-animation-slide-left wk-invisible\">\n            <div class=\"wk-panel wk-width-1-1\">\n\n                \n                                <h3 class=\"wk-h3\">\n\n                                            <a class=\"wk-link-reset\" href=\"https:\/\/www.bottene.it\/es\/tronzadora-para-serreria-optimax\/\">Tronzadora para serrer\u00eda OPTIMAX<\/a>\n                    \n                    \n                <\/h3>\n                \n                                <div class=\"wk-margin\"><p><img loading=\"lazy\" decoding=\"async\" class=\"alignnone size-full wp-image-174\" src=\"https:\/\/www.bottene.it\/wp-content\/uploads\/2015\/11\/troncatrici_rulli_optimax_00.jpg\" alt=\"troncatrici_rulli_optimax_00\" width=\"900\" height=\"300\" \/><\/p>\n<p><strong>OPTIMAX<\/strong><\/p>\n<p>Tronzadora autom\u00e1tica utilizada en serrer\u00eda para el tronzado de tablas de gruesas dimensiones incluso no canteadas.<\/p>\n<p>Por su velocidad (200mts\/1&#8242;) y capacidad de corte (150x800mm) es utilizada en l\u00ednea con sierra-troncos y sierras m\u00faltiples detectando autom\u00e1ticamente la longitud y el espesor de las tablas, optimiz\u00e1ndolas.<\/p>\n<\/div>\n                \n                \n                                <p><a class=\"wk-button\" href=\"https:\/\/www.bottene.it\/es\/tronzadora-para-serreria-optimax\/\">Leer m\u00e1s<\/a><\/p>\n                \n            <\/div>\n        <\/div>\n        \n    <\/div>\n\n    <hr class=\"wk-grid-divider \">\n\n    \n    <div class=\"wk-grid wk-text-left wk-flex-middle\" data-wk-grid-match data-wk-margin=\"{cls:'wk-margin-top'}\">\n\n        \n                <div class=\"wk-width-1-1 wk-invisible\"  data-wk-scrollspy-cls=\"wk-animation-slide-right wk-invisible\">\n            <div class=\"wk-panel wk-width-1-1\">\n\n                \n                                <h3 class=\"wk-h3\">\n\n                                            <a class=\"wk-link-reset\" href=\"https:\/\/www.bottene.it\/es\/troncatrice-ottimizzatrice-optimax-600\/\">TRONZADORA OPTIMIZADORA OPTIMAX 600<\/a>\n                    \n                    \n                <\/h3>\n                \n                                <div class=\"wk-margin\"><p><a href=\"https:\/\/www.bottene.it\/wp-content\/uploads\/2020\/10\/Optimax_600_001-RITAGLIO-PROVA-747X415.jpg\"><img loading=\"lazy\" decoding=\"async\" class=\"alignnone size-full wp-image-9932\" src=\"https:\/\/www.bottene.it\/wp-content\/uploads\/2020\/10\/Optimax_600_001-RITAGLIO-PROVA-747X415.jpg\" alt=\"\" width=\"747\" height=\"418\" srcset=\"https:\/\/www.bottene.it\/wp-content\/uploads\/2020\/10\/Optimax_600_001-RITAGLIO-PROVA-747X415.jpg 747w, https:\/\/www.bottene.it\/wp-content\/uploads\/2020\/10\/Optimax_600_001-RITAGLIO-PROVA-747X415-400x224.jpg 400w, https:\/\/www.bottene.it\/wp-content\/uploads\/2020\/10\/Optimax_600_001-RITAGLIO-PROVA-747X415-300x168.jpg 300w\" sizes=\"(max-width: 747px) 100vw, 747px\" \/><\/a><br \/>\n<strong>OPTIMAX 600<\/strong><\/p>\n<p>Potente Tronzadora optimizadora para tronzar tablas de tama\u00f1o medio. Por su velocidad (260mt.\/1 \u2032) y capacidad de corte (100x0350mm.) es utilizada por fabricantes de cajas de embalaje o en l\u00ednea con sierras y sierra m\u00faltiple.<\/p>\n<\/div>\n                \n                \n                                <p><a class=\"wk-button\" href=\"https:\/\/www.bottene.it\/es\/troncatrice-ottimizzatrice-optimax-600\/\">Leer m\u00e1s<\/a><\/p>\n                \n            <\/div>\n        <\/div>\n        \n    <\/div>\n\n    \n\n<\/div>\n\n","protected":false},"excerpt":{"rendered":"","protected":false},"author":1,"featured_media":0,"parent":2058,"menu_order":0,"comment_status":"closed","ping_status":"closed","template":"","meta":{"footnotes":"","_wp_rev_ctl_limit":""},"class_list":["post-2066","page","type-page","status-publish","hentry"],"_links":{"self":[{"href":"https:\/\/www.bottene.it\/es\/wp-json\/wp\/v2\/pages\/2066","targetHints":{"allow":["GET"]}}],"collection":[{"href":"https:\/\/www.bottene.it\/es\/wp-json\/wp\/v2\/pages"}],"about":[{"href":"https:\/\/www.bottene.it\/es\/wp-json\/wp\/v2\/types\/page"}],"author":[{"embeddable":true,"href":"https:\/\/www.bottene.it\/es\/wp-json\/wp\/v2\/users\/1"}],"replies":[{"embeddable":true,"href":"https:\/\/www.bottene.it\/es\/wp-json\/wp\/v2\/comments?post=2066"}],"version-history":[{"count":0,"href":"https:\/\/www.bottene.it\/es\/wp-json\/wp\/v2\/pages\/2066\/revisions"}],"up":[{"embeddable":true,"href":"https:\/\/www.bottene.it\/es\/wp-json\/wp\/v2\/pages\/2058"}],"wp:attachment":[{"href":"https:\/\/www.bottene.it\/es\/wp-json\/wp\/v2\/media?parent=2066"}],"curies":[{"name":"wp","href":"https:\/\/api.w.org\/{rel}","templated":true}]}}